{"id":175880,"date":"2025-10-15T00:07:26","date_gmt":"2025-10-15T00:07:26","guid":{"rendered":"https:\/\/www.otiumhome.fi\/?p=175880"},"modified":"2025-12-14T04:43:28","modified_gmt":"2025-12-14T04:43:28","slug":"baarijakkara-valkoinen-keinonahka","status":"publish","type":"product","link":"https:\/\/www.otiumhome.fi\/index.php\/tuote\/baarijakkara-valkoinen-keinonahka\/","title":{"rendered":"Baarijakkara valkoinen keinonahka"},"content":{"rendered":"<p>Elegantisti ja ajattomasti muotoiltu trendik\u00e4s baarijakkara sopii mihin tahansa tilaan, kuten kotiin, baariin, kahvilaan ja moneen muuhun paikkaan.<\/p>\n<\/p>\n<p>Baarituoli on verhoiltu helposti puhdistettavalla keinonahalla optimaalisen istumamukavuuden takaamiseksi. Kromipinnoitettu ter\u00e4sjalusta on eritt\u00e4in tukeva. Kaasunostomekanismin ansiosta baarijakkara on korkeuss\u00e4\u00e4dett\u00e4viss\u00e4 ja t\u00e4ydellinen lis\u00e4 jokaiseen toimivaan baariin tai ruokailutilaan. Se k\u00e4\u00e4ntyy 360 astetta mahtavan joustavuuden takaamiseksi.<\/p>\n<ul>\n<li>V\u00e4ri: Valkoinen<\/li>\n<li>Materiaali: Keinonahka (60 % PU, 30 % polyesteri, 10 % puuvilla), kromattu ter\u00e4s<\/li>\n<li>Mitat: 45,5 x 45 x (61 &#8211; 76) cm (L x S x K)<\/li>\n<li>Pohjan halkaisija: 38,5 cm<\/li>\n<li>360 asteen kierto<\/li>\n<li>Sis\u00e4lt\u00e4\u00e4 kaasunostinmekanismin<\/li>\n<li>Korkeus s\u00e4\u00e4dett\u00e4viss\u00e4: kyll\u00e4<\/li>\n<li>Asennus vaaditaan: Kyll\u00e4<\/li>\n<\/ul>\n","protected":false},"excerpt":{"rendered":"<ul>\n<li>V\u00e4ri: Valkoinen<\/li>\n<li>Materiaali: Keinonahka (60 % PU, 30 % polyesteri, 10 % puuvilla), kromattu ter\u00e4s<\/li>\n<li>Mitat: 45,5 x 45 x (61 &#8211; 76) cm (L x S x K)<\/li>\n<li>Pohjan halkaisija: 38,5 cm<\/li>\n<li>360 asteen kierto<\/li>\n<li>Sis\u00e4lt\u00e4\u00e4 kaasunostinmekanismin<\/li>\n<li>Korkeus s\u00e4\u00e4dett\u00e4viss\u00e4: kyll\u00e4<\/li>\n<li>Asennus vaaditaan: Kyll\u00e4<\/li>\n<\/ul>\n","protected":false},"featured_media":100000175880,"comment_status":"closed","ping_status":"closed","template":"","meta":[],"product_brand":[],"product_cat":[8536,84],"product_tag":[],"class_list":{"0":"post-175880","1":"product","2":"type-product","3":"status-publish","4":"has-post-thumbnail","6":"product_cat-baarijakkarat","7":"product_cat-huonekalut","9":"first","10":"instock","11":"taxable","12":"shipping-taxable","13":"purchasable","14":"product-type-simple"},"_links":{"self":[{"href":"https:\/\/www.otiumhome.fi\/index.php\/wp-json\/wp\/v2\/product\/175880","targetHints":{"allow":["GET"]}}],"collection":[{"href":"https:\/\/www.otiumhome.fi\/index.php\/wp-json\/wp\/v2\/product"}],"about":[{"href":"https:\/\/www.otiumhome.fi\/index.php\/wp-json\/wp\/v2\/types\/product"}],"replies":[{"embeddable":true,"href":"https:\/\/www.otiumhome.fi\/index.php\/wp-json\/wp\/v2\/comments?post=175880"}],"wp:featuredmedia":[{"embeddable":true,"href":"https:\/\/www.otiumhome.fi\/index.php\/wp-json\/"}],"wp:attachment":[{"href":"https:\/\/www.otiumhome.fi\/index.php\/wp-json\/wp\/v2\/media?parent=175880"}],"wp:term":[{"taxonomy":"product_brand","embeddable":true,"href":"https:\/\/www.otiumhome.fi\/index.php\/wp-json\/wp\/v2\/product_brand?post=175880"},{"taxonomy":"product_cat","embeddable":true,"href":"https:\/\/www.otiumhome.fi\/index.php\/wp-json\/wp\/v2\/product_cat?post=175880"},{"taxonomy":"product_tag","embeddable":true,"href":"https:\/\/www.otiumhome.fi\/index.php\/wp-json\/wp\/v2\/product_tag?post=175880"}],"curies":[{"name":"wp","href":"https:\/\/api.w.org\/{rel}","templated":true}]}}