{"id":175875,"date":"2025-10-15T00:06:42","date_gmt":"2025-10-15T00:06:42","guid":{"rendered":"https:\/\/www.otiumhome.fi\/?p=175875"},"modified":"2025-10-15T10:57:16","modified_gmt":"2025-10-15T10:57:16","slug":"sivupoyta-pyorilla-40x40x42-cm-kierratetty-tayspuu","status":"publish","type":"product","link":"https:\/\/www.otiumhome.fi\/index.php\/tuote\/sivupoyta-pyorilla-40x40x42-cm-kierratetty-tayspuu\/","title":{"rendered":"Sivup\u00f6yt\u00e4 py\u00f6rill\u00e4 40x40x42 cm kierr\u00e4tetty t\u00e4yspuu"},"content":{"rendered":"<p>T\u00e4m\u00e4 klassinen kaunis puinen sivup\u00f6yt\u00e4 tuo hieman maalaistalon tyyli\u00e4 olohuoneeseesi.<\/p>\n<\/p>\n<ul>\n<li>Ensiluokkainen materiaali: Kierr\u00e4tetty t\u00e4yspuu sis\u00e4lt\u00e4\u00e4 sekoituksen eri puulajeja, kuten tiikki\u00e4, mangopuuta, m\u00e4nty\u00e4 ja py\u00f6kki\u00e4. N\u00e4m\u00e4 materiaalit on ker\u00e4tty vanhoista rakennuksista, tehtaista, vajoista ja veneist\u00e4. T\u00e4m\u00e4 tapa on erinomainen ymp\u00e4rist\u00f6yst\u00e4v\u00e4llinen vaihtoehto huonekalujen valmistamiseen. Koska jokainen tuote on k\u00e4sintehty, ainutlaatuiset v\u00e4rit vaihtelevat tuotteesta toiseen. Voit n\u00e4hd\u00e4 v\u00e4rej\u00e4, kuten sininen, vihre\u00e4 ja joskus oranssi, punainen tai pinkki.<\/li>\n<li>Runsaasti s\u00e4ilytystilaa: T\u00e4m\u00e4 pullohylly tarjoaa runsaasti tilaa kirjojen, lehtien, tai pikkutavaroiden sijoittamiseen, jotka haluat pit\u00e4\u00e4 ulottuvillasi.<\/li>\n<li>Helppo siirt\u00e4\u00e4: Nelj\u00e4n py\u00f6r\u00e4n ansiosta t\u00e4t\u00e4 koristep\u00f6yt\u00e4\u00e4 voidaan siirt\u00e4\u00e4 helposti.<\/li>\n<li>Klassinen koriste: T\u00e4m\u00e4 TV-taso on tyylik\u00e4s ja se voi olla vieh\u00e4tt\u00e4v\u00e4 sisustuselementti huoneeseesi.<\/li>\n<\/ul>\n<p>Huomioi:<\/p>\n<ul>\n<li>V\u00e4rit saattavat vaihdella kappaleesta toiseen, tehden jokaisesta kappaleesta ainutlaatuisen ja hieman erilaisen kuin muut. Toimitus on satunnainen, joka takaa tuotteesi ainutlaatuisuuden ja yksil\u00f6llisyyden.<\/li>\n<\/ul>\n<ul>\n<li>Materiaali: kierr\u00e4tetty puu ja ter\u00e4s<\/li>\n<li>Mitat: 40 x 40 x 42 cm (P x L x K)<\/li>\n<li>Nelj\u00e4 py\u00f6r\u00e4\u00e4<\/li>\n<li>Kokoonpano vaaditaan: Ei<\/li>\n<\/ul>\n","protected":false},"excerpt":{"rendered":"<ul>\n<li>Materiaali: kierr\u00e4tetty puu ja ter\u00e4s<\/li>\n<li>Mitat: 40 x 40 x 42 cm (P x L x K)<\/li>\n<li>Nelj\u00e4 py\u00f6r\u00e4\u00e4<\/li>\n<li>Kokoonpano vaaditaan: Ei<\/li>\n<\/ul>\n","protected":false},"featured_media":100000175875,"comment_status":"closed","ping_status":"closed","template":"","meta":[],"product_brand":[],"product_cat":[8534,84,8533],"product_tag":[],"class_list":{"0":"post-175875","1":"product","2":"type-product","3":"status-publish","4":"has-post-thumbnail","6":"product_cat-apupoydat","7":"product_cat-huonekalut","8":"product_cat-sivupoydat","10":"first","11":"instock","12":"taxable","13":"shipping-taxable","14":"purchasable","15":"product-type-simple"},"_links":{"self":[{"href":"https:\/\/www.otiumhome.fi\/index.php\/wp-json\/wp\/v2\/product\/175875","targetHints":{"allow":["GET"]}}],"collection":[{"href":"https:\/\/www.otiumhome.fi\/index.php\/wp-json\/wp\/v2\/product"}],"about":[{"href":"https:\/\/www.otiumhome.fi\/index.php\/wp-json\/wp\/v2\/types\/product"}],"replies":[{"embeddable":true,"href":"https:\/\/www.otiumhome.fi\/index.php\/wp-json\/wp\/v2\/comments?post=175875"}],"wp:featuredmedia":[{"embeddable":true,"href":"https:\/\/www.otiumhome.fi\/index.php\/wp-json\/"}],"wp:attachment":[{"href":"https:\/\/www.otiumhome.fi\/index.php\/wp-json\/wp\/v2\/media?parent=175875"}],"wp:term":[{"taxonomy":"product_brand","embeddable":true,"href":"https:\/\/www.otiumhome.fi\/index.php\/wp-json\/wp\/v2\/product_brand?post=175875"},{"taxonomy":"product_cat","embeddable":true,"href":"https:\/\/www.otiumhome.fi\/index.php\/wp-json\/wp\/v2\/product_cat?post=175875"},{"taxonomy":"product_tag","embeddable":true,"href":"https:\/\/www.otiumhome.fi\/index.php\/wp-json\/wp\/v2\/product_tag?post=175875"}],"curies":[{"name":"wp","href":"https:\/\/api.w.org\/{rel}","templated":true}]}}