{"id":175715,"date":"2025-10-09T23:48:26","date_gmt":"2025-10-09T23:48:26","guid":{"rendered":"https:\/\/www.otiumhome.fi\/?p=175715"},"modified":"2025-12-14T05:47:39","modified_gmt":"2025-12-14T05:47:39","slug":"baariryhma-7-osaa-kiintea-akaasia-ja-kierratyspuu","status":"publish","type":"product","link":"https:\/\/www.otiumhome.fi\/index.php\/tuote\/baariryhma-7-osaa-kiintea-akaasia-ja-kierratyspuu\/","title":{"rendered":"Baariryhm\u00e4 7 osaa kiinte\u00e4 akaasia- ja kierr\u00e4tyspuu"},"content":{"rendered":"<p>Baariryhm\u00e4n tyyli on teollinen ja se on ainutlaatuinen lis\u00e4 mihin tahansa kotiin, baariin tai ravintolaan.<\/p>\n<\/p>\n<p>Baarip\u00f6yt\u00e4 on valmistettu t\u00e4ydest\u00e4 akaasiapuusta, joka on kest\u00e4v\u00e4, vakaa ja helppo puhdistaa. Se on t\u00e4ysin k\u00e4sin valmistettu ja sen kauniit pintakuviot tekev\u00e4t jokaisesta kappaleesta ainutlaatuisen ja hieman erilaisen muista. Vahvat ter\u00e4sjalat tekev\u00e4t baarip\u00f6yd\u00e4st\u00e4 eritt\u00e4in vakaan ja kest\u00e4v\u00e4n korostaen samalla sen upeaa teollista tyyli\u00e4.<\/p>\n<\/p>\n<p>Baarijakkarat on valmistettu t\u00e4ydest\u00e4 kierr\u00e4tetyst\u00e4 puusta, mik\u00e4 tarkoittaa, ett\u00e4 niiss\u00e4 on yhdistetty eri puiden, kuten seesamin, tiikin, mangopuun, seesamin jne. ominaisuuksia. Kierr\u00e4tetty puu on tukeva, vakaa, kest\u00e4v\u00e4 ja kaunis materiaali. Kulumisen j\u00e4ljet antavat jokaiselle kappaleelle ainutlaatuisen ulkon\u00e4\u00f6n ja ter\u00e4sjalat korostavat niiden upeaa teollista tyyli\u00e4. Jokainen ty\u00f6vaihe on toteutettu erityisen huolellisesti, oli se sitten uudelleen kasaus, kiillotus, maalaus tai lakkaus.<\/p>\n<\/p>\n<p>Toimitus sis\u00e4lt\u00e4\u00e4 1 baarip\u00f6yd\u00e4n ja 6 baarijakkaraa. Kokoaminen on helppoa. T\u00e4rke\u00e4 huomio: puun v\u00e4rit ja pintakuviot saattavat vaihdella kappaleesta toiseen, mik\u00e4 tekee jokaisesta kappaleesta ainutlaatuisen ja hieman erilaisen muista; toimitus on satunnainen.<\/p>\n<ul>\n<li><strong>Baarip\u00f6yt\u00e4:<\/strong><\/li>\n<li>Materiaali: Kiinte\u00e4 akaasiapuu ja ter\u00e4s<\/li>\n<li>Mitat: 150 x 70 x 107 cm (P x L x K)<\/li>\n<li>Hiottu ja lakattu<\/li>\n<li><strong>Baarijakkarat:<\/strong><\/li>\n<li>Materiaali: kierr\u00e4tetty puu ja ter\u00e4s<\/li>\n<li>Mitat: 30 x 76 cm (halkaisija x K)<\/li>\n<li>Hiottu, maalattu ja lakattu<\/li>\n<li>Toimitus sis\u00e4lt\u00e4\u00e4 1 baarip\u00f6yd\u00e4n ja 6 baarijakkaraa.<\/li>\n<li>Helppo koota<\/li>\n<\/ul>\n","protected":false},"excerpt":{"rendered":"<ul>\n<li><strong>Baarip\u00f6yt\u00e4:<\/strong><\/li>\n<li>Materiaali: Kiinte\u00e4 akaasiapuu ja ter\u00e4s<\/li>\n<li>Mitat: 150 x 70 x 107 cm (P x L x K)<\/li>\n<li>Hiottu ja lakattu<\/li>\n<li><strong>Baarijakkarat:<\/strong><\/li>\n<li>Materiaali: kierr\u00e4tetty puu ja ter\u00e4s<\/li>\n<li>Mitat: 30 x 76 cm (halkaisija x K)<\/li>\n<li>Hiottu, maalattu ja lakattu<\/li>\n<li>Toimitus sis\u00e4lt\u00e4\u00e4 1 baarip\u00f6yd\u00e4n ja 6 baarijakkaraa.<\/li>\n<li>Helppo koota<\/li>\n<\/ul>\n","protected":false},"featured_media":100000175715,"comment_status":"closed","ping_status":"closed","template":"","meta":[],"product_brand":[],"product_cat":[84,8545],"product_tag":[],"class_list":{"0":"post-175715","1":"product","2":"type-product","3":"status-publish","4":"has-post-thumbnail","6":"product_cat-huonekalut","7":"product_cat-keittion-ruokasalin-kalusteet","9":"first","10":"instock","11":"taxable","12":"shipping-taxable","13":"purchasable","14":"product-type-simple"},"_links":{"self":[{"href":"https:\/\/www.otiumhome.fi\/index.php\/wp-json\/wp\/v2\/product\/175715","targetHints":{"allow":["GET"]}}],"collection":[{"href":"https:\/\/www.otiumhome.fi\/index.php\/wp-json\/wp\/v2\/product"}],"about":[{"href":"https:\/\/www.otiumhome.fi\/index.php\/wp-json\/wp\/v2\/types\/product"}],"replies":[{"embeddable":true,"href":"https:\/\/www.otiumhome.fi\/index.php\/wp-json\/wp\/v2\/comments?post=175715"}],"wp:featuredmedia":[{"embeddable":true,"href":"https:\/\/www.otiumhome.fi\/index.php\/wp-json\/"}],"wp:attachment":[{"href":"https:\/\/www.otiumhome.fi\/index.php\/wp-json\/wp\/v2\/media?parent=175715"}],"wp:term":[{"taxonomy":"product_brand","embeddable":true,"href":"https:\/\/www.otiumhome.fi\/index.php\/wp-json\/wp\/v2\/product_brand?post=175715"},{"taxonomy":"product_cat","embeddable":true,"href":"https:\/\/www.otiumhome.fi\/index.php\/wp-json\/wp\/v2\/product_cat?post=175715"},{"taxonomy":"product_tag","embeddable":true,"href":"https:\/\/www.otiumhome.fi\/index.php\/wp-json\/wp\/v2\/product_tag?post=175715"}],"curies":[{"name":"wp","href":"https:\/\/api.w.org\/{rel}","templated":true}]}}