{"id":175568,"date":"2025-10-05T02:35:18","date_gmt":"2025-10-05T02:35:18","guid":{"rendered":"https:\/\/www.otiumhome.fi\/?p=175568"},"modified":"2025-12-14T12:39:42","modified_gmt":"2025-12-14T12:39:42","slug":"sohvasanky-ja-penkkisarja-katoksella-valkoinen-80x200-cm-manty","status":"publish","type":"product","link":"https:\/\/www.otiumhome.fi\/index.php\/tuote\/sohvasanky-ja-penkkisarja-katoksella-valkoinen-80x200-cm-manty\/","title":{"rendered":"Sohvas\u00e4nky ja penkkisarja katoksella valkoinen 80&#215;200 cm m\u00e4nty"},"content":{"rendered":"<p>T\u00e4t\u00e4 monipuolista puista sohvas\u00e4nky ja penkkisarjaa voidaan k\u00e4ytt\u00e4\u00e4 s\u00e4nkyn\u00e4 makuuhuoneessasi ja se ihanteellinen my\u00f6s olohuoneesi sohvaksi. Se sopii eri tarpeisiisi t\u00e4ydellisesti, tarjoten sinulle reilusti tilaa nukkumiseen ja lep\u00e4\u00e4miseen.<\/p>\n<\/p>\n<ul>\n<li>T\u00e4ysi m\u00e4nty: T\u00e4ysi m\u00e4ntypuu on kaunis luonnollinen materiaali. M\u00e4nnyll\u00e4 on suorat puunsyyt ja sen oksanpaikat antavat materiaalille sen ominaisen rustiikkisen ilmeen.<\/li>\n<li>3-puoliset s\u00e4ngynkaiteet: T\u00e4ss\u00e4 sohvas\u00e4ngyss\u00e4 on ainutlaatuinen suunnittelu vuoteen reunoilla, se tarjoaa turvallisuuden tunteen ja lis\u00e4\u00e4 samalla hieman hienostunutta tyyli\u00e4 kotiisi.<\/li>\n<li>S\u00e4lerakenne: Puinen s\u00e4lepohja mahdollistaa paremman ilmankierron, joka pit\u00e4\u00e4 patjan raikkaampana pidemp\u00e4\u00e4n, parantaa s\u00e4ngyn painonkantokyky\u00e4 ja varmistaa vakauden.<\/li>\n<li>Ylim\u00e4\u00e4r\u00e4inen s\u00e4ilytystila: Ota kaikki irti s\u00e4ngyn alla olevasta tilasta erilaisten tavaroiden s\u00e4ilytt\u00e4misess\u00e4. T\u00e4ydellinen laatikoiden s\u00e4ilytt\u00e4miseen, joissa voit pit\u00e4\u00e4 vaatteita, leluja tai peittoja.<\/li>\n<li>K\u00e4yt\u00e4nn\u00f6llinen selk\u00e4noja: Penkin selk\u00e4nojan ansiosta voit rentouttaa vartaloasi mukavasti.<\/li>\n<\/ul>\n<p>Hyv\u00e4 tiet\u00e4\u00e4:<\/p>\n<ul>\n<li>Patja ei sis\u00e4lly t\u00e4h\u00e4n s\u00e4nkyyn. Tarjoamme monipuolisen valikoiman patjoja, jotka l\u00f6yd\u00e4t tarkistamalla myym\u00e4l\u00e4mme valikoiman.<\/li>\n<\/ul>\n<ul>\n<li>Asennus vaaditaan: Kyll\u00e4<\/li>\n<li><strong>P\u00e4iv\u00e4vuode:<\/strong><\/li>\n<li>V\u00e4ri: Valkoinen<\/li>\n<li>Materiaali: T\u00e4ysi m\u00e4nty<\/li>\n<li>S\u00e4lemateriaali: Vaneri<\/li>\n<li>Mitat: 203,5 x 87,5 x 69,5 cm (P x L x K)<\/li>\n<li>Sopiva patjan koko: 80 x 200 cm (L x P) (patja ei sis\u00e4lly toimitukseen)<\/li>\n<li><strong>S\u00e4ngyn katos:<\/strong><\/li>\n<li>V\u00e4ri: Valkoinen<\/li>\n<li>Materiaali: T\u00e4ysi m\u00e4nty<\/li>\n<li>Mitat: 98 x 70 x 176,5 cm (P x L x K)<\/li>\n<li>Sopiva lapsen ik\u00e4: Alle 6-vuotiaat<\/li>\n<li><strong>Penkki:<\/strong><\/li>\n<li>V\u00e4ri: Valkoinen<\/li>\n<li>Materiaali: T\u00e4ysi m\u00e4nty<\/li>\n<li>Mitat: 117,5 x 70 x 176,5 cm (P x L x K)<\/li>\n<li>Istuimen koko: 106 x 47 cm (L x S)<\/li>\n<li>Selk\u00e4nojan koko: 106 x 35 cm (L x K)<\/li>\n<li>Maksimikantavuus: 220 kg<\/li>\n<li>Tyyny sis\u00e4ltyy toimitukseen: Ei<\/li>\n<li><strong>Toimitus sis\u00e4lt\u00e4\u00e4:<\/strong><\/li>\n<li>1 x P\u00e4iv\u00e4vuode<\/li>\n<li>1 x S\u00e4ngyn katos<\/li>\n<li>1 x Penkki katoksella<\/li>\n<\/ul>\n","protected":false},"excerpt":{"rendered":"<ul>\n<li>Asennus vaaditaan: Kyll\u00e4<\/li>\n<li><strong>P\u00e4iv\u00e4vuode:<\/strong><\/li>\n<li>V\u00e4ri: Valkoinen<\/li>\n<li>Materiaali: T\u00e4ysi m\u00e4nty<\/li>\n<li>S\u00e4lemateriaali: Vaneri<\/li>\n<li>Mitat: 203,5 x 87,5 x 69,5 cm (P x L x K)<\/li>\n<li>Sopiva patjan koko: 80 x 200 cm (L x P) (patja ei sis\u00e4lly toimitukseen)<\/li>\n<li><strong>S\u00e4ngyn katos:<\/strong><\/li>\n<li>V\u00e4ri: Valkoinen<\/li>\n<li>Materiaali: T\u00e4ysi m\u00e4nty<\/li>\n<li>Mitat: 98 x 70 x 176,5 cm (P x L x K)<\/li>\n<li>Sopiva lapsen ik\u00e4: Alle 6-vuotiaat<\/li>\n<li><strong>Penkki:<\/strong><\/li>\n<li>V\u00e4ri: Valkoinen<\/li>\n<li>Materiaali: T\u00e4ysi m\u00e4nty<\/li>\n<li>Mitat: 117,5 x 70 x 176,5 cm (P x L x K)<\/li>\n<li>Istuimen koko: 106 x 47 cm (L x S)<\/li>\n<li>Selk\u00e4nojan koko: 106 x 35 cm (L x K)<\/li>\n<li>Maksimikantavuus: 220 kg<\/li>\n<li>Tyyny sis\u00e4ltyy toimitukseen: Ei<\/li>\n<li><strong>Toimitus sis\u00e4lt\u00e4\u00e4:<\/strong><\/li>\n<li>1 x P\u00e4iv\u00e4vuode<\/li>\n<li>1 x S\u00e4ngyn katos<\/li>\n<li>1 x Penkki katoksella<\/li>\n<\/ul>\n","protected":false},"featured_media":100000175568,"comment_status":"closed","ping_status":"closed","template":"","meta":[],"product_brand":[],"product_cat":[84,8638],"product_tag":[],"class_list":{"0":"post-175568","1":"product","2":"type-product","3":"status-publish","4":"has-post-thumbnail","6":"product_cat-huonekalut","7":"product_cat-sangyt-sangynrungot","9":"first","10":"instock","11":"taxable","12":"shipping-taxable","13":"purchasable","14":"product-type-simple"},"_links":{"self":[{"href":"https:\/\/www.otiumhome.fi\/index.php\/wp-json\/wp\/v2\/product\/175568","targetHints":{"allow":["GET"]}}],"collection":[{"href":"https:\/\/www.otiumhome.fi\/index.php\/wp-json\/wp\/v2\/product"}],"about":[{"href":"https:\/\/www.otiumhome.fi\/index.php\/wp-json\/wp\/v2\/types\/product"}],"replies":[{"embeddable":true,"href":"https:\/\/www.otiumhome.fi\/index.php\/wp-json\/wp\/v2\/comments?post=175568"}],"wp:featuredmedia":[{"embeddable":true,"href":"https:\/\/www.otiumhome.fi\/index.php\/wp-json\/"}],"wp:attachment":[{"href":"https:\/\/www.otiumhome.fi\/index.php\/wp-json\/wp\/v2\/media?parent=175568"}],"wp:term":[{"taxonomy":"product_brand","embeddable":true,"href":"https:\/\/www.otiumhome.fi\/index.php\/wp-json\/wp\/v2\/product_brand?post=175568"},{"taxonomy":"product_cat","embeddable":true,"href":"https:\/\/www.otiumhome.fi\/index.php\/wp-json\/wp\/v2\/product_cat?post=175568"},{"taxonomy":"product_tag","embeddable":true,"href":"https:\/\/www.otiumhome.fi\/index.php\/wp-json\/wp\/v2\/product_tag?post=175568"}],"curies":[{"name":"wp","href":"https:\/\/api.w.org\/{rel}","templated":true}]}}