{"id":175517,"date":"2025-10-05T02:11:21","date_gmt":"2025-10-05T02:11:21","guid":{"rendered":"https:\/\/www.otiumhome.fi\/?p=175517"},"modified":"2025-10-10T02:40:15","modified_gmt":"2025-10-10T02:40:15","slug":"sangynrunko-taysi-manty-90x190-cm-single","status":"publish","type":"product","link":"https:\/\/www.otiumhome.fi\/index.php\/tuote\/sangynrunko-taysi-manty-90x190-cm-single\/","title":{"rendered":"S\u00e4ngynrunko t\u00e4ysi m\u00e4nty 90&#215;190 cm Single"},"content":{"rendered":"<p>Yksinkertaisen ajaton puinen s\u00e4ngynrunko on k\u00e4yt\u00e4nn\u00f6llinen sek\u00e4 koristeellinen lis\u00e4 makuuhuoneeseesi.<\/p>\n<\/p>\n<ul>\n<li>T\u00e4ysi m\u00e4nty: T\u00e4ysi m\u00e4nty on kaunis luonnollinen materiaali. M\u00e4nnyll\u00e4 on suorat puunsyyt ja sen oksanpaikat antavat materiaalille sen ominaisen rustiikkisen ilmeen.<\/li>\n<li>Tukeva s\u00e4ngynrunko: Puurunko takaa tukevuuden ja vakauden. S\u00e4leet tarjoavat lis\u00e4tukea s\u00e4ngylle. Se pident\u00e4\u00e4 patjasi k\u00e4ytt\u00f6ik\u00e4\u00e4 ottamalla vastaan suurimman osan s\u00e4ngyn painosta ja rasituksesta.<\/li>\n<li>Mukava tuki: S\u00e4ngynp\u00e4\u00e4ty tarjoaa erinomaisen selk\u00e4tuen, kun istut s\u00e4ngyll\u00e4 lukemassa kirjaa tai katselet elokuvaa.<\/li>\n<\/ul>\n<p>Huomioi:<\/p>\n<ul>\n<li>Patja ei sis\u00e4lly toimitukseen. Voit etsi\u00e4 myym\u00e4l\u00e4st\u00e4mme sopivia patjoja.<\/li>\n<li>T\u00e4m\u00e4 puinen s\u00e4ngynrunko sopii patjalle, jonka mitat ovat 90 x 190 cm (3FT Single).<\/li>\n<\/ul>\n<ul>\n<li>Materiaali: t\u00e4ysi m\u00e4nty (k\u00e4sittelem\u00e4t\u00f6n)<\/li>\n<li>Kokonaismitat: 195,5 x 95,5 x 100 cm (P x L x K)<\/li>\n<li>Nukkumiskorkeus maasta mitattuna: 21 cm<\/li>\n<li>Sopiva patjan koko: 90 x 190 cm (L x P) (3FT Single) (Patja ei sis\u00e4lly tilaukseen)<\/li>\n<li>Asennus vaaditaan: kyll\u00e4<\/li>\n<li><strong>Toimitus sis\u00e4lt\u00e4\u00e4:<\/strong><\/li>\n<li>1 x s\u00e4ngyn runko<\/li>\n<li>1 x P\u00e4\u00e4tylevy<\/li>\n<\/ul>\n","protected":false},"excerpt":{"rendered":"<ul>\n<li>Materiaali: t\u00e4ysi m\u00e4nty (k\u00e4sittelem\u00e4t\u00f6n)<\/li>\n<li>Kokonaismitat: 195,5 x 95,5 x 100 cm (P x L x K)<\/li>\n<li>Nukkumiskorkeus maasta mitattuna: 21 cm<\/li>\n<li>Sopiva patjan koko: 90 x 190 cm (L x P) (3FT Single) (Patja ei sis\u00e4lly tilaukseen)<\/li>\n<li>Asennus vaaditaan: kyll\u00e4<\/li>\n<li><strong>Toimitus sis\u00e4lt\u00e4\u00e4:<\/strong><\/li>\n<li>1 x s\u00e4ngyn runko<\/li>\n<li>1 x P\u00e4\u00e4tylevy<\/li>\n<\/ul>\n","protected":false},"featured_media":100000175517,"comment_status":"closed","ping_status":"closed","template":"","meta":[],"product_brand":[],"product_cat":[84,8638],"product_tag":[],"class_list":{"0":"post-175517","1":"product","2":"type-product","3":"status-publish","4":"has-post-thumbnail","6":"product_cat-huonekalut","7":"product_cat-sangyt-sangynrungot","9":"first","10":"instock","11":"taxable","12":"shipping-taxable","13":"purchasable","14":"product-type-simple"},"_links":{"self":[{"href":"https:\/\/www.otiumhome.fi\/index.php\/wp-json\/wp\/v2\/product\/175517","targetHints":{"allow":["GET"]}}],"collection":[{"href":"https:\/\/www.otiumhome.fi\/index.php\/wp-json\/wp\/v2\/product"}],"about":[{"href":"https:\/\/www.otiumhome.fi\/index.php\/wp-json\/wp\/v2\/types\/product"}],"replies":[{"embeddable":true,"href":"https:\/\/www.otiumhome.fi\/index.php\/wp-json\/wp\/v2\/comments?post=175517"}],"wp:featuredmedia":[{"embeddable":true,"href":"https:\/\/www.otiumhome.fi\/index.php\/wp-json\/"}],"wp:attachment":[{"href":"https:\/\/www.otiumhome.fi\/index.php\/wp-json\/wp\/v2\/media?parent=175517"}],"wp:term":[{"taxonomy":"product_brand","embeddable":true,"href":"https:\/\/www.otiumhome.fi\/index.php\/wp-json\/wp\/v2\/product_brand?post=175517"},{"taxonomy":"product_cat","embeddable":true,"href":"https:\/\/www.otiumhome.fi\/index.php\/wp-json\/wp\/v2\/product_cat?post=175517"},{"taxonomy":"product_tag","embeddable":true,"href":"https:\/\/www.otiumhome.fi\/index.php\/wp-json\/wp\/v2\/product_tag?post=175517"}],"curies":[{"name":"wp","href":"https:\/\/api.w.org\/{rel}","templated":true}]}}