{"id":175505,"date":"2025-10-05T02:08:06","date_gmt":"2025-10-05T02:08:06","guid":{"rendered":"https:\/\/www.otiumhome.fi\/?p=175505"},"modified":"2025-10-05T18:10:18","modified_gmt":"2025-10-05T18:10:18","slug":"sangynrunko-luonnollinen-rottinki-140x200-cm","status":"publish","type":"product","link":"https:\/\/www.otiumhome.fi\/index.php\/tuote\/sangynrunko-luonnollinen-rottinki-140x200-cm\/","title":{"rendered":"S\u00e4ngynrunko luonnollinen rottinki 140&#215;200 cm"},"content":{"rendered":"<p>Rottinkisessa s\u00e4ngynrungossa on ainutlaatuinen punottu rakenne ja se on t\u00e4ydellinen valinta henkil\u00f6ille, jotka kaipaavat eksoottista tunnelmaa makuuhuoneeseen.<\/p>\n<\/p>\n<p>S\u00e4ngynrunko on k\u00e4sintehty t\u00e4ydest\u00e4 mahongista ja mangopuusta sek\u00e4 luonnollisesta abaca-rottingista, ja se kest\u00e4\u00e4 p\u00e4ivitt\u00e4ist\u00e4 k\u00e4ytt\u00f6\u00e4. S\u00e4ngyn p\u00e4\u00e4ty tarjoaa mukavan selk\u00e4nojan. S\u00e4ngynrunkoon sopii 140 x 200 cm kokoinen patja.<\/p>\n<\/p>\n<p>Huomioithan: toimituksessa mukana ainoastaan s\u00e4ngynrunko, s\u00e4leet ja patja eiv\u00e4t tule mukana. S\u00e4ngynrunko on helppo koota.<\/p>\n<ul>\n<li>V\u00e4ri: luonnollinen<\/li>\n<li>Materiaali: mahonki ja mangopuu + luonnollinen rottinki<\/li>\n<li>Kokonaismitat: 210 x 150 x 78 cm (P x L x K)<\/li>\n<li>Sopiva patjan koko: 140 x 200 cm (L x P) (patja ei mukana)<\/li>\n<li>Nukkumiskorkeus maasta mitattuna: 34 cm<\/li>\n<\/ul>\n","protected":false},"excerpt":{"rendered":"<ul>\n<li>V\u00e4ri: luonnollinen<\/li>\n<li>Materiaali: mahonki ja mangopuu + luonnollinen rottinki<\/li>\n<li>Kokonaismitat: 210 x 150 x 78 cm (P x L x K)<\/li>\n<li>Sopiva patjan koko: 140 x 200 cm (L x P) (patja ei mukana)<\/li>\n<li>Nukkumiskorkeus maasta mitattuna: 34 cm<\/li>\n<\/ul>\n","protected":false},"featured_media":100000175505,"comment_status":"closed","ping_status":"closed","template":"","meta":[],"product_brand":[],"product_cat":[84,8638],"product_tag":[],"class_list":{"0":"post-175505","1":"product","2":"type-product","3":"status-publish","4":"has-post-thumbnail","6":"product_cat-huonekalut","7":"product_cat-sangyt-sangynrungot","9":"first","10":"instock","11":"taxable","12":"shipping-taxable","13":"purchasable","14":"product-type-simple"},"_links":{"self":[{"href":"https:\/\/www.otiumhome.fi\/index.php\/wp-json\/wp\/v2\/product\/175505","targetHints":{"allow":["GET"]}}],"collection":[{"href":"https:\/\/www.otiumhome.fi\/index.php\/wp-json\/wp\/v2\/product"}],"about":[{"href":"https:\/\/www.otiumhome.fi\/index.php\/wp-json\/wp\/v2\/types\/product"}],"replies":[{"embeddable":true,"href":"https:\/\/www.otiumhome.fi\/index.php\/wp-json\/wp\/v2\/comments?post=175505"}],"wp:featuredmedia":[{"embeddable":true,"href":"https:\/\/www.otiumhome.fi\/index.php\/wp-json\/"}],"wp:attachment":[{"href":"https:\/\/www.otiumhome.fi\/index.php\/wp-json\/wp\/v2\/media?parent=175505"}],"wp:term":[{"taxonomy":"product_brand","embeddable":true,"href":"https:\/\/www.otiumhome.fi\/index.php\/wp-json\/wp\/v2\/product_brand?post=175505"},{"taxonomy":"product_cat","embeddable":true,"href":"https:\/\/www.otiumhome.fi\/index.php\/wp-json\/wp\/v2\/product_cat?post=175505"},{"taxonomy":"product_tag","embeddable":true,"href":"https:\/\/www.otiumhome.fi\/index.php\/wp-json\/wp\/v2\/product_tag?post=175505"}],"curies":[{"name":"wp","href":"https:\/\/api.w.org\/{rel}","templated":true}]}}