{"id":175462,"date":"2025-10-05T01:16:40","date_gmt":"2025-10-05T01:16:40","guid":{"rendered":"https:\/\/www.otiumhome.fi\/?p=175462"},"modified":"2025-10-05T06:39:12","modified_gmt":"2025-10-05T06:39:12","slug":"poytalevy-100x60x25-cm-suorakaide-taysi-akasiapuu-elava-reuna","status":"publish","type":"product","link":"https:\/\/www.otiumhome.fi\/index.php\/tuote\/poytalevy-100x60x25-cm-suorakaide-taysi-akasiapuu-elava-reuna\/","title":{"rendered":"P\u00f6yt\u00e4levy 100x60x2,5 cm suorakaide t\u00e4ysi akasiapuu el\u00e4v\u00e4 reuna"},"content":{"rendered":"<p>Anna p\u00f6yd\u00e4llesi uusi el\u00e4m\u00e4 t\u00e4m\u00e4n puisen p\u00f6yt\u00e4levyn avulla. Se on erinomainen ratkaisu p\u00f6yd\u00e4n pirist\u00e4miseen kotona tai kaupallisessa ymp\u00e4rist\u00f6ss\u00e4.<\/p>\n<\/p>\n<ul>\n<li>T\u00e4ysi akasiapuu: T\u00e4ysi akasiapuu on kaunis luonnonmateriaali. Akasiapuu on tihe\u00e4syinen, tukeva ja kest\u00e4v\u00e4 trooppinen lehtipuu.<\/li>\n<li>Monipuolinen k\u00e4ytt\u00f6: Puista p\u00f6yt\u00e4levy\u00e4 voidaan k\u00e4ytt\u00e4\u00e4 baari-, sivup\u00f6ydiss\u00e4 tai jopa johonkin omaan luomukseesi. Voit yhdist\u00e4\u00e4 vaihtop\u00f6yt\u00e4levyn mink\u00e4 tahansa tyylisten jalkojen kanssa.<\/li>\n<li>El\u00e4v\u00e4 reuna: Puisessa kalustelevyss\u00e4 on rustiikkinen el\u00e4v\u00e4 reuna. T\u00e4st\u00e4 syyst\u00e4 oksanpaikat, halkeamat, hieman kaareva muoto ja v\u00e4ris\u00e4vyt ovat osa sit\u00e4, joten jokainen kappale on luonteeltaan ja ulkon\u00e4\u00f6lt\u00e4\u00e4n ainutlaatuinen.<\/li>\n<li>Helposti puhdistettava pinta: Sile\u00e4 p\u00f6yt\u00e4levy on helppo puhdistaa kostealla liinalla.<\/li>\n<\/ul>\n<p>Hyv\u00e4 tiet\u00e4\u00e4:<\/p>\n<ul>\n<li>Jokainen kappale on ainutlaatuisen eroavilla v\u00e4reill\u00e4 ja puunsyill\u00e4. Toimitus on sattumanvarainen, t\u00e4m\u00e4 takaa tuotteesi erityisyyden ja ainutlaatuisuuden.<\/li>\n<\/ul>\n<ul>\n<li>Materiaali: Luonnollisesti pintak\u00e4sitelty t\u00e4ysi akasiapuu<\/li>\n<li>Mitat: 100 x 60 x 2,5 cm (P x L x Paks.)<\/li>\n<li>El\u00e4v\u00e4ll\u00e4 reunalla<\/li>\n<li>Toimitus sis\u00e4lt\u00e4\u00e4 vain p\u00f6yt\u00e4levyn<\/li>\n<\/ul>\n","protected":false},"excerpt":{"rendered":"<ul>\n<li>Materiaali: Luonnollisesti pintak\u00e4sitelty t\u00e4ysi akasiapuu<\/li>\n<li>Mitat: 100 x 60 x 2,5 cm (P x L x Paks.)<\/li>\n<li>El\u00e4v\u00e4ll\u00e4 reunalla<\/li>\n<li>Toimitus sis\u00e4lt\u00e4\u00e4 vain p\u00f6yt\u00e4levyn<\/li>\n<\/ul>\n","protected":false},"featured_media":100000175462,"comment_status":"closed","ping_status":"closed","template":"","meta":[],"product_brand":[],"product_cat":[84,8578],"product_tag":[],"class_list":{"0":"post-175462","1":"product","2":"type-product","3":"status-publish","4":"has-post-thumbnail","6":"product_cat-huonekalut","7":"product_cat-poytalevyt","9":"first","10":"instock","11":"taxable","12":"shipping-taxable","13":"purchasable","14":"product-type-simple"},"_links":{"self":[{"href":"https:\/\/www.otiumhome.fi\/index.php\/wp-json\/wp\/v2\/product\/175462","targetHints":{"allow":["GET"]}}],"collection":[{"href":"https:\/\/www.otiumhome.fi\/index.php\/wp-json\/wp\/v2\/product"}],"about":[{"href":"https:\/\/www.otiumhome.fi\/index.php\/wp-json\/wp\/v2\/types\/product"}],"replies":[{"embeddable":true,"href":"https:\/\/www.otiumhome.fi\/index.php\/wp-json\/wp\/v2\/comments?post=175462"}],"wp:featuredmedia":[{"embeddable":true,"href":"https:\/\/www.otiumhome.fi\/index.php\/wp-json\/"}],"wp:attachment":[{"href":"https:\/\/www.otiumhome.fi\/index.php\/wp-json\/wp\/v2\/media?parent=175462"}],"wp:term":[{"taxonomy":"product_brand","embeddable":true,"href":"https:\/\/www.otiumhome.fi\/index.php\/wp-json\/wp\/v2\/product_brand?post=175462"},{"taxonomy":"product_cat","embeddable":true,"href":"https:\/\/www.otiumhome.fi\/index.php\/wp-json\/wp\/v2\/product_cat?post=175462"},{"taxonomy":"product_tag","embeddable":true,"href":"https:\/\/www.otiumhome.fi\/index.php\/wp-json\/wp\/v2\/product_tag?post=175462"}],"curies":[{"name":"wp","href":"https:\/\/api.w.org\/{rel}","templated":true}]}}