{"id":175398,"date":"2025-10-05T00:34:50","date_gmt":"2025-10-05T00:34:50","guid":{"rendered":"https:\/\/www.otiumhome.fi\/?p=175398"},"modified":"2025-12-09T07:38:35","modified_gmt":"2025-12-09T07:38:35","slug":"kylpyhuonekalustesetti-ovella-korkean-kiillon-valkoinen","status":"publish","type":"product","link":"https:\/\/www.otiumhome.fi\/index.php\/tuote\/kylpyhuonekalustesetti-ovella-korkean-kiillon-valkoinen\/","title":{"rendered":"Kylpyhuonekalustesetti ovella Korkean kiillon valkoinen"},"content":{"rendered":"<p>T\u00e4m\u00e4 tyylik\u00e4s Teknisen puun kylpyhuonesarja tuo modernia suunnittelua ja k\u00e4yt\u00e4nn\u00f6llisyytt\u00e4 mihin tahansa kylpyhuoneeseen. Se on suunniteltu niille, jotka arvostavat tyylik\u00e4st\u00e4 ja k\u00e4yt\u00e4nn\u00f6llist\u00e4 s\u00e4ilytyst\u00e4. Kalustesarjassa on hieno yhdistelm\u00e4 esteettisyytt\u00e4 ja mukautuvuutta eri tiloihin. Minimalistinen muoto ja monipuoliset s\u00e4ilytysratkaisut tekev\u00e4t siit\u00e4 loistavan valinnan kaiken kokoisiin kylpyhuoneisiin.<\/p>\n<ul>\n<li><b>Materiaalit:<\/b> Huolellisesti valmistettu teknisest\u00e4 puusta, t\u00e4m\u00e4 sarja yhdist\u00e4\u00e4 tyylikkyyden ja kest\u00e4vyyden. Tekninen puu on kosteudenkest\u00e4v\u00e4 ja helppohoitoinen, mik\u00e4 parantaa koko kylpyhuoneen ulkon\u00e4k\u00f6\u00e4.<\/li>\n<li><b>Included Components:<\/b> Sarja sis\u00e4lt\u00e4\u00e4 sein\u00e4lle asennettavan pesukonelaatikon, kylpyhuonekylpykaapin, kylpyhuoneen sein\u00e4kaapin ja korkean kaapin. Jokainen komponentti on suunniteltu k\u00e4ytett\u00e4vyytt\u00e4 silm\u00e4ll\u00e4 pit\u00e4en.<\/li>\n<li><b>Ominaisuudet \/ Toiminta \/ Suunnittelu:<\/b> Tyylikk\u00e4\u00e4t upotusovet, joissa on sile\u00e4t pinnat ja tankokahvat, tekev\u00e4t t\u00e4st\u00e4 kalustesarjasta modernin. Jokainen osa luo siistin ilmeen kylpyhuoneeseen, pit\u00e4en kaiken j\u00e4rjestyksess\u00e4.<\/li>\n<li><b>Suositellut k\u00e4ytt\u00f6tarkoitukset:<\/b> T\u00e4m\u00e4 kalustesarja on t\u00e4ydellinen valinta kylpyhuoneen tilank\u00e4yt\u00f6n maksimointiin. Se sopii pieniin asuntoihin, perhekoteihin tai vieraskylpyhuoneisiin. Sen tyylik\u00e4s muotoilu sulautuu mihin tahansa moderniin sisustukseen.<\/li>\n<li><b>Hoito &amp; Yll\u00e4pito:<\/b> Helppohoitoinen. Pyyhi pinnat kostealla liinalla s\u00e4\u00e4nn\u00f6llisesti, niin s\u00e4ilyt\u00e4t sen puhtaan ja hienon ilmeen. Teknisen puun rakenne takaa pitk\u00e4ik\u00e4isyyden yksinkertaisilla hoitomenetelmill\u00e4.<\/li>\n<\/ul>\n<ul>\n<li>V\u00e4ri: Korkean kiillon valkoinen<\/li>\n<li>Materiaali: K\u00e4sitelty puu, metalli<\/li>\n<li>Yleiset mitat: 60,5 x 33,5 x 61 cm (P x L x K)<\/li>\n<li>Paino: 64,95 kg<\/li>\n<li>With drawer<\/li>\n<li>6 ovien kanssa<\/li>\n<li>Sis\u00e4- \/ ulkotiloissa: Vain sis\u00e4k\u00e4ytt\u00f6\u00f6n<\/li>\n<li>Toimitus-:<\/li>\n<li>1 x Pesuallashylly: 60.5 x 33.5 x 61 cm (P x L x K)<\/li>\n<li>1 x Kylpyhuonekaappi: 39.5 x 36 x 88 cm (P x L x K)<\/li>\n<li>1 x Kylpyhuoneen sein\u00e4kaappi: 39 x 23.5 x 65 cm (P x L x K)<\/li>\n<li>1 x Kylpyhuoneen korkeakaappi: 31.5 x 33 x 190 cm (P x L x K)<\/li>\n<li>Kokoonpano vaaditaan: Kyll\u00e4<\/li>\n<\/ul>\n","protected":false},"excerpt":{"rendered":"<ul>\n<li>V\u00e4ri: Korkean kiillon valkoinen<\/li>\n<li>Materiaali: K\u00e4sitelty puu, metalli<\/li>\n<li>Yleiset mitat: 60,5 x 33,5 x 61 cm (P x L x K)<\/li>\n<li>Paino: 64,95 kg<\/li>\n<li>With drawer<\/li>\n<li>6 ovien kanssa<\/li>\n<li>Sis\u00e4- \/ ulkotiloissa: Vain sis\u00e4k\u00e4ytt\u00f6\u00f6n<\/li>\n<li>Toimitus-:<\/li>\n<li>1 x Pesuallashylly: 60.5 x 33.5 x 61 cm (P x L x K)<\/li>\n<li>1 x Kylpyhuonekaappi: 39.5 x 36 x 88 cm (P x L x K)<\/li>\n<li>1 x Kylpyhuoneen sein\u00e4kaappi: 39 x 23.5 x 65 cm (P x L x K)<\/li>\n<li>1 x Kylpyhuoneen korkeakaappi: 31.5 x 33 x 190 cm (P x L x K)<\/li>\n<li>Kokoonpano vaaditaan: Kyll\u00e4<\/li>\n<\/ul>\n","protected":false},"featured_media":100000175398,"comment_status":"closed","ping_status":"closed","template":"","meta":[],"product_brand":[],"product_cat":[84,8561,8562],"product_tag":[],"class_list":{"0":"post-175398","1":"product","2":"type-product","3":"status-publish","4":"has-post-thumbnail","6":"product_cat-huonekalut","7":"product_cat-kampauspoydat","8":"product_cat-kylpyhuoneen-kampauspoydat","10":"first","11":"instock","12":"taxable","13":"shipping-taxable","14":"purchasable","15":"product-type-simple"},"_links":{"self":[{"href":"https:\/\/www.otiumhome.fi\/index.php\/wp-json\/wp\/v2\/product\/175398","targetHints":{"allow":["GET"]}}],"collection":[{"href":"https:\/\/www.otiumhome.fi\/index.php\/wp-json\/wp\/v2\/product"}],"about":[{"href":"https:\/\/www.otiumhome.fi\/index.php\/wp-json\/wp\/v2\/types\/product"}],"replies":[{"embeddable":true,"href":"https:\/\/www.otiumhome.fi\/index.php\/wp-json\/wp\/v2\/comments?post=175398"}],"wp:featuredmedia":[{"embeddable":true,"href":"https:\/\/www.otiumhome.fi\/index.php\/wp-json\/"}],"wp:attachment":[{"href":"https:\/\/www.otiumhome.fi\/index.php\/wp-json\/wp\/v2\/media?parent=175398"}],"wp:term":[{"taxonomy":"product_brand","embeddable":true,"href":"https:\/\/www.otiumhome.fi\/index.php\/wp-json\/wp\/v2\/product_brand?post=175398"},{"taxonomy":"product_cat","embeddable":true,"href":"https:\/\/www.otiumhome.fi\/index.php\/wp-json\/wp\/v2\/product_cat?post=175398"},{"taxonomy":"product_tag","embeddable":true,"href":"https:\/\/www.otiumhome.fi\/index.php\/wp-json\/wp\/v2\/product_tag?post=175398"}],"curies":[{"name":"wp","href":"https:\/\/api.w.org\/{rel}","templated":true}]}}