{"id":175293,"date":"2025-09-29T23:18:09","date_gmt":"2025-09-29T23:18:09","guid":{"rendered":"https:\/\/www.otiumhome.fi\/?p=175293"},"modified":"2025-09-30T12:21:39","modified_gmt":"2025-09-30T12:21:39","slug":"ruokapoyta-massiivipuu-hunajaviimeistelylla-120x76-cm","status":"publish","type":"product","link":"https:\/\/www.otiumhome.fi\/index.php\/tuote\/ruokapoyta-massiivipuu-hunajaviimeistelylla-120x76-cm\/","title":{"rendered":"Ruokap\u00f6yt\u00e4 massiivipuu hunajaviimeistelyll\u00e4 120&#215;76 cm"},"content":{"rendered":"<p>T\u00e4m\u00e4 py\u00f6re\u00e4 t\u00e4yspuinen ruokap\u00f6yt\u00e4 tekee erottuvan lis\u00e4n huoneeseesi!<\/p>\n<\/p>\n<p>P\u00f6yt\u00e4 on valmistettu t\u00e4ydest\u00e4, korkealaatuisesta akaasiapuusta ja k\u00e4sitelty hunajapinnoitteella. Akaasiapuu on s\u00e4\u00e4nkest\u00e4v\u00e4 ja lujatekoinen trooppinen kovapuu. T\u00e4m\u00e4 ruokap\u00f6yt\u00e4 on t\u00e4ysin k\u00e4sintehty. Jokainen ty\u00f6vaihe hiomisesta maalaukseen ja lakkaukseen on suoritettu erityisen huolellisesti. Taidokas k\u00e4denj\u00e4lki ja kauniit puun pintakuviot tekev\u00e4t jokaisesta huonekalusta ainutlaatuisen ja hieman erilaisen kuin muut. Tukevalle p\u00f6yt\u00e4tasolle voi asettaa ruokia, juomia, valaisimia tai muita koriste-esineit\u00e4. Jauhemaalatut ter\u00e4sjalat tekev\u00e4t p\u00f6yd\u00e4st\u00e4 tukevan ja korostavat sen romanttista tyyli\u00e4. Se on helppo koota.<\/p>\n<\/p>\n<p>T\u00e4rke\u00e4 huomio: V\u00e4rit voivat vaihdella kappaleittain, mik\u00e4 tekee jokaisesta p\u00f6yd\u00e4st\u00e4 ainutlaatuisen. Toimitus on satunnainen, t\u00e4m\u00e4 takaa tuotteesi ainutlaatuisuuden.<\/p>\n<ul>\n<li>Materiaali: t\u00e4ysi akaasiapuu hunajaviimeistelyll\u00e4 + ter\u00e4sjalat<\/li>\n<li>Mitat: 120 x 76 cm (halkaisija x K)<\/li>\n<li>Hiottu, maalattu ja lakattu<\/li>\n<li>Helppo koota<\/li>\n<\/ul>\n","protected":false},"excerpt":{"rendered":"<ul>\n<li>Materiaali: t\u00e4ysi akaasiapuu hunajaviimeistelyll\u00e4 + ter\u00e4sjalat<\/li>\n<li>Mitat: 120 x 76 cm (halkaisija x K)<\/li>\n<li>Hiottu, maalattu ja lakattu<\/li>\n<li>Helppo koota<\/li>\n<\/ul>\n","protected":false},"featured_media":100000175293,"comment_status":"closed","ping_status":"closed","template":"","meta":[],"product_brand":[],"product_cat":[84,8543],"product_tag":[],"class_list":{"0":"post-175293","1":"product","2":"type-product","3":"status-publish","4":"has-post-thumbnail","6":"product_cat-huonekalut","7":"product_cat-keittion-ruokapoydat","9":"first","10":"outofstock","11":"taxable","12":"shipping-taxable","13":"purchasable","14":"product-type-simple"},"_links":{"self":[{"href":"https:\/\/www.otiumhome.fi\/index.php\/wp-json\/wp\/v2\/product\/175293","targetHints":{"allow":["GET"]}}],"collection":[{"href":"https:\/\/www.otiumhome.fi\/index.php\/wp-json\/wp\/v2\/product"}],"about":[{"href":"https:\/\/www.otiumhome.fi\/index.php\/wp-json\/wp\/v2\/types\/product"}],"replies":[{"embeddable":true,"href":"https:\/\/www.otiumhome.fi\/index.php\/wp-json\/wp\/v2\/comments?post=175293"}],"wp:featuredmedia":[{"embeddable":true,"href":"https:\/\/www.otiumhome.fi\/index.php\/wp-json\/"}],"wp:attachment":[{"href":"https:\/\/www.otiumhome.fi\/index.php\/wp-json\/wp\/v2\/media?parent=175293"}],"wp:term":[{"taxonomy":"product_brand","embeddable":true,"href":"https:\/\/www.otiumhome.fi\/index.php\/wp-json\/wp\/v2\/product_brand?post=175293"},{"taxonomy":"product_cat","embeddable":true,"href":"https:\/\/www.otiumhome.fi\/index.php\/wp-json\/wp\/v2\/product_cat?post=175293"},{"taxonomy":"product_tag","embeddable":true,"href":"https:\/\/www.otiumhome.fi\/index.php\/wp-json\/wp\/v2\/product_tag?post=175293"}],"curies":[{"name":"wp","href":"https:\/\/api.w.org\/{rel}","templated":true}]}}