{"id":175292,"date":"2025-09-29T23:18:06","date_gmt":"2025-09-29T23:18:06","guid":{"rendered":"https:\/\/www.otiumhome.fi\/?p=175292"},"modified":"2025-09-30T11:33:14","modified_gmt":"2025-09-30T11:33:14","slug":"ruokapoyta-116x66x76-cm-korkeakiilto-valkoinen","status":"publish","type":"product","link":"https:\/\/www.otiumhome.fi\/index.php\/tuote\/ruokapoyta-116x66x76-cm-korkeakiilto-valkoinen\/","title":{"rendered":"Ruokap\u00f6yt\u00e4 116x66x76 cm korkeakiilto valkoinen"},"content":{"rendered":"<p>T\u00e4m\u00e4 korkeakiiltopinnoitettu ruokap\u00f6yt\u00e4 on sulavalinjaisella muotoilullaan upea koristeellinen lis\u00e4 ruokasaliin tai keitti\u00f6\u00f6n.<\/p>\n<\/p>\n<p>Kiilt\u00e4v\u00e4 valkoinen pinta heijastaa valoa, mik\u00e4 parantaa ruokailukokemusta entisest\u00e4\u00e4n. Ruokap\u00f6yt\u00e4 on valmistettu puolikovasta kuitulevyst\u00e4 (MDF). Siin\u00e4 on 4 vakaata, mutta kevytt\u00e4 muovista jalkaa.<\/p>\n<\/p>\n<p>P\u00f6yt\u00e4 on helppo puhdistaa ja hoitaa &#8211; tarvitset vain pehme\u00e4n, kostean kankaan! Se on helppo koota.<\/p>\n<ul>\n<li>V\u00e4ri: valkoinen korkeakiilto<\/li>\n<li>Materiaali: MDF-p\u00f6yt\u00e4levy (puolikova kuitulevy) ja muoviset jalat<\/li>\n<li>Mitat: 116 x 66 x 76 cm (P x L x K)<\/li>\n<li>Muoto: suorakulmainen<\/li>\n<\/ul>\n","protected":false},"excerpt":{"rendered":"<ul>\n<li>V\u00e4ri: valkoinen korkeakiilto<\/li>\n<li>Materiaali: MDF-p\u00f6yt\u00e4levy (puolikova kuitulevy) ja muoviset jalat<\/li>\n<li>Mitat: 116 x 66 x 76 cm (P x L x K)<\/li>\n<li>Muoto: suorakulmainen<\/li>\n<\/ul>\n","protected":false},"featured_media":100000175292,"comment_status":"closed","ping_status":"closed","template":"","meta":[],"product_brand":[],"product_cat":[84,8543],"product_tag":[],"class_list":{"0":"post-175292","1":"product","2":"type-product","3":"status-publish","4":"has-post-thumbnail","6":"product_cat-huonekalut","7":"product_cat-keittion-ruokapoydat","9":"first","10":"instock","11":"taxable","12":"shipping-taxable","13":"purchasable","14":"product-type-simple"},"_links":{"self":[{"href":"https:\/\/www.otiumhome.fi\/index.php\/wp-json\/wp\/v2\/product\/175292","targetHints":{"allow":["GET"]}}],"collection":[{"href":"https:\/\/www.otiumhome.fi\/index.php\/wp-json\/wp\/v2\/product"}],"about":[{"href":"https:\/\/www.otiumhome.fi\/index.php\/wp-json\/wp\/v2\/types\/product"}],"replies":[{"embeddable":true,"href":"https:\/\/www.otiumhome.fi\/index.php\/wp-json\/wp\/v2\/comments?post=175292"}],"wp:featuredmedia":[{"embeddable":true,"href":"https:\/\/www.otiumhome.fi\/index.php\/wp-json\/"}],"wp:attachment":[{"href":"https:\/\/www.otiumhome.fi\/index.php\/wp-json\/wp\/v2\/media?parent=175292"}],"wp:term":[{"taxonomy":"product_brand","embeddable":true,"href":"https:\/\/www.otiumhome.fi\/index.php\/wp-json\/wp\/v2\/product_brand?post=175292"},{"taxonomy":"product_cat","embeddable":true,"href":"https:\/\/www.otiumhome.fi\/index.php\/wp-json\/wp\/v2\/product_cat?post=175292"},{"taxonomy":"product_tag","embeddable":true,"href":"https:\/\/www.otiumhome.fi\/index.php\/wp-json\/wp\/v2\/product_tag?post=175292"}],"curies":[{"name":"wp","href":"https:\/\/api.w.org\/{rel}","templated":true}]}}