{"id":175289,"date":"2025-09-29T23:17:40","date_gmt":"2025-09-29T23:17:40","guid":{"rendered":"https:\/\/www.otiumhome.fi\/?p=175289"},"modified":"2025-09-30T03:49:34","modified_gmt":"2025-09-30T03:49:34","slug":"vaatekaappi-musta-tammi-80x40x110-cm-tekopuu","status":"publish","type":"product","link":"https:\/\/www.otiumhome.fi\/index.php\/tuote\/vaatekaappi-musta-tammi-80x40x110-cm-tekopuu\/","title":{"rendered":"Vaatekaappi musta tammi 80x40x110 cm tekopuu"},"content":{"rendered":"<p>T\u00e4m\u00e4 vaatekaappi tarjoaa t\u00e4ydellisen s\u00e4ilytysratkaisun vaatteillesi, kengillesi ja asusteillesi.<\/p>\n<\/p>\n<ul>\n<li>Vakaa ja kest\u00e4v\u00e4 materiaali: Puu on kest\u00e4v\u00e4 ja vakaa materiaali, jonka sile\u00e4 pinta on kosteutta, v\u00e4\u00e4ntymist\u00e4 ja halkeilua kest\u00e4v\u00e4, joten se on luotettava valinta monenlaisiin projekteihin.<\/li>\n<li>Runsaasti s\u00e4ilytystilaa: T\u00e4ss\u00e4 kaapissa on suuri avolokero ja kolmikerroksiset sivuhyllyt, joten kaikki haluamasi on k\u00e4den ulottuvilla.<\/li>\n<li>Helppo liikuttelu: Makuuhuoneen vaatekaapin alla olevat py\u00f6r\u00e4t mahdollistavat sen siirt\u00e4misen oikeaan paikkaan helposti.<\/li>\n<li>Helppo huoltaa: Sile\u00e4n pinnan ansiosta vaatekaapin s\u00e4ilytystila on helppo puhdistaa kostealla liinalla, eik\u00e4 se vaadi paljon huoltoa.<\/li>\n<\/ul>\n<p>Varoitus:<\/p>\n<ul>\n<li>Jotta tuote ei kaatuisi, sit\u00e4 on k\u00e4ytett\u00e4v\u00e4 mukana toimitetun sein\u00e4kiinnikkeen kanssa.<\/li>\n<\/ul>\n<ul>\n<li>V\u00e4ri: Musta tammi<\/li>\n<li>Materiaali: Puusep\u00e4nty\u00f6t<\/li>\n<li>Mitat: 80 x 40 x 110 cm (P x L x K)<\/li>\n<li>Kokoaminen vaaditaan: Kyll\u00e4<\/li>\n<\/ul>\n","protected":false},"excerpt":{"rendered":"<ul>\n<li>V\u00e4ri: Musta tammi<\/li>\n<li>Materiaali: Puusep\u00e4nty\u00f6t<\/li>\n<li>Mitat: 80 x 40 x 110 cm (P x L x K)<\/li>\n<li>Kokoaminen vaaditaan: Kyll\u00e4<\/li>\n<\/ul>\n","protected":false},"featured_media":100000175289,"comment_status":"closed","ping_status":"closed","template":"","meta":[],"product_brand":[],"product_cat":[84,8539],"product_tag":[],"class_list":{"0":"post-175289","1":"product","2":"type-product","3":"status-publish","4":"has-post-thumbnail","6":"product_cat-huonekalut","7":"product_cat-kaapit-vaatekaapit","9":"first","10":"instock","11":"taxable","12":"shipping-taxable","13":"purchasable","14":"product-type-simple"},"_links":{"self":[{"href":"https:\/\/www.otiumhome.fi\/index.php\/wp-json\/wp\/v2\/product\/175289","targetHints":{"allow":["GET"]}}],"collection":[{"href":"https:\/\/www.otiumhome.fi\/index.php\/wp-json\/wp\/v2\/product"}],"about":[{"href":"https:\/\/www.otiumhome.fi\/index.php\/wp-json\/wp\/v2\/types\/product"}],"replies":[{"embeddable":true,"href":"https:\/\/www.otiumhome.fi\/index.php\/wp-json\/wp\/v2\/comments?post=175289"}],"wp:featuredmedia":[{"embeddable":true,"href":"https:\/\/www.otiumhome.fi\/index.php\/wp-json\/"}],"wp:attachment":[{"href":"https:\/\/www.otiumhome.fi\/index.php\/wp-json\/wp\/v2\/media?parent=175289"}],"wp:term":[{"taxonomy":"product_brand","embeddable":true,"href":"https:\/\/www.otiumhome.fi\/index.php\/wp-json\/wp\/v2\/product_brand?post=175289"},{"taxonomy":"product_cat","embeddable":true,"href":"https:\/\/www.otiumhome.fi\/index.php\/wp-json\/wp\/v2\/product_cat?post=175289"},{"taxonomy":"product_tag","embeddable":true,"href":"https:\/\/www.otiumhome.fi\/index.php\/wp-json\/wp\/v2\/product_tag?post=175289"}],"curies":[{"name":"wp","href":"https:\/\/api.w.org\/{rel}","templated":true}]}}