{"id":175156,"date":"2025-09-25T00:43:34","date_gmt":"2025-09-25T00:43:34","guid":{"rendered":"https:\/\/www.otiumhome.fi\/?p=175156"},"modified":"2025-09-25T13:25:40","modified_gmt":"2025-09-25T13:25:40","slug":"seinakuutiohylly-7-lokeroa-savustettua-tammipuuta","status":"publish","type":"product","link":"https:\/\/www.otiumhome.fi\/index.php\/tuote\/seinakuutiohylly-7-lokeroa-savustettua-tammipuuta\/","title":{"rendered":"-sein\u00e4kuutiohylly, 7 lokeroa savustettua tammipuuta"},"content":{"rendered":"<p>T\u00e4m\u00e4 sein\u00e4kuutiohylly on tarkoitettu sek\u00e4 koristeeksi ett\u00e4 k\u00e4yt\u00e4nn\u00f6lliseksi jatkeeksi kotisi sisustukseen.<\/p>\n<\/p>\n<ul>\n<li>Vakaa ja kest\u00e4v\u00e4 materiaali: Tekninen puu on kest\u00e4v\u00e4 ja vakaa materiaali, jonka sile\u00e4 pinta kest\u00e4\u00e4 kosteutta, v\u00e4\u00e4ntymist\u00e4 ja halkeilua, joten se on luotettava valinta erilaisiin projekteihin.<\/li>\n<li>Runsaasti s\u00e4ilytystilaa: Sein\u00e4hyllyss\u00e4 on 7 lokeroa, jotka tarjoavat k\u00e4tev\u00e4n s\u00e4ilytystilan p\u00e4ivitt\u00e4isten tarvikkeiden pit\u00e4miseen hyvin j\u00e4rjestyksess\u00e4 ja helposti ulottuvilla.<\/li>\n<li>Sein\u00e4asennustoiminto: Kelluva kuutiohylly ei vie lattiatilaa. Voit ripustaa sen helposti sein\u00e4lle.<\/li>\n<li>Laajat sovellukset: Ajattoman muotoilunsa ansiosta t\u00e4m\u00e4 kelluva laatikkohylly t\u00e4ydent\u00e4\u00e4 vaivattomasti sisustusta ja sit\u00e4 voidaan k\u00e4ytt\u00e4\u00e4 olohuoneessa, makuuhuoneessa ja muissa tiloissa.<\/li>\n<li>Helppo huoltaa: Sile\u00e4n pinnan ansiosta t\u00e4m\u00e4 sein\u00e4kuutiovarasto on helppo puhdistaa kostealla liinalla ja vaatii v\u00e4hemm\u00e4n huoltoa.<\/li>\n<\/ul>\n<p>Hyv\u00e4 tiet\u00e4\u00e4:<\/p>\n<ul>\n<li>Sein\u00e4\u00e4n kiinnitett\u00e4v\u00e4t ruuvit ja tulpat eiv\u00e4t sis\u00e4lly toimitukseen. Suosittelemme etsim\u00e4\u00e4n ja k\u00e4ytt\u00e4m\u00e4\u00e4n sein\u00e4\u00e4si sopivia ruuveja ja tulppia. Jos olet ep\u00e4varma, kysy ammattilaisen neuvoa. Lue ja noudata ohjeiden jokaista vaihetta.<\/li>\n<\/ul>\n<ul>\n<li>V\u00e4ri: savutammi<\/li>\n<li>Materiaali: Tekninen puu<\/li>\n<li>Kokonaismitat: 100 x 18 x 100 cm (L x S x K)<\/li>\n<li>Kunkin lokeron mitat: 32\/63,5 x 18 x 15\/31 cm (L x S x K)<\/li>\n<li>Lokeroiden lukum\u00e4\u00e4r\u00e4: 7<\/li>\n<li>Maksimikantavuus: 60 kg<\/li>\n<li>Asennus vaaditaan: Kyll\u00e4<\/li>\n<\/ul>\n","protected":false},"excerpt":{"rendered":"<ul>\n<li>V\u00e4ri: savutammi<\/li>\n<li>Materiaali: Tekninen puu<\/li>\n<li>Kokonaismitat: 100 x 18 x 100 cm (L x S x K)<\/li>\n<li>Kunkin lokeron mitat: 32\/63,5 x 18 x 15\/31 cm (L x S x K)<\/li>\n<li>Lokeroiden lukum\u00e4\u00e4r\u00e4: 7<\/li>\n<li>Maksimikantavuus: 60 kg<\/li>\n<li>Asennus vaaditaan: Kyll\u00e4<\/li>\n<\/ul>\n","protected":false},"featured_media":100000175156,"comment_status":"closed","ping_status":"closed","template":"","meta":[],"product_brand":[],"product_cat":[84,8634],"product_tag":[],"class_list":{"0":"post-175156","1":"product","2":"type-product","3":"status-publish","4":"has-post-thumbnail","6":"product_cat-huonekalut","7":"product_cat-seinahyllyt","9":"first","10":"instock","11":"taxable","12":"shipping-taxable","13":"purchasable","14":"product-type-simple"},"_links":{"self":[{"href":"https:\/\/www.otiumhome.fi\/index.php\/wp-json\/wp\/v2\/product\/175156","targetHints":{"allow":["GET"]}}],"collection":[{"href":"https:\/\/www.otiumhome.fi\/index.php\/wp-json\/wp\/v2\/product"}],"about":[{"href":"https:\/\/www.otiumhome.fi\/index.php\/wp-json\/wp\/v2\/types\/product"}],"replies":[{"embeddable":true,"href":"https:\/\/www.otiumhome.fi\/index.php\/wp-json\/wp\/v2\/comments?post=175156"}],"wp:featuredmedia":[{"embeddable":true,"href":"https:\/\/www.otiumhome.fi\/index.php\/wp-json\/"}],"wp:attachment":[{"href":"https:\/\/www.otiumhome.fi\/index.php\/wp-json\/wp\/v2\/media?parent=175156"}],"wp:term":[{"taxonomy":"product_brand","embeddable":true,"href":"https:\/\/www.otiumhome.fi\/index.php\/wp-json\/wp\/v2\/product_brand?post=175156"},{"taxonomy":"product_cat","embeddable":true,"href":"https:\/\/www.otiumhome.fi\/index.php\/wp-json\/wp\/v2\/product_cat?post=175156"},{"taxonomy":"product_tag","embeddable":true,"href":"https:\/\/www.otiumhome.fi\/index.php\/wp-json\/wp\/v2\/product_tag?post=175156"}],"curies":[{"name":"wp","href":"https:\/\/api.w.org\/{rel}","templated":true}]}}