{"id":175131,"date":"2025-09-25T00:09:32","date_gmt":"2025-09-25T00:09:32","guid":{"rendered":"https:\/\/www.otiumhome.fi\/?p=175131"},"modified":"2025-12-20T06:51:51","modified_gmt":"2025-12-20T06:51:51","slug":"led-valollinen-meikkipoytasetti-peilivalot-3-pcs-artisan-tammi","status":"publish","type":"product","link":"https:\/\/www.otiumhome.fi\/index.php\/tuote\/led-valollinen-meikkipoytasetti-peilivalot-3-pcs-artisan-tammi\/","title":{"rendered":"LED-valollinen meikkip\u00f6yt\u00e4setti peilivalot 3 pcs Artisan tammi"},"content":{"rendered":"<p>T\u00e4m\u00e4 LED-meikkausp\u00f6yt\u00e4setti luo makuuhuoneestasi rauhallisen ja j\u00e4rjestelm\u00e4llisen meikkitilan. Se on t\u00e4ydellinen kauneusrituaaleihin ja meikkituotteiden j\u00e4rjest\u00e4miseen, yhdist\u00e4en modernin estetiikan ja toiminnallisen suunnittelun. Suorat linjat ja neutraalit v\u00e4rit sulautuvat hienosti eri sisustustyyleihin, luoden yhten\u00e4isen ja kutsuvan tunnelman. Kuvittele itsesi k\u00e4ytt\u00e4m\u00e4ss\u00e4 t\u00e4t\u00e4 tyylik\u00e4st\u00e4 setti\u00e4, nauttien kirkkaasta LED-valaistuksesta samalla kun hidastat kauneudenhoidon jokaisesta hetkest\u00e4.<\/p>\n<ul>\n<li><b>Laadukas insin\u00f6\u00f6ri puu:<\/b> T\u00e4m\u00e4 meikkip\u00f6yt\u00e4setti on tehty insin\u00f6\u00f6ri puusta, joka yhdist\u00e4\u00e4 kest\u00e4vyyden ja tyylin, mik\u00e4 tekee siit\u00e4 hienon valinnan makuuhuoneesi sisustukseen. Kest\u00e4v\u00e4 rakenne takaa, ett\u00e4 se kest\u00e4\u00e4 p\u00e4ivitt\u00e4ist\u00e4 k\u00e4ytt\u00f6\u00e4 ja parantaa tilasi ilmett\u00e4.<\/li>\n<li><b>Tehokas s\u00e4ilytysratkaisu:<\/b> Setiss\u00e4 on runsaasti tilaa useilla levyhyllyill\u00e4 ja insin\u00f6\u00f6ri puulaatikoilla. Saranoitavat ovet ja liukuovet helpottavat p\u00e4\u00e4sy\u00e4, toisin sanoen kaikki tarpeellinen pysyy j\u00e4rjestyksess\u00e4 ja helposti saatavilla, pit\u00e4en tilasi siistin\u00e4. Sen kekseli\u00e4s osasto auttaa pit\u00e4m\u00e4\u00e4n kauneusalueesi j\u00e4rjestyksess\u00e4.<\/li>\n<li><b>Integroidut LED-peilit:<\/b> Akryylipeilit, jotka ovat kevyempia ja turvallisempia kuin perinteinen lasi, sis\u00e4lt\u00e4v\u00e4t LED-valot, jotka toimivat painonapilla. T\u00e4m\u00e4 k\u00e4tev\u00e4 lis\u00e4ys parantaa n\u00e4kyvyytt\u00e4 meikiss\u00e4 ja kauneudenhoidossa, joten se on t\u00e4ydellinen hemmotteluhetkiin. Tyylikk\u00e4\u00e4t valot parantavat makuuhuoneesi tunnelmaa ja k\u00e4yt\u00e4nn\u00f6llisyytt\u00e4.<\/li>\n<li><b>Moderni design:<\/b> P\u00f6yd\u00e4ss\u00e4 on minimalistinen tyyli, jossa on puhtaat linjat ja suora toimivuus, mik\u00e4 edustaa modernin muotoilun periaatteita. Se sulautuu t\u00e4ydellisesti nykyaikaisiin sisustuksiin ja tarjoaa tyylikk\u00e4\u00e4n kokoelman, joka tekee makuuhuoneestasi elegantin suojan, tarjoamaan esteettisen ja toimivan tilan.<\/li>\n<li><b>Helppo kokoaminen ja huolto:<\/b> Kokoaminen on helppoa kahden henkil\u00f6n kanssa ruuvimeisselin kera. S\u00e4\u00e4nn\u00f6llinen huolto vaatii vain kevytt\u00e4 pyyhkimist\u00e4 kuivalla liinalla ja voimakkaiden kemikaalien v\u00e4ltt\u00e4mist\u00e4, varmistaen pitk\u00e4kestoisen vieh\u00e4tyksen. Laadukkaat materiaalit ja k\u00e4ytt\u00e4j\u00e4yst\u00e4v\u00e4llinen suunnittelu takaavat miellytt\u00e4v\u00e4n omistuskokemuksen ja kest\u00e4v\u00e4n eleganssin.<\/li>\n<\/ul>\n<ul>\n<li>V\u00e4ri: Artisan tammi<\/li>\n<li>Materiaali: Tekninen puu<\/li>\n<li>Yleiset mitat: 50 x 41 x 135 cm (P x L x K)<\/li>\n<li>Paino: 37,35 kg<\/li>\n<li>Kest\u00e4v\u00e4<\/li>\n<li>Virtal\u00e4hde: USB<\/li>\n<li>Valotyyppi: Peilivalot<\/li>\n<li>3 laatikoilla<\/li>\n<li>Akryylipeilit<\/li>\n<li>Mukana 6 levyhyllyt<\/li>\n<li>Kehysmateriaali: Tekninen puu<\/li>\n<li>Mukana 2 saranoidut ovet<\/li>\n<li>Vain sis\u00e4k\u00e4ytt\u00f6\u00f6n<\/li>\n<li>Toimitus-:<\/li>\n<li>1 x LED-peilip\u00f6yt\u00e4: 50 x 41 x 135 cm (P x L x K)<\/li>\n<li>2 x Meikkip\u00f6yt\u00e4: 40 x 41 x 135 cm (P x L x K)<\/li>\n<li>Kokoonpano vaaditaan: Kyll\u00e4<\/li>\n<\/ul>\n","protected":false},"excerpt":{"rendered":"<ul>\n<li>V\u00e4ri: Artisan tammi<\/li>\n<li>Materiaali: Tekninen puu<\/li>\n<li>Yleiset mitat: 50 x 41 x 135 cm (P x L x K)<\/li>\n<li>Paino: 37,35 kg<\/li>\n<li>Kest\u00e4v\u00e4<\/li>\n<li>Virtal\u00e4hde: USB<\/li>\n<li>Valotyyppi: Peilivalot<\/li>\n<li>3 laatikoilla<\/li>\n<li>Akryylipeilit<\/li>\n<li>Mukana 6 levyhyllyt<\/li>\n<li>Kehysmateriaali: Tekninen puu<\/li>\n<li>Mukana 2 saranoidut ovet<\/li>\n<li>Vain sis\u00e4k\u00e4ytt\u00f6\u00f6n<\/li>\n<li>Toimitus-:<\/li>\n<li>1 x LED-peilip\u00f6yt\u00e4: 50 x 41 x 135 cm (P x L x K)<\/li>\n<li>2 x Meikkip\u00f6yt\u00e4: 40 x 41 x 135 cm (P x L x K)<\/li>\n<li>Kokoonpano vaaditaan: Kyll\u00e4<\/li>\n<\/ul>\n","protected":false},"featured_media":100000175131,"comment_status":"closed","ping_status":"closed","template":"","meta":[],"product_brand":[],"product_cat":[84,8561,8566],"product_tag":[],"class_list":{"0":"post-175131","1":"product","2":"type-product","3":"status-publish","4":"has-post-thumbnail","6":"product_cat-huonekalut","7":"product_cat-kampauspoydat","8":"product_cat-makuuhuoneen-kampauspoydat","10":"first","11":"outofstock","12":"taxable","13":"shipping-taxable","14":"purchasable","15":"product-type-simple"},"_links":{"self":[{"href":"https:\/\/www.otiumhome.fi\/index.php\/wp-json\/wp\/v2\/product\/175131","targetHints":{"allow":["GET"]}}],"collection":[{"href":"https:\/\/www.otiumhome.fi\/index.php\/wp-json\/wp\/v2\/product"}],"about":[{"href":"https:\/\/www.otiumhome.fi\/index.php\/wp-json\/wp\/v2\/types\/product"}],"replies":[{"embeddable":true,"href":"https:\/\/www.otiumhome.fi\/index.php\/wp-json\/wp\/v2\/comments?post=175131"}],"wp:featuredmedia":[{"embeddable":true,"href":"https:\/\/www.otiumhome.fi\/index.php\/wp-json\/"}],"wp:attachment":[{"href":"https:\/\/www.otiumhome.fi\/index.php\/wp-json\/wp\/v2\/media?parent=175131"}],"wp:term":[{"taxonomy":"product_brand","embeddable":true,"href":"https:\/\/www.otiumhome.fi\/index.php\/wp-json\/wp\/v2\/product_brand?post=175131"},{"taxonomy":"product_cat","embeddable":true,"href":"https:\/\/www.otiumhome.fi\/index.php\/wp-json\/wp\/v2\/product_cat?post=175131"},{"taxonomy":"product_tag","embeddable":true,"href":"https:\/\/www.otiumhome.fi\/index.php\/wp-json\/wp\/v2\/product_tag?post=175131"}],"curies":[{"name":"wp","href":"https:\/\/api.w.org\/{rel}","templated":true}]}}