{"id":175130,"date":"2025-09-25T00:08:51","date_gmt":"2025-09-25T00:08:51","guid":{"rendered":"https:\/\/www.otiumhome.fi\/?p=175130"},"modified":"2025-12-20T06:51:48","modified_gmt":"2025-12-20T06:51:48","slug":"led-valollinen-meikkipoytasetti-peilivalot-2-pcs-artisan-tammi","status":"publish","type":"product","link":"https:\/\/www.otiumhome.fi\/index.php\/tuote\/led-valollinen-meikkipoytasetti-peilivalot-2-pcs-artisan-tammi\/","title":{"rendered":"LED-valollinen meikkip\u00f6yt\u00e4setti peilivalot 2 pcs Artisan tammi"},"content":{"rendered":"<p>T\u00e4m\u00e4 meikkip\u00f6yd\u00e4n setti yhdist\u00e4\u00e4 toiminnallisuuden ja tyylin, tarjoten selke\u00e4n tilan pukeutumiselle ja valmistautumiselle. Sen tyylik\u00e4s muotoilu sopii t\u00e4ydellisesti nykyaikaiseen makuuhuoneeseen tuoden ripauksen eleganssia. Integroidut LED-valot peiliss\u00e4 luovat pehme\u00e4n tunnelman aikaisin aamulla tai my\u00f6h\u00e4isillalla, mik\u00e4 tekee siit\u00e4 houkuttelevan niille, jotka arvostavat omaa pukeutumisnurkkauksensa.<\/p>\n<ul>\n<li><b>Tekninen puu:<\/b> T\u00e4m\u00e4 meikkip\u00f6yd\u00e4n setti on tehty p\u00e4\u00e4asiassa teknisest\u00e4 puusta, joka tarjoaa kest\u00e4v\u00e4n perustan. Sile\u00e4 pinta t\u00e4ydent\u00e4\u00e4 makuuhuoneen sisustusta ja tuo miellytt\u00e4v\u00e4n kosketuksen, joka kest\u00e4\u00e4 p\u00e4ivitt\u00e4ist\u00e4 k\u00e4ytt\u00f6\u00e4.<\/li>\n<li><b>Integroidut LED-peilivalot:<\/b> Peiliss\u00e4 olevat LED-valot, joissa on k\u00e4tev\u00e4 painonappi, varmistavat riitt\u00e4v\u00e4n valaistuksen meikkaamiseen ilman varjoja.<\/li>\n<li><b>Toiminnalliset hyllyt:<\/b> Tauluhyllyt tarjoavat yksinkertaista tilaa kosmetiikalle ja muille tarvikkeille, pit\u00e4en ne j\u00e4rjestyksess\u00e4 ja helposti saatavilla.<\/li>\n<li><b>Monipuolinen USB-virtal\u00e4hde:<\/b> Meikkip\u00f6yt\u00e4 sis\u00e4lt\u00e4\u00e4 k\u00e4yt\u00e4nn\u00f6llisen USB-virtal\u00e4hteen, joten voit liitt\u00e4\u00e4 sen helposti laitteisiin ilman sotkua.<\/li>\n<li><b>Kest\u00e4v\u00e4 laatikko- ja ovij\u00e4rjestelm\u00e4:<\/b> Teknisest\u00e4 puusta valmistetut laatikot ja saranoidut ovet varmistavat kest\u00e4vyyden ja helppok\u00e4ytt\u00f6isyyden. T\u00e4m\u00e4 j\u00e4rjestelm\u00e4 pit\u00e4\u00e4 tavarat turvassa ja helposti k\u00e4ytett\u00e4viss\u00e4.<\/li>\n<\/ul>\n<ul>\n<li>V\u00e4ri: Artisan tammi<\/li>\n<li>Materiaali: Tekninen puu<\/li>\n<li>Yleiset mitat: 50 x 41 x 135 cm (P x L x K)<\/li>\n<li>Paino: 37,35 kg<\/li>\n<li>Kest\u00e4v\u00e4<\/li>\n<li>Virtal\u00e4hde: USB<\/li>\n<li>Valotyyppi: Peilivalot<\/li>\n<li>2 laatikoilla<\/li>\n<li>Akryylipeilit<\/li>\n<li>Mukana 3 levyhyllyt<\/li>\n<li>Kehysmateriaali: Tekninen puu<\/li>\n<li>Mukana 1 saranoitu ovi<\/li>\n<li>Vain sis\u00e4k\u00e4ytt\u00f6\u00f6n<\/li>\n<li>Toimitus-:<\/li>\n<li>1 x LED-peilip\u00f6yt\u00e4: 50 x 41 x 135 cm (PxLxK)<\/li>\n<li>1 x Meikkip\u00f6yt\u00e4: 40 x 41 x 135 cm (P x L x K)<\/li>\n<li>Kokoonpano vaaditaan: Kyll\u00e4<\/li>\n<\/ul>\n","protected":false},"excerpt":{"rendered":"<ul>\n<li>V\u00e4ri: Artisan tammi<\/li>\n<li>Materiaali: Tekninen puu<\/li>\n<li>Yleiset mitat: 50 x 41 x 135 cm (P x L x K)<\/li>\n<li>Paino: 37,35 kg<\/li>\n<li>Kest\u00e4v\u00e4<\/li>\n<li>Virtal\u00e4hde: USB<\/li>\n<li>Valotyyppi: Peilivalot<\/li>\n<li>2 laatikoilla<\/li>\n<li>Akryylipeilit<\/li>\n<li>Mukana 3 levyhyllyt<\/li>\n<li>Kehysmateriaali: Tekninen puu<\/li>\n<li>Mukana 1 saranoitu ovi<\/li>\n<li>Vain sis\u00e4k\u00e4ytt\u00f6\u00f6n<\/li>\n<li>Toimitus-:<\/li>\n<li>1 x LED-peilip\u00f6yt\u00e4: 50 x 41 x 135 cm (PxLxK)<\/li>\n<li>1 x Meikkip\u00f6yt\u00e4: 40 x 41 x 135 cm (P x L x K)<\/li>\n<li>Kokoonpano vaaditaan: Kyll\u00e4<\/li>\n<\/ul>\n","protected":false},"featured_media":100000175130,"comment_status":"closed","ping_status":"closed","template":"","meta":[],"product_brand":[],"product_cat":[84,8561,8566],"product_tag":[],"class_list":{"0":"post-175130","1":"product","2":"type-product","3":"status-publish","4":"has-post-thumbnail","6":"product_cat-huonekalut","7":"product_cat-kampauspoydat","8":"product_cat-makuuhuoneen-kampauspoydat","10":"first","11":"outofstock","12":"taxable","13":"shipping-taxable","14":"purchasable","15":"product-type-simple"},"_links":{"self":[{"href":"https:\/\/www.otiumhome.fi\/index.php\/wp-json\/wp\/v2\/product\/175130","targetHints":{"allow":["GET"]}}],"collection":[{"href":"https:\/\/www.otiumhome.fi\/index.php\/wp-json\/wp\/v2\/product"}],"about":[{"href":"https:\/\/www.otiumhome.fi\/index.php\/wp-json\/wp\/v2\/types\/product"}],"replies":[{"embeddable":true,"href":"https:\/\/www.otiumhome.fi\/index.php\/wp-json\/wp\/v2\/comments?post=175130"}],"wp:featuredmedia":[{"embeddable":true,"href":"https:\/\/www.otiumhome.fi\/index.php\/wp-json\/"}],"wp:attachment":[{"href":"https:\/\/www.otiumhome.fi\/index.php\/wp-json\/wp\/v2\/media?parent=175130"}],"wp:term":[{"taxonomy":"product_brand","embeddable":true,"href":"https:\/\/www.otiumhome.fi\/index.php\/wp-json\/wp\/v2\/product_brand?post=175130"},{"taxonomy":"product_cat","embeddable":true,"href":"https:\/\/www.otiumhome.fi\/index.php\/wp-json\/wp\/v2\/product_cat?post=175130"},{"taxonomy":"product_tag","embeddable":true,"href":"https:\/\/www.otiumhome.fi\/index.php\/wp-json\/wp\/v2\/product_tag?post=175130"}],"curies":[{"name":"wp","href":"https:\/\/api.w.org\/{rel}","templated":true}]}}