{"id":175124,"date":"2025-09-24T23:53:21","date_gmt":"2025-09-24T23:53:21","guid":{"rendered":"https:\/\/www.otiumhome.fi\/?p=175124"},"modified":"2025-12-19T21:58:28","modified_gmt":"2025-12-19T21:58:28","slug":"kylpyhuonekalustesetti-4-pcs-valkoinen-tekninen-puu-metalli","status":"publish","type":"product","link":"https:\/\/www.otiumhome.fi\/index.php\/tuote\/kylpyhuonekalustesetti-4-pcs-valkoinen-tekninen-puu-metalli\/","title":{"rendered":"Kylpyhuonekalustesetti 4 pcs Valkoinen Tekninen puu &#038; Metalli"},"content":{"rendered":"<p>T\u00e4m\u00e4 moderni kylpyhuonekalustesarja yhdist\u00e4\u00e4 tyylikk\u00e4\u00e4n ulkon\u00e4\u00f6n k\u00e4yt\u00e4nn\u00f6n toimintaan, tarjoten loistavia s\u00e4ilytysratkaisuja. Jokainen osa edustaa puhtaita linjoja ja eleganttia tyyli\u00e4, jolloin se sopii t\u00e4ydellisesti mihin tahansa sisustukseen. Sarja sis\u00e4lt\u00e4\u00e4 pesuallaskaapin, peilikaapin ja kaksi kaappia, jotka yhdess\u00e4 luovat siistin ja kauniin ymp\u00e4rist\u00f6n kylpyhuoneeseen.<\/p>\n<ul>\n<li><b>Materiaalikoostumus:<\/b> Valmistettu teknisest\u00e4 puusta, t\u00e4m\u00e4 sarja on kest\u00e4v\u00e4 ja tyylik\u00e4s. Materiaali on sile\u00e4, kosteudenkest\u00e4v\u00e4 ja t\u00e4ydellinen kylpyhuoneen tarpeisiin. Se takaa pitk\u00e4ik\u00e4isyyden ja helpon yll\u00e4pidon, yhdist\u00e4en k\u00e4yt\u00e4nn\u00f6llisyyden moderniin tyyliin.<\/li>\n<li><b>Toiminnalliset osat:<\/b> Sarja sis\u00e4lt\u00e4\u00e4 tukevan pesuallaskaapin, tilavan peilikaapin sek\u00e4 lyhyen ja pitk\u00e4n kylpyhuonekaapin. Kaikissa osissa on tyylikk\u00e4\u00e4t kahvat ja saranat, jotka ovat helppok\u00e4ytt\u00f6isi\u00e4. Yhdistelm\u00e4 tuo tilaan toimivuutta ja esteettist\u00e4 harmoniaa.<\/li>\n<li><b>Nykyaikainen suunnittelu:<\/b> Yksinkertaisuus ja moderni estetiikka tekev\u00e4t t\u00e4m\u00e4n sarjan t\u00e4ydelliseksi mihin tahansa kylpyhuoneeseen. Tyylikk\u00e4\u00e4t pinnat yhdistyv\u00e4t rustiikkiseen puuhun, luoden l\u00e4mp\u00f6\u00e4 ja kodikkuutta.<\/li>\n<li><b>Suositellaan kaikkiin kylpyhuoneisiin:<\/b> Erinomainen valinta erilaisten sisustustyyppien yhdist\u00e4miseen. T\u00e4m\u00e4 sarja on tarpeeksi monipuolinen sopimaan mihin tahansa tilaan.<\/li>\n<li><b>Monipuolinen kokoaminen:<\/b> Suunniteltu sein\u00e4asennukseen, osat hy\u00f6dynt\u00e4v\u00e4t tilaa ja parantavat k\u00e4ytett\u00e4vyytt\u00e4. Kokoamisohjeet vaativat ruuvimeisselin ja kaksi henkil\u00f6\u00e4, jotta tilank\u00e4ytt\u00f6 olisi mahdollisimman tehokasta.<\/li>\n<\/ul>\n<ul>\n<li>V\u00e4ri: Valkoinen<\/li>\n<li>Materiaali: Tekninen puu, metalli<\/li>\n<li>Yleiset mitat: 61 x 35 x 64 cm (P x L x K)<\/li>\n<li>Paino: 73,54 kg<\/li>\n<li>Peilill\u00e4<\/li>\n<li>Mukana 8 saranoidut ovet<\/li>\n<li>Vain sis\u00e4k\u00e4ytt\u00f6\u00f6n<\/li>\n<li>Toimitus-:<\/li>\n<li>1 x Allaskaappi: 61 x 35 x 64 cm(PxLxK)<\/li>\n<li>1 x Peilikaappi: 56 x 17 x 55 cm(PxLxK)<\/li>\n<li>1 x korkea kylpyhuonekaappi: 30 x 35 x 192 cm(PxLxK)<\/li>\n<li>1 x lyhyt kylpyhuonekaappi: 30 x 35 x 80 cm(PxLxK)<\/li>\n<li>Kokoonpano vaaditaan: Kyll\u00e4<\/li>\n<\/ul>\n","protected":false},"excerpt":{"rendered":"<ul>\n<li>V\u00e4ri: Valkoinen<\/li>\n<li>Materiaali: Tekninen puu, metalli<\/li>\n<li>Yleiset mitat: 61 x 35 x 64 cm (P x L x K)<\/li>\n<li>Paino: 73,54 kg<\/li>\n<li>Peilill\u00e4<\/li>\n<li>Mukana 8 saranoidut ovet<\/li>\n<li>Vain sis\u00e4k\u00e4ytt\u00f6\u00f6n<\/li>\n<li>Toimitus-:<\/li>\n<li>1 x Allaskaappi: 61 x 35 x 64 cm(PxLxK)<\/li>\n<li>1 x Peilikaappi: 56 x 17 x 55 cm(PxLxK)<\/li>\n<li>1 x korkea kylpyhuonekaappi: 30 x 35 x 192 cm(PxLxK)<\/li>\n<li>1 x lyhyt kylpyhuonekaappi: 30 x 35 x 80 cm(PxLxK)<\/li>\n<li>Kokoonpano vaaditaan: Kyll\u00e4<\/li>\n<\/ul>\n","protected":false},"featured_media":100000175124,"comment_status":"closed","ping_status":"closed","template":"","meta":[],"product_brand":[],"product_cat":[84,8561,8562],"product_tag":[],"class_list":{"0":"post-175124","1":"product","2":"type-product","3":"status-publish","4":"has-post-thumbnail","6":"product_cat-huonekalut","7":"product_cat-kampauspoydat","8":"product_cat-kylpyhuoneen-kampauspoydat","10":"first","11":"instock","12":"taxable","13":"shipping-taxable","14":"purchasable","15":"product-type-simple"},"_links":{"self":[{"href":"https:\/\/www.otiumhome.fi\/index.php\/wp-json\/wp\/v2\/product\/175124","targetHints":{"allow":["GET"]}}],"collection":[{"href":"https:\/\/www.otiumhome.fi\/index.php\/wp-json\/wp\/v2\/product"}],"about":[{"href":"https:\/\/www.otiumhome.fi\/index.php\/wp-json\/wp\/v2\/types\/product"}],"replies":[{"embeddable":true,"href":"https:\/\/www.otiumhome.fi\/index.php\/wp-json\/wp\/v2\/comments?post=175124"}],"wp:featuredmedia":[{"embeddable":true,"href":"https:\/\/www.otiumhome.fi\/index.php\/wp-json\/"}],"wp:attachment":[{"href":"https:\/\/www.otiumhome.fi\/index.php\/wp-json\/wp\/v2\/media?parent=175124"}],"wp:term":[{"taxonomy":"product_brand","embeddable":true,"href":"https:\/\/www.otiumhome.fi\/index.php\/wp-json\/wp\/v2\/product_brand?post=175124"},{"taxonomy":"product_cat","embeddable":true,"href":"https:\/\/www.otiumhome.fi\/index.php\/wp-json\/wp\/v2\/product_cat?post=175124"},{"taxonomy":"product_tag","embeddable":true,"href":"https:\/\/www.otiumhome.fi\/index.php\/wp-json\/wp\/v2\/product_tag?post=175124"}],"curies":[{"name":"wp","href":"https:\/\/api.w.org\/{rel}","templated":true}]}}