{"id":175123,"date":"2025-09-24T23:53:21","date_gmt":"2025-09-24T23:53:21","guid":{"rendered":"https:\/\/www.otiumhome.fi\/?p=175123"},"modified":"2025-11-29T05:57:52","modified_gmt":"2025-11-29T05:57:52","slug":"kylpyhuonekalustesetti-laatikon-kanssa-5-pcs-artisan-tammi","status":"publish","type":"product","link":"https:\/\/www.otiumhome.fi\/index.php\/tuote\/kylpyhuonekalustesetti-laatikon-kanssa-5-pcs-artisan-tammi\/","title":{"rendered":"Kylpyhuonekalustesetti laatikon kanssa 5 pcs Artisan tammi"},"content":{"rendered":"<p>T\u00e4m\u00e4 moderni kylpyhuonehuonekalusarja tekee tiloista tyylikk\u00e4it\u00e4 yksinkertaisella ja toimivalla designilla. Settiin kuuluu erilaisia kaappeja kaikkiin tarpeisiin, pesuallaskaapista korkeaan s\u00e4ilytysyksikk\u00f6\u00f6n, mik\u00e4 mahdollistaa henkil\u00f6kohtaisen kylpyhuonej\u00e4rjestelyn. Puhtaat linjat ja minimalismi tekev\u00e4t osista kauniisti hienostuneita, houkutellen niit\u00e4, jotka kaipaavat siisti\u00e4 ja organisoitua ymp\u00e4rist\u00f6\u00e4. Suunniteltu moderniin kotiin, t\u00e4m\u00e4 setti takaa k\u00e4yt\u00e4nn\u00f6llisyyden ilman tyylin menett\u00e4mist\u00e4, yhdistellen k\u00e4ytt\u00f6kelpoisuuden ja esteettisyyden.<\/p>\n<p> Materiaalit:  Setti on valmistettu p\u00e4\u00e4asiassa teknisest\u00e4 puusta, joka on kest\u00e4v\u00e4 ja kauniisti viimeistelty, yhdist\u00e4en kest\u00e4vyyden ja visuaalisen vieh\u00e4tyksen. Valinta takaa pitk\u00e4ik\u00e4iset k\u00e4ytt\u00f6mahdollisuudet ja samalla modernin ilmeen, joka t\u00e4ydent\u00e4\u00e4 erilaisia suunnittelutaitoja, parantaen kylpyhuoneen ulkon\u00e4k\u00f6\u00e4 ja k\u00e4yt\u00e4nn\u00f6llisyytt\u00e4.   Kaikki osat:  Setti koostuu viidest\u00e4 eri osasta, kuten pesuallaskaappi, peilikaappi ja muita s\u00e4ilytyskaappeja, varmistaen kattavat s\u00e4ilytysratkaisut kaikkiin tarpeisiin. Jokainen osa on huolellisesti suunniteltu erityiseen s\u00e4ilytystarpeeseen, tarjoten sek\u00e4 avoimia ett\u00e4 suljettuja tiloja organisointia ja helppoa p\u00e4\u00e4sy\u00e4 varten.   Ominaisuudet \/ Toiminta \/ Muotoilu:  Sein\u00e4lle kiinnitett\u00e4v\u00e4 malli s\u00e4\u00e4st\u00e4\u00e4 lattiapinta-alaa, pit\u00e4en kylpyhuoneen siistin\u00e4 ja avarana. Saranoidut ovet ja tangkikahvat lis\u00e4\u00e4v\u00e4t modernia ilmeikkyytt\u00e4, samalla tarjoten k\u00e4yt\u00e4nn\u00f6llisyytt\u00e4 ja helppok\u00e4ytt\u00f6isyytt\u00e4. Sen saumattomasti muotoiltu ulkon\u00e4k\u00f6 sopii niin nykyaikaiseen kuin perinteiseen sisustukseen, parantaen tilan k\u00e4ytt\u00f6\u00e4 ja esteettist\u00e4 yhten\u00e4isyytt\u00e4.   Suositellut k\u00e4ytt\u00f6mahdollisuudet:  T\u00e4ydellinen vaihtoehto kylpyhuoneille, jotka etsiv\u00e4t j\u00e4rjestyst\u00e4 ja modernia eleganssia. Setti t\u00e4ytt\u00e4\u00e4 erilaiset s\u00e4ilytystarpeet samalla kun se pit\u00e4\u00e4 jalanj\u00e4ljen minimiss\u00e4, mik\u00e4 tekee siit\u00e4 loistavan valinnan tilatietoisille k\u00e4ytt\u00e4jille, jotka haluavat maksimoida rajoitetun tilan ilman, ett\u00e4 tyylist\u00e4 tai k\u00e4yt\u00e4nn\u00f6llisyydest\u00e4 tingit\u00e4\u00e4n.   Hoito ja yll\u00e4pito:  Pid\u00e4 pinnat puhtaina s\u00e4\u00e4nn\u00f6llisesti pyyhkim\u00e4ll\u00e4 ne pehme\u00e4ll\u00e4 kuivalla liinalla, v\u00e4lt\u00e4 voimakkaita kemikaaleja s\u00e4ilytt\u00e4\u00e4ksesi materiaalin laadun. Varmista kaappien turvallisuus oikeilla kiinnikkeill\u00e4, mik\u00e4 parantaa niiden kest\u00e4vyytt\u00e4 ja k\u00e4ytt\u00f6ik\u00e4\u00e4. <\/p>\n<ul>\n<li>V\u00e4ri: Artisan tammi<\/li>\n<li>Materiaali: Tekninen puu, metalli<\/li>\n<li>Yleiset mitat: 61 x 35 x 64 cm (P x L x K)<\/li>\n<li>Paino: 75,1 kg<\/li>\n<li>Laatikolla<\/li>\n<li>Peilill\u00e4<\/li>\n<li>10 ovien kanssa<\/li>\n<li>Sis\u00e4- \/ ulkotiloissa: Vain sis\u00e4k\u00e4ytt\u00f6\u00f6n<\/li>\n<li>Toimitus-:<\/li>\n<li>1 x Kylpyhuoneen allaskaappi: 61 x 35 x 64 cm (PxLxK)<\/li>\n<li>1 x Kylpyhuoneen peilikaappi: 56 x 17 x 55 cm (PxLxK)<\/li>\n<li>1 x korkea Kylpyhuoneen kaappi: 30 x 35 x 192 cm (PxLxK)<\/li>\n<li>1 x keskikokoinen Kylpyhuoneen kaappi: 30 x 35 x 95 cm (PxLxK)<\/li>\n<li>1 x matala Kylpyhuoneen kaappi: 30 x 35 x 61 cm (PxLxK)<\/li>\n<li>Kokoonpano vaaditaan: Kyll\u00e4<\/li>\n<\/ul>\n","protected":false},"excerpt":{"rendered":"<ul>\n<li>V\u00e4ri: Artisan tammi<\/li>\n<li>Materiaali: Tekninen puu, metalli<\/li>\n<li>Yleiset mitat: 61 x 35 x 64 cm (P x L x K)<\/li>\n<li>Paino: 75,1 kg<\/li>\n<li>Laatikolla<\/li>\n<li>Peilill\u00e4<\/li>\n<li>10 ovien kanssa<\/li>\n<li>Sis\u00e4- \/ ulkotiloissa: Vain sis\u00e4k\u00e4ytt\u00f6\u00f6n<\/li>\n<li>Toimitus-:<\/li>\n<li>1 x Kylpyhuoneen allaskaappi: 61 x 35 x 64 cm (PxLxK)<\/li>\n<li>1 x Kylpyhuoneen peilikaappi: 56 x 17 x 55 cm (PxLxK)<\/li>\n<li>1 x korkea Kylpyhuoneen kaappi: 30 x 35 x 192 cm (PxLxK)<\/li>\n<li>1 x keskikokoinen Kylpyhuoneen kaappi: 30 x 35 x 95 cm (PxLxK)<\/li>\n<li>1 x matala Kylpyhuoneen kaappi: 30 x 35 x 61 cm (PxLxK)<\/li>\n<li>Kokoonpano vaaditaan: Kyll\u00e4<\/li>\n<\/ul>\n","protected":false},"featured_media":100000175123,"comment_status":"closed","ping_status":"closed","template":"","meta":[],"product_brand":[],"product_cat":[84,8561,8562],"product_tag":[],"class_list":{"0":"post-175123","1":"product","2":"type-product","3":"status-publish","4":"has-post-thumbnail","6":"product_cat-huonekalut","7":"product_cat-kampauspoydat","8":"product_cat-kylpyhuoneen-kampauspoydat","10":"first","11":"outofstock","12":"taxable","13":"shipping-taxable","14":"purchasable","15":"product-type-simple"},"_links":{"self":[{"href":"https:\/\/www.otiumhome.fi\/index.php\/wp-json\/wp\/v2\/product\/175123","targetHints":{"allow":["GET"]}}],"collection":[{"href":"https:\/\/www.otiumhome.fi\/index.php\/wp-json\/wp\/v2\/product"}],"about":[{"href":"https:\/\/www.otiumhome.fi\/index.php\/wp-json\/wp\/v2\/types\/product"}],"replies":[{"embeddable":true,"href":"https:\/\/www.otiumhome.fi\/index.php\/wp-json\/wp\/v2\/comments?post=175123"}],"wp:featuredmedia":[{"embeddable":true,"href":"https:\/\/www.otiumhome.fi\/index.php\/wp-json\/"}],"wp:attachment":[{"href":"https:\/\/www.otiumhome.fi\/index.php\/wp-json\/wp\/v2\/media?parent=175123"}],"wp:term":[{"taxonomy":"product_brand","embeddable":true,"href":"https:\/\/www.otiumhome.fi\/index.php\/wp-json\/wp\/v2\/product_brand?post=175123"},{"taxonomy":"product_cat","embeddable":true,"href":"https:\/\/www.otiumhome.fi\/index.php\/wp-json\/wp\/v2\/product_cat?post=175123"},{"taxonomy":"product_tag","embeddable":true,"href":"https:\/\/www.otiumhome.fi\/index.php\/wp-json\/wp\/v2\/product_tag?post=175123"}],"curies":[{"name":"wp","href":"https:\/\/api.w.org\/{rel}","templated":true}]}}