{"id":175095,"date":"2025-09-24T23:46:46","date_gmt":"2025-09-24T23:46:46","guid":{"rendered":"https:\/\/www.otiumhome.fi\/?p=175095"},"modified":"2025-12-19T21:58:19","modified_gmt":"2025-12-19T21:58:19","slug":"kylpyhuonekalustesetti-3-pcs-savupahkina-tekninen-puu-metalli","status":"publish","type":"product","link":"https:\/\/www.otiumhome.fi\/index.php\/tuote\/kylpyhuonekalustesetti-3-pcs-savupahkina-tekninen-puu-metalli\/","title":{"rendered":"Kylpyhuonekalustesetti 3 pcs Savup\u00e4hkin\u00e4 Tekninen puu &#038; Metalli"},"content":{"rendered":"<p>T\u00e4\u00e4 moderni kylpyhuonekalustesetti tekee kylpyhuoneestasi tyylikk\u00e4\u00e4n ja toimivan. Sen virtaviivainen design ja monik\u00e4ytt\u00f6isyys ovat t\u00e4ydellisi\u00e4 nykyaikaisiin sisustuksiin, ja mustat metallikorostukset tuovat raikkautta tilaan. T\u00e4m\u00e4 setti on loistava valinta omistajille, jotka arvostavat sek\u00e4 muotoa ett\u00e4 k\u00e4yt\u00e4nn\u00f6llisyytt\u00e4.<\/p>\n<ul>\n<li><b>Materiaalit:<\/b> Setti on tehty teknisest\u00e4 puusta, mik\u00e4 tekee siit\u00e4 kest\u00e4v\u00e4n ja kevyen. Metallijalat tarjoavat hyv\u00e4n tuen ja lis\u00e4\u00e4v\u00e4t vakautta.<\/li>\n<li><b>Valmiit osat:<\/b> Setiss\u00e4 on pesukaappi (61 x 35 x 64 cm), peilikaappi (56 x 17 x 55 cm) ja lis\u00e4varastokaappi (30 x 35 x 80 cm). Jokainen osa on suunniteltu tilank\u00e4yt\u00f6n ja s\u00e4ilytt\u00e4misen maksimoimiseksi.<\/li>\n<li><b>Toiminnallinen muotoilu:<\/b> K\u00e4yt\u00e4nn\u00f6lliset ovet ja k\u00e4tev\u00e4t tankokahvat avaavat ja sulkevat kaapit vaivatta, jolloin tavaroihin on helppo p\u00e4\u00e4st\u00e4 k\u00e4siksi. Sein\u00e4kiinnitett\u00e4v\u00e4 design s\u00e4\u00e4st\u00e4\u00e4 lattiatilaa, sopien hyvin pienille ja keskikokoisille kylpyhuoneille.<\/li>\n<li><b>Tilan tehokkuus:<\/b> Suorakaiteen muoto ja virtaviivainen rakenne varmistavat s\u00e4ilytystilan tehokkaan k\u00e4yt\u00f6n, pit\u00e4en tavarat j\u00e4rjestyksess\u00e4 ja kylpyhuoneen ilmeen siistin\u00e4.<\/li>\n<li><b>Kokoaminen ja huolto:<\/b> Kokoaminen vaatii ruuvimeisselin ja suositus on tehd\u00e4 se kahdestaan, jotta asennus onnistuu hyvin. Helppohoitoinen materiaali tarkoittaa, ett\u00e4 tarvitsee vain pyyhki\u00e4 kuiva liina, jotta osat pysyv\u00e4t kunnossa.<\/li>\n<\/ul>\n<ul>\n<li>V\u00e4ri: Savup\u00e4hkin\u00e4<\/li>\n<li>Materiaali: Tekninen puu, metalli<\/li>\n<li>Yleiset mitat: 61 x 35 x 64 cm (P x L x K)<\/li>\n<li>Paino: 41,35 kg<\/li>\n<li>Yhdell\u00e4 laatikolla<\/li>\n<li>Peilill\u00e4<\/li>\n<li>Mukana 6 saranoidut ovet<\/li>\n<li>Vain sis\u00e4k\u00e4ytt\u00f6\u00f6n<\/li>\n<li>Toimitus-:<\/li>\n<li>1 x Kylpyhuoneen pesuallas kaappi: 61 x 35 x 64 cm(PxLxK)<\/li>\n<li>1 x Kylpyhuoneen peilikaappi: 56 x 17 x 55 cm(PxLxK)<\/li>\n<li>1 x Kylpyhuoneen kaappi: 30 x 35 x 80 cm(PxLxK)<\/li>\n<li>Kokoonpano vaaditaan: Kyll\u00e4<\/li>\n<\/ul>\n","protected":false},"excerpt":{"rendered":"<ul>\n<li>V\u00e4ri: Savup\u00e4hkin\u00e4<\/li>\n<li>Materiaali: Tekninen puu, metalli<\/li>\n<li>Yleiset mitat: 61 x 35 x 64 cm (P x L x K)<\/li>\n<li>Paino: 41,35 kg<\/li>\n<li>Yhdell\u00e4 laatikolla<\/li>\n<li>Peilill\u00e4<\/li>\n<li>Mukana 6 saranoidut ovet<\/li>\n<li>Vain sis\u00e4k\u00e4ytt\u00f6\u00f6n<\/li>\n<li>Toimitus-:<\/li>\n<li>1 x Kylpyhuoneen pesuallas kaappi: 61 x 35 x 64 cm(PxLxK)<\/li>\n<li>1 x Kylpyhuoneen peilikaappi: 56 x 17 x 55 cm(PxLxK)<\/li>\n<li>1 x Kylpyhuoneen kaappi: 30 x 35 x 80 cm(PxLxK)<\/li>\n<li>Kokoonpano vaaditaan: Kyll\u00e4<\/li>\n<\/ul>\n","protected":false},"featured_media":100000175095,"comment_status":"closed","ping_status":"closed","template":"","meta":[],"product_brand":[],"product_cat":[84,8561,8562],"product_tag":[],"class_list":{"0":"post-175095","1":"product","2":"type-product","3":"status-publish","4":"has-post-thumbnail","6":"product_cat-huonekalut","7":"product_cat-kampauspoydat","8":"product_cat-kylpyhuoneen-kampauspoydat","10":"first","11":"outofstock","12":"taxable","13":"shipping-taxable","14":"purchasable","15":"product-type-simple"},"_links":{"self":[{"href":"https:\/\/www.otiumhome.fi\/index.php\/wp-json\/wp\/v2\/product\/175095","targetHints":{"allow":["GET"]}}],"collection":[{"href":"https:\/\/www.otiumhome.fi\/index.php\/wp-json\/wp\/v2\/product"}],"about":[{"href":"https:\/\/www.otiumhome.fi\/index.php\/wp-json\/wp\/v2\/types\/product"}],"replies":[{"embeddable":true,"href":"https:\/\/www.otiumhome.fi\/index.php\/wp-json\/wp\/v2\/comments?post=175095"}],"wp:featuredmedia":[{"embeddable":true,"href":"https:\/\/www.otiumhome.fi\/index.php\/wp-json\/"}],"wp:attachment":[{"href":"https:\/\/www.otiumhome.fi\/index.php\/wp-json\/wp\/v2\/media?parent=175095"}],"wp:term":[{"taxonomy":"product_brand","embeddable":true,"href":"https:\/\/www.otiumhome.fi\/index.php\/wp-json\/wp\/v2\/product_brand?post=175095"},{"taxonomy":"product_cat","embeddable":true,"href":"https:\/\/www.otiumhome.fi\/index.php\/wp-json\/wp\/v2\/product_cat?post=175095"},{"taxonomy":"product_tag","embeddable":true,"href":"https:\/\/www.otiumhome.fi\/index.php\/wp-json\/wp\/v2\/product_tag?post=175095"}],"curies":[{"name":"wp","href":"https:\/\/api.w.org\/{rel}","templated":true}]}}