{"id":175078,"date":"2025-09-24T23:37:54","date_gmt":"2025-09-24T23:37:54","guid":{"rendered":"https:\/\/www.otiumhome.fi\/?p=175078"},"modified":"2025-12-19T16:13:42","modified_gmt":"2025-12-19T16:13:42","slug":"kylpyhuonekalustesetti-laatikon-kanssa-4-pcs-harmaa-sonoma","status":"publish","type":"product","link":"https:\/\/www.otiumhome.fi\/index.php\/tuote\/kylpyhuonekalustesetti-laatikon-kanssa-4-pcs-harmaa-sonoma\/","title":{"rendered":"Kylpyhuonekalustesetti laatikon kanssa 4 pcs Harmaa Sonoma"},"content":{"rendered":"<p>T\u00e4m\u00e4 kylpyhuonesetti tarjoaa hienostunutta tasapainoa tyylin ja k\u00e4yt\u00f6n v\u00e4lill\u00e4, muuttaen tilasi rauhalliseksi turvapaikaksi. Se on valmistettu teknisest\u00e4 puusta ja metallista, ja sis\u00e4lt\u00e4\u00e4 kaiken tarpeellisen s\u00e4ilytys- ja k\u00e4yt\u00e4nn\u00f6n tarpeidesi t\u00e4ytt\u00e4miseksi. Minimalistinen muotoilu ja selke\u00e4t linjat varmistavat, ett\u00e4 jokainen sentti kylpyhuoneestasi on k\u00e4yt\u00f6ss\u00e4 ilman, ett\u00e4 tyyli k\u00e4rsii. T\u00e4m\u00e4 setti on kest\u00e4v\u00e4 ja tyylik\u00e4s yhdistelm\u00e4, joka on k\u00e4tev\u00e4sti ker\u00e4tty yhteen paikkaan.<\/p>\n<ul>\n<li><b>Kest\u00e4vi\u00e4 materiaaleja:<\/b> Setti on tehty teknisest\u00e4 puusta ja metallista, jotka takaavat kevyen ja kest\u00e4v\u00e4n rakenteen. T\u00e4m\u00e4 yhdistelm\u00e4 pident\u00e4\u00e4 elinik\u00e4\u00e4 ja tuo tyylikkyytt\u00e4 kylpyhuoneen ilmeeseen. Sen muotoilu tarjoaa erinomaisen tasapainon k\u00e4yt\u00e4nn\u00f6llisyyden ja tyylin v\u00e4lill\u00e4, mik\u00e4 tekee siit\u00e4 v\u00e4ltt\u00e4m\u00e4tt\u00f6m\u00e4n osan kaiken kokoiseen tilaan.<\/li>\n<li><b>Runsaita s\u00e4ilytysratkaisuja:<\/b> Monen kokoiset kaapit tarjoavat s\u00e4ilytystilaa kylpyhuonetarvikkeille, pyyhkeet mukaan lukien. Tasaiset ovet ja tangokahvat tekev\u00e4t tavaroiden l\u00f6yt\u00e4misest\u00e4 helppoa. T\u00e4m\u00e4 setti on suunniteltu t\u00e4ytt\u00e4m\u00e4\u00e4n kaikenlaiset tarpeet<\/li>\n<li><b>Sein\u00e4kiinnitett\u00e4v\u00e4 muotoilu:<\/b> S\u00e4\u00e4st\u00e4 tilaa lattiasta yksinkertaisella sein\u00e4kiinnitett\u00e4v\u00e4ll\u00e4 ratkaisulla. T\u00e4m\u00e4 parantaa huoneen liikkuvuutta ja pit\u00e4\u00e4 tilan siistin\u00e4 ja modernina. T\u00e4m\u00e4 muotoilu tekee jopa pienist\u00e4 kylpyhuoneista toimivia tiloja.<\/li>\n<li><b>Mukana olevat osat:<\/b> Setti sis\u00e4lt\u00e4\u00e4 kylpyhuonesinkkikaapin, peilikaapin, matalan kaapin ja korkean kaapin, jotka kaikki auttavat pit\u00e4m\u00e4\u00e4n kylpyhuoneen siistin\u00e4.<\/li>\n<li><b>Hoito-ohjeet:<\/b> Setin kauniin ulkon\u00e4\u00f6n s\u00e4ilytt\u00e4minen on helppoa; sile\u00e4t pinnat voi pyyhki\u00e4 kostealla liinalla, mit\u00e4 helpottaa hygienian yll\u00e4pitoa. N\u00e4m\u00e4 matalat huoltovaatimukset sopivat kiireisiin kotitalouksiin.<\/li>\n<\/ul>\n<ul>\n<li>V\u00e4ri: Harmaa sonoma<\/li>\n<li>Materiaali: Merkitylt\u00e4\u00e4n puu ja metalli<\/li>\n<li>Yleiset mitat: 35 x 30 x 192 cm (P x L x K)<\/li>\n<li>Paino: 76,15 kg<\/li>\n<li>Runsaasti s\u00e4ilytystilaa<\/li>\n<li>2 laatikoilla<\/li>\n<li>Tasainen peili<\/li>\n<li>Mukana 16 levyhyllyt<\/li>\n<li>Mukana 6 tasaiset ovet<\/li>\n<li>Enimm\u00e4ispaino: 240 kg<\/li>\n<li>Vain sis\u00e4k\u00e4ytt\u00f6\u00f6n<\/li>\n<li>Toimitus-:<\/li>\n<li>1 x Kylpyhuoneen pesukonsole: 76.5 x 35 x 64 cm (PxLxK)<\/li>\n<li>1 x Kylpyhuoneen peilikaappi: 80 x 17 x 55 cm (PxLxK)<\/li>\n<li>1 x Kylpyhuoneen kaappi (matala): 35 x 30 x 95 cm (PxLxK)<\/li>\n<li>1 x Kylpyhuoneen kaappi (korkea): 35 x 30 x 192 cm (PxLxK)<\/li>\n<li>Kokoonpano vaaditaan: Kyll\u00e4<\/li>\n<li>Kiinnitys sis\u00e4lsi: Asennustarvikkeet eiv\u00e4t tule mukana<\/li>\n<\/ul>\n","protected":false},"excerpt":{"rendered":"<ul>\n<li>V\u00e4ri: Harmaa sonoma<\/li>\n<li>Materiaali: Merkitylt\u00e4\u00e4n puu ja metalli<\/li>\n<li>Yleiset mitat: 35 x 30 x 192 cm (P x L x K)<\/li>\n<li>Paino: 76,15 kg<\/li>\n<li>Runsaasti s\u00e4ilytystilaa<\/li>\n<li>2 laatikoilla<\/li>\n<li>Tasainen peili<\/li>\n<li>Mukana 16 levyhyllyt<\/li>\n<li>Mukana 6 tasaiset ovet<\/li>\n<li>Enimm\u00e4ispaino: 240 kg<\/li>\n<li>Vain sis\u00e4k\u00e4ytt\u00f6\u00f6n<\/li>\n<li>Toimitus-:<\/li>\n<li>1 x Kylpyhuoneen pesukonsole: 76.5 x 35 x 64 cm (PxLxK)<\/li>\n<li>1 x Kylpyhuoneen peilikaappi: 80 x 17 x 55 cm (PxLxK)<\/li>\n<li>1 x Kylpyhuoneen kaappi (matala): 35 x 30 x 95 cm (PxLxK)<\/li>\n<li>1 x Kylpyhuoneen kaappi (korkea): 35 x 30 x 192 cm (PxLxK)<\/li>\n<li>Kokoonpano vaaditaan: Kyll\u00e4<\/li>\n<li>Kiinnitys sis\u00e4lsi: Asennustarvikkeet eiv\u00e4t tule mukana<\/li>\n<\/ul>\n","protected":false},"featured_media":100000175078,"comment_status":"closed","ping_status":"closed","template":"","meta":[],"product_brand":[],"product_cat":[84,8560],"product_tag":[],"class_list":{"0":"post-175078","1":"product","2":"type-product","3":"status-publish","4":"has-post-thumbnail","6":"product_cat-huonekalut","7":"product_cat-kylpyhuoneen-kalusteet","9":"first","10":"instock","11":"taxable","12":"shipping-taxable","13":"purchasable","14":"product-type-simple"},"_links":{"self":[{"href":"https:\/\/www.otiumhome.fi\/index.php\/wp-json\/wp\/v2\/product\/175078","targetHints":{"allow":["GET"]}}],"collection":[{"href":"https:\/\/www.otiumhome.fi\/index.php\/wp-json\/wp\/v2\/product"}],"about":[{"href":"https:\/\/www.otiumhome.fi\/index.php\/wp-json\/wp\/v2\/types\/product"}],"replies":[{"embeddable":true,"href":"https:\/\/www.otiumhome.fi\/index.php\/wp-json\/wp\/v2\/comments?post=175078"}],"wp:featuredmedia":[{"embeddable":true,"href":"https:\/\/www.otiumhome.fi\/index.php\/wp-json\/"}],"wp:attachment":[{"href":"https:\/\/www.otiumhome.fi\/index.php\/wp-json\/wp\/v2\/media?parent=175078"}],"wp:term":[{"taxonomy":"product_brand","embeddable":true,"href":"https:\/\/www.otiumhome.fi\/index.php\/wp-json\/wp\/v2\/product_brand?post=175078"},{"taxonomy":"product_cat","embeddable":true,"href":"https:\/\/www.otiumhome.fi\/index.php\/wp-json\/wp\/v2\/product_cat?post=175078"},{"taxonomy":"product_tag","embeddable":true,"href":"https:\/\/www.otiumhome.fi\/index.php\/wp-json\/wp\/v2\/product_tag?post=175078"}],"curies":[{"name":"wp","href":"https:\/\/api.w.org\/{rel}","templated":true}]}}