{"id":175054,"date":"2025-09-24T23:18:39","date_gmt":"2025-09-24T23:18:39","guid":{"rendered":"https:\/\/www.otiumhome.fi\/?p=175054"},"modified":"2025-12-14T05:47:43","modified_gmt":"2025-12-14T05:47:43","slug":"7-osainen-baarisarja-musta-ja-valkoinen","status":"publish","type":"product","link":"https:\/\/www.otiumhome.fi\/index.php\/tuote\/7-osainen-baarisarja-musta-ja-valkoinen\/","title":{"rendered":"7-osainen baarisarja musta ja valkoinen"},"content":{"rendered":"<p>Moderni ja nykyaikainen baarisarjamme sopii t\u00e4ydellisesti modernien koteihin, puutarhoihin, baareihin, pubeihin tai ravintoloihin. Sen puhdas ja nykyaikainen muotoilu t\u00e4ydent\u00e4\u00e4 mit\u00e4 tahansa sisustusta.<\/p>\n<\/p>\n<p>Tuotteessa on kest\u00e4v\u00e4 MDF p\u00f6yt\u00e4levy ja kest\u00e4v\u00e4t metallijalat puutyylill\u00e4. Pubituolit on valmistettu maalatusta metallista, joten se on vahva ja kest\u00e4v\u00e4. Vahvistettu tanko istuimen alla ja jalkatuki parantavat tuolin vakautta. Ne voidaan pinota helppoa s\u00e4ilytt\u00e4mist\u00e4 varten, joka on erinomainen ominaisuus pieniss\u00e4 tiloissa.<\/p>\n<ul>\n<li><strong>Baarip\u00f6yt\u00e4:<\/strong><\/li>\n<li>V\u00e4ri: musta<\/li>\n<li>Materiaali: MDF, metalli<\/li>\n<li>Mitat: 120 x 60 x 105 cm (P x L x K)<\/li>\n<li>Jaloissa l\u00e4mp\u00f6siirretty puukuviointi<\/li>\n<li><strong>Baarijakkarat:<\/strong><\/li>\n<li>V\u00e4ri: valkoinen<\/li>\n<li>Materiaali: metalli<\/li>\n<li>Tuolin mitat: 43 x 43 x 77 cm (L x S x K)<\/li>\n<li>Tanko istuimen alla<\/li>\n<li>Jalkatuella<\/li>\n<li>Voidaan pinota p\u00e4\u00e4llek\u00e4in<\/li>\n<li>Asennus vaaditaan: kyll\u00e4<\/li>\n<li><strong>Toimitus sis\u00e4lt\u00e4\u00e4:<\/strong><\/li>\n<li>1 x baarip\u00f6yt\u00e4<\/li>\n<li>6 x baarijakkara<\/li>\n<\/ul>\n","protected":false},"excerpt":{"rendered":"<ul>\n<li><strong>Baarip\u00f6yt\u00e4:<\/strong><\/li>\n<li>V\u00e4ri: musta<\/li>\n<li>Materiaali: MDF, metalli<\/li>\n<li>Mitat: 120 x 60 x 105 cm (P x L x K)<\/li>\n<li>Jaloissa l\u00e4mp\u00f6siirretty puukuviointi<\/li>\n<li><strong>Baarijakkarat:<\/strong><\/li>\n<li>V\u00e4ri: valkoinen<\/li>\n<li>Materiaali: metalli<\/li>\n<li>Tuolin mitat: 43 x 43 x 77 cm (L x S x K)<\/li>\n<li>Tanko istuimen alla<\/li>\n<li>Jalkatuella<\/li>\n<li>Voidaan pinota p\u00e4\u00e4llek\u00e4in<\/li>\n<li>Asennus vaaditaan: kyll\u00e4<\/li>\n<li><strong>Toimitus sis\u00e4lt\u00e4\u00e4:<\/strong><\/li>\n<li>1 x baarip\u00f6yt\u00e4<\/li>\n<li>6 x baarijakkara<\/li>\n<\/ul>\n","protected":false},"featured_media":100000175054,"comment_status":"closed","ping_status":"closed","template":"","meta":[],"product_brand":[],"product_cat":[84,8545],"product_tag":[],"class_list":{"0":"post-175054","1":"product","2":"type-product","3":"status-publish","4":"has-post-thumbnail","6":"product_cat-huonekalut","7":"product_cat-keittion-ruokasalin-kalusteet","9":"first","10":"instock","11":"taxable","12":"shipping-taxable","13":"purchasable","14":"product-type-simple"},"_links":{"self":[{"href":"https:\/\/www.otiumhome.fi\/index.php\/wp-json\/wp\/v2\/product\/175054","targetHints":{"allow":["GET"]}}],"collection":[{"href":"https:\/\/www.otiumhome.fi\/index.php\/wp-json\/wp\/v2\/product"}],"about":[{"href":"https:\/\/www.otiumhome.fi\/index.php\/wp-json\/wp\/v2\/types\/product"}],"replies":[{"embeddable":true,"href":"https:\/\/www.otiumhome.fi\/index.php\/wp-json\/wp\/v2\/comments?post=175054"}],"wp:featuredmedia":[{"embeddable":true,"href":"https:\/\/www.otiumhome.fi\/index.php\/wp-json\/"}],"wp:attachment":[{"href":"https:\/\/www.otiumhome.fi\/index.php\/wp-json\/wp\/v2\/media?parent=175054"}],"wp:term":[{"taxonomy":"product_brand","embeddable":true,"href":"https:\/\/www.otiumhome.fi\/index.php\/wp-json\/wp\/v2\/product_brand?post=175054"},{"taxonomy":"product_cat","embeddable":true,"href":"https:\/\/www.otiumhome.fi\/index.php\/wp-json\/wp\/v2\/product_cat?post=175054"},{"taxonomy":"product_tag","embeddable":true,"href":"https:\/\/www.otiumhome.fi\/index.php\/wp-json\/wp\/v2\/product_tag?post=175054"}],"curies":[{"name":"wp","href":"https:\/\/api.w.org\/{rel}","templated":true}]}}