{"id":174866,"date":"2025-09-20T00:04:32","date_gmt":"2025-09-20T00:04:32","guid":{"rendered":"https:\/\/www.otiumhome.fi\/?p=174866"},"modified":"2025-09-20T04:48:58","modified_gmt":"2025-09-20T04:48:58","slug":"sailytyslaatikko-taysi-kuusipuu-91x52x40-cm-ruskea","status":"publish","type":"product","link":"https:\/\/www.otiumhome.fi\/index.php\/tuote\/sailytyslaatikko-taysi-kuusipuu-91x52x40-cm-ruskea\/","title":{"rendered":"S\u00e4ilytyslaatikko t\u00e4ysi kuusipuu 91x52x40 cm ruskea"},"content":{"rendered":"<p>Klassinen s\u00e4ilytyslaatikko on koristeellinen lis\u00e4 mihin tahansa huoneeseen. Sit\u00e4 voidaan k\u00e4ytt\u00e4\u00e4 lis\u00e4ksi sohvap\u00f6yt\u00e4n\u00e4 olohuoneessa.<\/p>\n<\/p>\n<p>Todella vakaa ja kest\u00e4v\u00e4 s\u00e4ilytysarkku on valmistettu t\u00e4ydest\u00e4 kuusesta, joka huokuu perinteist\u00e4 vieh\u00e4tysvoimaa ja antaa sille maalaistyyli\u00e4. Tukeva p\u00f6yt\u00e4levy on ihanteellinen paikka hedelm\u00e4koreille, maljakoille ja muille koriste-esineille. Laatikossa on riitt\u00e4v\u00e4sti tilaa erilaisten tavaroiden j\u00e4rjestyksess\u00e4 pit\u00e4miseen. S\u00e4ilytysarkussa on kaksi kahvaa, joiden avulla sit\u00e4 on helppo siirt\u00e4\u00e4.<\/p>\n<\/p>\n<p>S\u00e4ilytyslaatikko on helppo koota.<\/p>\n<ul>\n<li>V\u00e4ri: ruskea<\/li>\n<li>Materiaali: t\u00e4ysi kuusipuu + MDF + kuitukangas + ter\u00e4s<\/li>\n<li>Mitat: 91 x 52 x 40 cm (L x S x K)<\/li>\n<li>Hiottu ja maalattu<\/li>\n<li>Reilusti s\u00e4ilytystilaa<\/li>\n<\/ul>\n","protected":false},"excerpt":{"rendered":"<ul>\n<li>V\u00e4ri: ruskea<\/li>\n<li>Materiaali: t\u00e4ysi kuusipuu + MDF + kuitukangas + ter\u00e4s<\/li>\n<li>Mitat: 91 x 52 x 40 cm (L x S x K)<\/li>\n<li>Hiottu ja maalattu<\/li>\n<li>Reilusti s\u00e4ilytystilaa<\/li>\n<\/ul>\n","protected":false},"featured_media":100000174866,"comment_status":"closed","ping_status":"closed","template":"","meta":[],"product_brand":[],"product_cat":[84,8564],"product_tag":[],"class_list":{"0":"post-174866","1":"product","2":"type-product","3":"status-publish","4":"has-post-thumbnail","6":"product_cat-huonekalut","7":"product_cat-sailytysarkut","9":"first","10":"instock","11":"taxable","12":"shipping-taxable","13":"purchasable","14":"product-type-simple"},"_links":{"self":[{"href":"https:\/\/www.otiumhome.fi\/index.php\/wp-json\/wp\/v2\/product\/174866","targetHints":{"allow":["GET"]}}],"collection":[{"href":"https:\/\/www.otiumhome.fi\/index.php\/wp-json\/wp\/v2\/product"}],"about":[{"href":"https:\/\/www.otiumhome.fi\/index.php\/wp-json\/wp\/v2\/types\/product"}],"replies":[{"embeddable":true,"href":"https:\/\/www.otiumhome.fi\/index.php\/wp-json\/wp\/v2\/comments?post=174866"}],"wp:featuredmedia":[{"embeddable":true,"href":"https:\/\/www.otiumhome.fi\/index.php\/wp-json\/"}],"wp:attachment":[{"href":"https:\/\/www.otiumhome.fi\/index.php\/wp-json\/wp\/v2\/media?parent=174866"}],"wp:term":[{"taxonomy":"product_brand","embeddable":true,"href":"https:\/\/www.otiumhome.fi\/index.php\/wp-json\/wp\/v2\/product_brand?post=174866"},{"taxonomy":"product_cat","embeddable":true,"href":"https:\/\/www.otiumhome.fi\/index.php\/wp-json\/wp\/v2\/product_cat?post=174866"},{"taxonomy":"product_tag","embeddable":true,"href":"https:\/\/www.otiumhome.fi\/index.php\/wp-json\/wp\/v2\/product_tag?post=174866"}],"curies":[{"name":"wp","href":"https:\/\/api.w.org\/{rel}","templated":true}]}}