{"id":174738,"date":"2025-09-19T23:22:24","date_gmt":"2025-09-19T23:22:24","guid":{"rendered":"https:\/\/www.otiumhome.fi\/?p=174738"},"modified":"2025-09-20T05:36:32","modified_gmt":"2025-09-20T05:36:32","slug":"tyopoyta-laatikolla-110x50x76-cm-taysi-akasiapuu","status":"publish","type":"product","link":"https:\/\/www.otiumhome.fi\/index.php\/tuote\/tyopoyta-laatikolla-110x50x76-cm-taysi-akasiapuu\/","title":{"rendered":"Ty\u00f6p\u00f6yt\u00e4 laatikolla 110x50x76 cm t\u00e4ysi akasiapuu"},"content":{"rendered":"<p>T\u00e4m\u00e4 puinen antiikkityylinen ty\u00f6p\u00f6yt\u00e4 on mahtava lis\u00e4 kotisi sisustukseen.<\/p>\n<\/p>\n<ul>\n<li>T\u00e4ysi akasiapuu: T\u00e4m\u00e4 toimistop\u00f6yt\u00e4 on valmistettu t\u00e4ydest\u00e4 hunajaviimeistellyst\u00e4 akasiapuusta. Akasiapuu on kaunis luonnon materiaali. Se on tihe\u00e4syinen, tukeva ja kest\u00e4v\u00e4 trooppinen lehtipuu.<\/li>\n<li>Runsaasti s\u00e4ilytystilaa: Opiskelup\u00f6yd\u00e4n tukeva p\u00f6yt\u00e4levy on ihanteellinen tietokoneen, kirjojen ja koriste-esineiden, kuten maljakoiden ja ruukkukasvien asettamiseksi. Laatikkoon mahtuu erilaisia pikkutavaroita niiden j\u00e4rjestyksess\u00e4 ja ulottuvilla pit\u00e4miseksi.<\/li>\n<li>Metallinen kahva ja koristeet: Ty\u00f6p\u00f6yd\u00e4ss\u00e4 on metallikahva, joka tekee laatikon avaamisesta ja sulkemisesta helpompaa. Lis\u00e4ksi sivuilla olevat metallikoristeet lis\u00e4\u00e4v\u00e4t ty\u00f6p\u00f6yd\u00e4n estetiikkaa.<\/li>\n<li>Helposti puhdistettava pinta: Kotitoimiston p\u00f6yt\u00e4 on helppo puhdistaa kostealla liinalla.<\/li>\n<\/ul>\n<p>Hyv\u00e4 tiet\u00e4\u00e4:<\/p>\n<ul>\n<li>Jokainen kappale on ainutlaatuisen eroavilla v\u00e4reill\u00e4 ja puunsyill\u00e4. Toimitus on sattumanvarainen, t\u00e4m\u00e4 takaa tuotteesi erityisyyden ja ainutlaatuisuuden.<\/li>\n<\/ul>\n<ul>\n<li>Materiaali: T\u00e4ysi hunajaviimeistelty akasiapuu, metalli<\/li>\n<li>Mitat: 110 x 50 x 76 cm (P x L x K)<\/li>\n<li>Asennus vaaditaan: Kyll\u00e4<\/li>\n<\/ul>\n","protected":false},"excerpt":{"rendered":"<ul>\n<li>Materiaali: T\u00e4ysi hunajaviimeistelty akasiapuu, metalli<\/li>\n<li>Mitat: 110 x 50 x 76 cm (P x L x K)<\/li>\n<li>Asennus vaaditaan: Kyll\u00e4<\/li>\n<\/ul>\n","protected":false},"featured_media":100000174738,"comment_status":"closed","ping_status":"closed","template":"","meta":[],"product_brand":[],"product_cat":[84,8551],"product_tag":[],"class_list":{"0":"post-174738","1":"product","2":"type-product","3":"status-publish","4":"has-post-thumbnail","6":"product_cat-huonekalut","7":"product_cat-kirjoituspoydat","9":"first","10":"instock","11":"taxable","12":"shipping-taxable","13":"purchasable","14":"product-type-simple"},"_links":{"self":[{"href":"https:\/\/www.otiumhome.fi\/index.php\/wp-json\/wp\/v2\/product\/174738","targetHints":{"allow":["GET"]}}],"collection":[{"href":"https:\/\/www.otiumhome.fi\/index.php\/wp-json\/wp\/v2\/product"}],"about":[{"href":"https:\/\/www.otiumhome.fi\/index.php\/wp-json\/wp\/v2\/types\/product"}],"replies":[{"embeddable":true,"href":"https:\/\/www.otiumhome.fi\/index.php\/wp-json\/wp\/v2\/comments?post=174738"}],"wp:featuredmedia":[{"embeddable":true,"href":"https:\/\/www.otiumhome.fi\/index.php\/wp-json\/"}],"wp:attachment":[{"href":"https:\/\/www.otiumhome.fi\/index.php\/wp-json\/wp\/v2\/media?parent=174738"}],"wp:term":[{"taxonomy":"product_brand","embeddable":true,"href":"https:\/\/www.otiumhome.fi\/index.php\/wp-json\/wp\/v2\/product_brand?post=174738"},{"taxonomy":"product_cat","embeddable":true,"href":"https:\/\/www.otiumhome.fi\/index.php\/wp-json\/wp\/v2\/product_cat?post=174738"},{"taxonomy":"product_tag","embeddable":true,"href":"https:\/\/www.otiumhome.fi\/index.php\/wp-json\/wp\/v2\/product_tag?post=174738"}],"curies":[{"name":"wp","href":"https:\/\/api.w.org\/{rel}","templated":true}]}}