{"id":174737,"date":"2025-09-19T23:22:24","date_gmt":"2025-09-19T23:22:24","guid":{"rendered":"https:\/\/www.otiumhome.fi\/?p=174737"},"modified":"2025-09-20T06:46:43","modified_gmt":"2025-09-20T06:46:43","slug":"kirjoituspoyta-1-laatikko-ja-1-kaappi-taysi-akaasiapuu","status":"publish","type":"product","link":"https:\/\/www.otiumhome.fi\/index.php\/tuote\/kirjoituspoyta-1-laatikko-ja-1-kaappi-taysi-akaasiapuu\/","title":{"rendered":"Kirjoitusp\u00f6yt\u00e4 1 Laatikko ja 1 Kaappi T\u00e4ysi Akaasiapuu"},"content":{"rendered":"<p>Tyylik\u00e4s ja k\u00e4yt\u00e4nn\u00f6llinen kirjoitusp\u00f6yt\u00e4 ajaton lis\u00e4 kotisi sisustukseen. Sit\u00e4 voidaan k\u00e4ytt\u00e4\u00e4 my\u00f6s konsoli-, sohva- tai p\u00e4\u00e4typ\u00f6yt\u00e4n\u00e4.<\/p>\n<\/p>\n<p>T\u00e4ss\u00e4 kirjoitusp\u00f6yd\u00e4ss\u00e4 on upea, retro suunnittelu teollisella tyylill\u00e4. Se on valmistettu t\u00e4ydest\u00e4 seesamipuusta. Seesami tunnetaan my\u00f6s ruusupuuna tai palisanterina, se on trooppinen kovapuu, joka tunnetaan rikkaista puun syist\u00e4. Kirjoitusp\u00f6yd\u00e4ss\u00e4 on kaappi ja laatikko, t\u00e4m\u00e4 tarjoaa tarpeeksi tilaa j\u00e4rjest\u00e4\u00e4 dokumentit, paperit ja muut toimistotarvikkeet. P\u00f6yt\u00e4levyss\u00e4 on my\u00f6s tilaa koristeille tai muille henkil\u00f6kohtaisille tavaroille, kun kest\u00e4v\u00e4t ter\u00e4sjalat taas tuovat vakautta ja lis\u00e4\u00e4v\u00e4t p\u00f6yd\u00e4t viile\u00e4\u00e4, teollista tyyli\u00e4. Se on t\u00e4ysin k\u00e4sintehty, ja kauniit puunsyyt tekev\u00e4t jokaisesta huonekalusta ainutlaatuisen ja hieman toisistaan eroavan. Helppo koota.<\/p>\n<\/p>\n<p>T\u00e4rke\u00e4 huomio: V\u00e4rit ja puunsyyt vaihtelevat kappaleittain, mik\u00e4 tekee jokaisesta huonekalusta ainutlaatuisen. Toimitus on sattumanvarainen, t\u00e4m\u00e4 takaa tuotteesi ainutlaatuisuuden.<\/p>\n<ul>\n<li>V\u00e4ri: ruskea<\/li>\n<li>Materiaali: T\u00e4ysi akaasiapuu hunajaviimeistelyll\u00e4 + ter\u00e4sjalat<\/li>\n<li>Mitat: 102 x 45 x 76 cm (P x L x K)<\/li>\n<li>T\u00e4ysin k\u00e4sintehty<\/li>\n<li>Hiottu, maalattu ja lakattu<\/li>\n<li>1 vetolaatikko ja 1 kaappi<\/li>\n<li>Helppo koota<\/li>\n<\/ul>\n","protected":false},"excerpt":{"rendered":"<ul>\n<li>V\u00e4ri: ruskea<\/li>\n<li>Materiaali: T\u00e4ysi akaasiapuu hunajaviimeistelyll\u00e4 + ter\u00e4sjalat<\/li>\n<li>Mitat: 102 x 45 x 76 cm (P x L x K)<\/li>\n<li>T\u00e4ysin k\u00e4sintehty<\/li>\n<li>Hiottu, maalattu ja lakattu<\/li>\n<li>1 vetolaatikko ja 1 kaappi<\/li>\n<li>Helppo koota<\/li>\n<\/ul>\n","protected":false},"featured_media":100000174737,"comment_status":"closed","ping_status":"closed","template":"","meta":[],"product_brand":[],"product_cat":[84,8551],"product_tag":[],"class_list":{"0":"post-174737","1":"product","2":"type-product","3":"status-publish","4":"has-post-thumbnail","6":"product_cat-huonekalut","7":"product_cat-kirjoituspoydat","9":"first","10":"instock","11":"taxable","12":"shipping-taxable","13":"purchasable","14":"product-type-simple"},"_links":{"self":[{"href":"https:\/\/www.otiumhome.fi\/index.php\/wp-json\/wp\/v2\/product\/174737","targetHints":{"allow":["GET"]}}],"collection":[{"href":"https:\/\/www.otiumhome.fi\/index.php\/wp-json\/wp\/v2\/product"}],"about":[{"href":"https:\/\/www.otiumhome.fi\/index.php\/wp-json\/wp\/v2\/types\/product"}],"replies":[{"embeddable":true,"href":"https:\/\/www.otiumhome.fi\/index.php\/wp-json\/wp\/v2\/comments?post=174737"}],"wp:featuredmedia":[{"embeddable":true,"href":"https:\/\/www.otiumhome.fi\/index.php\/wp-json\/"}],"wp:attachment":[{"href":"https:\/\/www.otiumhome.fi\/index.php\/wp-json\/wp\/v2\/media?parent=174737"}],"wp:term":[{"taxonomy":"product_brand","embeddable":true,"href":"https:\/\/www.otiumhome.fi\/index.php\/wp-json\/wp\/v2\/product_brand?post=174737"},{"taxonomy":"product_cat","embeddable":true,"href":"https:\/\/www.otiumhome.fi\/index.php\/wp-json\/wp\/v2\/product_cat?post=174737"},{"taxonomy":"product_tag","embeddable":true,"href":"https:\/\/www.otiumhome.fi\/index.php\/wp-json\/wp\/v2\/product_tag?post=174737"}],"curies":[{"name":"wp","href":"https:\/\/api.w.org\/{rel}","templated":true}]}}