{"id":174736,"date":"2025-09-19T23:20:52","date_gmt":"2025-09-19T23:20:52","guid":{"rendered":"https:\/\/www.otiumhome.fi\/?p=174736"},"modified":"2025-09-20T06:34:13","modified_gmt":"2025-09-20T06:34:13","slug":"tyopoyta-ruskea-tammi-100x50x75-cm-tekninen-puu-ja-rauta","status":"publish","type":"product","link":"https:\/\/www.otiumhome.fi\/index.php\/tuote\/tyopoyta-ruskea-tammi-100x50x75-cm-tekninen-puu-ja-rauta\/","title":{"rendered":"Ty\u00f6p\u00f6yt\u00e4 ruskea tammi 100x50x75 cm tekninen puu ja rauta"},"content":{"rendered":"<p>T\u00e4m\u00e4 ty\u00f6p\u00f6yt\u00e4 huokuu erottuvaa teollista vieh\u00e4tysvoimaa ja siit\u00e4 tulee katseenvangitsija kotiisi tai toimistoosi.<\/p>\n<\/p>\n<ul>\n<li>Kest\u00e4v\u00e4 materiaali: Tekninen puu on poikkeuksellisen laadukasta ja sile\u00e4pintaista. Se on luja, vakaa ja kosteudelle vastustuskykyinen.<\/li>\n<li>Vakaa runko: Toimistop\u00f6yd\u00e4n runko on valmistettu raudasta. Rauta on kova ja kest\u00e4v\u00e4 materiaali. Se on kestosuosikki teollisuudessa sek\u00e4 huonekalujen valmistuksessa.<\/li>\n<li>Tilava p\u00f6yt\u00e4levy: T\u00e4m\u00e4n tietokonep\u00f6yd\u00e4n suurelle ty\u00f6tasolle voit sijoittaa tietokoneen, kirjoitusmateriaalit ja muut tarvikkeet.<\/li>\n<li>Teollinen tyyli: Tukeva p\u00f6yt\u00e4 lis\u00e4\u00e4 vieh\u00e4tt\u00e4v\u00e4\u00e4 teollista tyyli\u00e4 nykyiseen sisustukseesi. Se tuo vanhojen tehtaiden ja teollisuustilojen inspiroimaa tyyli\u00e4 olohuoneeseesi.<\/li>\n<\/ul>\n<p>Varoitus:<\/p>\n<ul>\n<li>Kaatumisen est\u00e4miseksi on t\u00e4t\u00e4 tuotetta k\u00e4ytett\u00e4v\u00e4 mukana toimitettavan sein\u00e4kiinnityslaitteen kanssa.<\/li>\n<\/ul>\n<p>Hyv\u00e4 tiet\u00e4\u00e4:<\/p>\n<ul>\n<li>Jotta kokoaminen olisi mahdollisimman helppoa, jokainen tuote toimitetaan ohjekirjan kanssa.<\/li>\n<\/ul>\n<ul>\n<li>V\u00e4ri: ruskea tammi<\/li>\n<li>Materiaali: tekninen puu, rauta<\/li>\n<li>Mitat: 100 x 50 x 75 cm (L x S x K)<\/li>\n<\/ul>\n","protected":false},"excerpt":{"rendered":"<ul>\n<li>V\u00e4ri: ruskea tammi<\/li>\n<li>Materiaali: tekninen puu, rauta<\/li>\n<li>Mitat: 100 x 50 x 75 cm (L x S x K)<\/li>\n<\/ul>\n","protected":false},"featured_media":100000174736,"comment_status":"closed","ping_status":"closed","template":"","meta":[],"product_brand":[],"product_cat":[84,8551],"product_tag":[],"class_list":{"0":"post-174736","1":"product","2":"type-product","3":"status-publish","4":"has-post-thumbnail","6":"product_cat-huonekalut","7":"product_cat-kirjoituspoydat","9":"first","10":"instock","11":"taxable","12":"shipping-taxable","13":"purchasable","14":"product-type-simple"},"_links":{"self":[{"href":"https:\/\/www.otiumhome.fi\/index.php\/wp-json\/wp\/v2\/product\/174736","targetHints":{"allow":["GET"]}}],"collection":[{"href":"https:\/\/www.otiumhome.fi\/index.php\/wp-json\/wp\/v2\/product"}],"about":[{"href":"https:\/\/www.otiumhome.fi\/index.php\/wp-json\/wp\/v2\/types\/product"}],"replies":[{"embeddable":true,"href":"https:\/\/www.otiumhome.fi\/index.php\/wp-json\/wp\/v2\/comments?post=174736"}],"wp:featuredmedia":[{"embeddable":true,"href":"https:\/\/www.otiumhome.fi\/index.php\/wp-json\/"}],"wp:attachment":[{"href":"https:\/\/www.otiumhome.fi\/index.php\/wp-json\/wp\/v2\/media?parent=174736"}],"wp:term":[{"taxonomy":"product_brand","embeddable":true,"href":"https:\/\/www.otiumhome.fi\/index.php\/wp-json\/wp\/v2\/product_brand?post=174736"},{"taxonomy":"product_cat","embeddable":true,"href":"https:\/\/www.otiumhome.fi\/index.php\/wp-json\/wp\/v2\/product_cat?post=174736"},{"taxonomy":"product_tag","embeddable":true,"href":"https:\/\/www.otiumhome.fi\/index.php\/wp-json\/wp\/v2\/product_tag?post=174736"}],"curies":[{"name":"wp","href":"https:\/\/api.w.org\/{rel}","templated":true}]}}