{"id":174727,"date":"2025-09-19T23:03:33","date_gmt":"2025-09-19T23:03:33","guid":{"rendered":"https:\/\/www.otiumhome.fi\/?p=174727"},"modified":"2025-09-20T05:34:39","modified_gmt":"2025-09-20T05:34:39","slug":"5-osainen-ruokailuryhma-valkoinen","status":"publish","type":"product","link":"https:\/\/www.otiumhome.fi\/index.php\/tuote\/5-osainen-ruokailuryhma-valkoinen\/","title":{"rendered":"5-osainen ruokailuryhm\u00e4 valkoinen"},"content":{"rendered":"<p>T\u00e4m\u00e4 5-osainen puhtaan yksinkertaisesti muotoiltu ruokailuryhm\u00e4 on upea valinta ruokasaliin tai keitti\u00f6\u00f6n. Sen yksinkertainen eleganssi tekee p\u00e4ivitt\u00e4isist\u00e4 ruokailuhetkist\u00e4 ainutlaatuisia. <\/p>\n<p>T\u00e4m\u00e4 ruokap\u00f6yt\u00e4sarja on valmistettu t\u00e4yspuusta ja sen upea tahrattu viimeistely takaa upean tyylin, se tulee taatusti kest\u00e4m\u00e4\u00e4n vuosien ajan. Toimituksessa 4 tuolia ja p\u00f6yt\u00e4. <\/p>\n<ul>\n<li>V\u00e4ri: valkoinen<\/li>\n<li>P\u00f6yd\u00e4n mitat: 108 x 65 x 73 cm (P x L x K)<\/li>\n<li>Tuolin mitat: 39 x 41 x 85,5 cm (L x S x K)<\/li>\n<li>Materiaali: m\u00e4nty<\/li>\n<li>Istuimen korkeus: 45 cm<\/li>\n<li>P\u00f6yd\u00e4n viimeistely: Lakattu<\/li>\n<\/ul>\n","protected":false},"excerpt":{"rendered":"<ul>\n<li>V\u00e4ri: valkoinen<\/li>\n<li>P\u00f6yd\u00e4n mitat: 108 x 65 x 73 cm (P x L x K)<\/li>\n<li>Tuolin mitat: 39 x 41 x 85,5 cm (L x S x K)<\/li>\n<li>Materiaali: m\u00e4nty<\/li>\n<li>Istuimen korkeus: 45 cm<\/li>\n<li>P\u00f6yd\u00e4n viimeistely: Lakattu<\/li>\n<\/ul>\n","protected":false},"featured_media":100000174727,"comment_status":"closed","ping_status":"closed","template":"","meta":[],"product_brand":[],"product_cat":[84,8545],"product_tag":[],"class_list":{"0":"post-174727","1":"product","2":"type-product","3":"status-publish","4":"has-post-thumbnail","6":"product_cat-huonekalut","7":"product_cat-keittion-ruokasalin-kalusteet","9":"first","10":"instock","11":"taxable","12":"shipping-taxable","13":"purchasable","14":"product-type-simple"},"_links":{"self":[{"href":"https:\/\/www.otiumhome.fi\/index.php\/wp-json\/wp\/v2\/product\/174727","targetHints":{"allow":["GET"]}}],"collection":[{"href":"https:\/\/www.otiumhome.fi\/index.php\/wp-json\/wp\/v2\/product"}],"about":[{"href":"https:\/\/www.otiumhome.fi\/index.php\/wp-json\/wp\/v2\/types\/product"}],"replies":[{"embeddable":true,"href":"https:\/\/www.otiumhome.fi\/index.php\/wp-json\/wp\/v2\/comments?post=174727"}],"wp:featuredmedia":[{"embeddable":true,"href":"https:\/\/www.otiumhome.fi\/index.php\/wp-json\/"}],"wp:attachment":[{"href":"https:\/\/www.otiumhome.fi\/index.php\/wp-json\/wp\/v2\/media?parent=174727"}],"wp:term":[{"taxonomy":"product_brand","embeddable":true,"href":"https:\/\/www.otiumhome.fi\/index.php\/wp-json\/wp\/v2\/product_brand?post=174727"},{"taxonomy":"product_cat","embeddable":true,"href":"https:\/\/www.otiumhome.fi\/index.php\/wp-json\/wp\/v2\/product_cat?post=174727"},{"taxonomy":"product_tag","embeddable":true,"href":"https:\/\/www.otiumhome.fi\/index.php\/wp-json\/wp\/v2\/product_tag?post=174727"}],"curies":[{"name":"wp","href":"https:\/\/api.w.org\/{rel}","templated":true}]}}