{"id":174724,"date":"2025-09-19T23:01:52","date_gmt":"2025-09-19T23:01:52","guid":{"rendered":"https:\/\/www.otiumhome.fi\/?p=174724"},"modified":"2025-09-24T23:17:48","modified_gmt":"2025-09-24T23:17:48","slug":"ruokapoyta-180x90x76-cm-taysi-kierratetty-puu","status":"publish","type":"product","link":"https:\/\/www.otiumhome.fi\/index.php\/tuote\/ruokapoyta-180x90x76-cm-taysi-kierratetty-puu\/","title":{"rendered":"Ruokap\u00f6yt\u00e4 180x90x76 cm t\u00e4ysi kierr\u00e4tetty puu"},"content":{"rendered":"<p>T\u00e4ydest\u00e4 kierr\u00e4tetyst\u00e4 puusta tehty ruokap\u00f6yt\u00e4 huokuu vintagetyylist\u00e4 tunnelmaa. Se on katseet kiinnitt\u00e4v\u00e4 lis\u00e4 keitti\u00f6\u00f6n tai olohuoneeseen.<\/p>\n<\/p>\n<p>T\u00e4m\u00e4 antiikkityylinen puusta valmistettu ruokap\u00f6yt\u00e4 on valmistettu kiinte\u00e4st\u00e4 kierr\u00e4tetyst\u00e4 puusta, joka on per\u00e4isin purettujen vanhojen rakennusten pylv\u00e4ist\u00e4, lattioista ja tukipalkeista. Kierr\u00e4tetty puu voi koostua erilaisista puulajeista kuten m\u00e4nnyst\u00e4, tiikist\u00e4, py\u00f6kist\u00e4, tammesta sek\u00e4 setri-, mango- ja akaasiapuusta jne., joten se pit\u00e4\u00e4 sis\u00e4ll\u00e4\u00e4n kaikkien n\u00e4iden puiden ominaisuuksia. Kierr\u00e4tetty puu on vanhempaa, kulunutta ja kuivunutta, joten se ei kutistu tai taivu.<\/p>\n<\/p>\n<p>Kulumisen merkit ja n\u00e4kyv\u00e4t puukuviot antavat p\u00f6yd\u00e4lle oman historian ja ainutlaatuisen ilmeen. Erinomainen k\u00e4sity\u00f6n j\u00e4lki korostaa p\u00f6yd\u00e4n upeaa retrotyyli\u00e4. Jauhemaalatut ter\u00e4sjalat t\u00e4ydent\u00e4v\u00e4t sen teollisen ulkon\u00e4\u00f6n. Jokainen ty\u00f6vaihe on tehty erityisen huolella, oli se sitten kiillotus tai lakkaus. Ruokap\u00f6yd\u00e4n kokoaminen on helppoa.<\/p>\n<\/p>\n<p>T\u00e4rke\u00e4 huomio: uusiok\u00e4ytetyss\u00e4 puussa n\u00e4kyy sen luonnollinen pintakuviointi, mik\u00e4 tekee jokaisesta ruokap\u00f6yd\u00e4st\u00e4 ainutlaatuisen ja hieman erilaisen kuin muut. On satunnaista, mink\u00e4lainen kuviointi toimitettavassa p\u00f6yd\u00e4ss\u00e4 on.<\/p>\n<ul>\n<li>Materiaali: t\u00e4ysi kierr\u00e4tyspuu ja jauhemaalattu ter\u00e4s<\/li>\n<li>Mitat: 180 x 90 x 76 cm (P x L x K)<\/li>\n<li>Hiottu, maalattu ja lakattu<\/li>\n<\/ul>\n","protected":false},"excerpt":{"rendered":"<ul>\n<li>Materiaali: t\u00e4ysi kierr\u00e4tyspuu ja jauhemaalattu ter\u00e4s<\/li>\n<li>Mitat: 180 x 90 x 76 cm (P x L x K)<\/li>\n<li>Hiottu, maalattu ja lakattu<\/li>\n<\/ul>\n","protected":false},"featured_media":100000174724,"comment_status":"closed","ping_status":"closed","template":"","meta":[],"product_brand":[],"product_cat":[84,8543],"product_tag":[],"class_list":{"0":"post-174724","1":"product","2":"type-product","3":"status-publish","4":"has-post-thumbnail","6":"product_cat-huonekalut","7":"product_cat-keittion-ruokapoydat","9":"first","10":"instock","11":"taxable","12":"shipping-taxable","13":"purchasable","14":"product-type-simple"},"_links":{"self":[{"href":"https:\/\/www.otiumhome.fi\/index.php\/wp-json\/wp\/v2\/product\/174724","targetHints":{"allow":["GET"]}}],"collection":[{"href":"https:\/\/www.otiumhome.fi\/index.php\/wp-json\/wp\/v2\/product"}],"about":[{"href":"https:\/\/www.otiumhome.fi\/index.php\/wp-json\/wp\/v2\/types\/product"}],"replies":[{"embeddable":true,"href":"https:\/\/www.otiumhome.fi\/index.php\/wp-json\/wp\/v2\/comments?post=174724"}],"wp:featuredmedia":[{"embeddable":true,"href":"https:\/\/www.otiumhome.fi\/index.php\/wp-json\/"}],"wp:attachment":[{"href":"https:\/\/www.otiumhome.fi\/index.php\/wp-json\/wp\/v2\/media?parent=174724"}],"wp:term":[{"taxonomy":"product_brand","embeddable":true,"href":"https:\/\/www.otiumhome.fi\/index.php\/wp-json\/wp\/v2\/product_brand?post=174724"},{"taxonomy":"product_cat","embeddable":true,"href":"https:\/\/www.otiumhome.fi\/index.php\/wp-json\/wp\/v2\/product_cat?post=174724"},{"taxonomy":"product_tag","embeddable":true,"href":"https:\/\/www.otiumhome.fi\/index.php\/wp-json\/wp\/v2\/product_tag?post=174724"}],"curies":[{"name":"wp","href":"https:\/\/api.w.org\/{rel}","templated":true}]}}