{"id":174723,"date":"2025-09-19T23:01:51","date_gmt":"2025-09-19T23:01:51","guid":{"rendered":"https:\/\/www.otiumhome.fi\/?p=174723"},"modified":"2025-09-20T06:50:45","modified_gmt":"2025-09-20T06:50:45","slug":"ruokapoyta-160x80x75-cm-mangopuu","status":"publish","type":"product","link":"https:\/\/www.otiumhome.fi\/index.php\/tuote\/ruokapoyta-160x80x75-cm-mangopuu\/","title":{"rendered":"Ruokap\u00f6yt\u00e4 160x80x75 cm mangopuu"},"content":{"rendered":"<p>Teollistyylinen puusta valmistettu ruokap\u00f6yt\u00e4 on kiehtova lis\u00e4 ruokasaliin tai keitti\u00f6\u00f6n.<\/p>\n<\/p>\n<p>Ruokap\u00f6yt\u00e4 on valmistettu kiinte\u00e4st\u00e4 mangopuusta, joka on tihe\u00e4syinen kovapuu. Mangopuu kest\u00e4\u00e4 hyvin niin painoa kuin kulumistakin, joten t\u00e4m\u00e4 kaunis p\u00f6yt\u00e4 on vakaa, kest\u00e4v\u00e4 ja katseet kiinnitt\u00e4v\u00e4. Valmistuksen kaikki ty\u00f6vaiheet on suoritettu erityisen huolellisesti, oli kyse sitten kiillottamisesta tai lakkaamisesta. Lis\u00e4ksi vahvat jauhemaalatut ter\u00e4sjalat tekev\u00e4t p\u00f6yd\u00e4st\u00e4 tukevan. Ruokap\u00f6yt\u00e4 on helppo koota.<\/p>\n<\/p>\n<p>T\u00e4rke\u00e4 huomio: Puunsyyt vaihtelevat kappaleittain, mik\u00e4 tekee jokaisesta huonekalusta ainutlaatuisen. Toimitus on sattumanvarainen, t\u00e4m\u00e4 takaa tuotteesi ainutlaatuisuuden.<\/p>\n<ul>\n<li>V\u00e4ri: ruskea ja musta<\/li>\n<li>Materiaali: kiinte\u00e4 mangopuu ja jauhemaalattu ter\u00e4s<\/li>\n<li>Mitat: 160 x 80 x 75 cm (P x L x K)<\/li>\n<li>Viimeistely: hiottu ja lakattu<\/li>\n<\/ul>\n","protected":false},"excerpt":{"rendered":"<ul>\n<li>V\u00e4ri: ruskea ja musta<\/li>\n<li>Materiaali: kiinte\u00e4 mangopuu ja jauhemaalattu ter\u00e4s<\/li>\n<li>Mitat: 160 x 80 x 75 cm (P x L x K)<\/li>\n<li>Viimeistely: hiottu ja lakattu<\/li>\n<\/ul>\n","protected":false},"featured_media":100000174723,"comment_status":"closed","ping_status":"closed","template":"","meta":[],"product_brand":[],"product_cat":[84,8543],"product_tag":[],"class_list":{"0":"post-174723","1":"product","2":"type-product","3":"status-publish","4":"has-post-thumbnail","6":"product_cat-huonekalut","7":"product_cat-keittion-ruokapoydat","9":"first","10":"instock","11":"taxable","12":"shipping-taxable","13":"purchasable","14":"product-type-simple"},"_links":{"self":[{"href":"https:\/\/www.otiumhome.fi\/index.php\/wp-json\/wp\/v2\/product\/174723","targetHints":{"allow":["GET"]}}],"collection":[{"href":"https:\/\/www.otiumhome.fi\/index.php\/wp-json\/wp\/v2\/product"}],"about":[{"href":"https:\/\/www.otiumhome.fi\/index.php\/wp-json\/wp\/v2\/types\/product"}],"replies":[{"embeddable":true,"href":"https:\/\/www.otiumhome.fi\/index.php\/wp-json\/wp\/v2\/comments?post=174723"}],"wp:featuredmedia":[{"embeddable":true,"href":"https:\/\/www.otiumhome.fi\/index.php\/wp-json\/"}],"wp:attachment":[{"href":"https:\/\/www.otiumhome.fi\/index.php\/wp-json\/wp\/v2\/media?parent=174723"}],"wp:term":[{"taxonomy":"product_brand","embeddable":true,"href":"https:\/\/www.otiumhome.fi\/index.php\/wp-json\/wp\/v2\/product_brand?post=174723"},{"taxonomy":"product_cat","embeddable":true,"href":"https:\/\/www.otiumhome.fi\/index.php\/wp-json\/wp\/v2\/product_cat?post=174723"},{"taxonomy":"product_tag","embeddable":true,"href":"https:\/\/www.otiumhome.fi\/index.php\/wp-json\/wp\/v2\/product_tag?post=174723"}],"curies":[{"name":"wp","href":"https:\/\/api.w.org\/{rel}","templated":true}]}}