{"id":174712,"date":"2025-09-19T23:00:37","date_gmt":"2025-09-19T23:00:37","guid":{"rendered":"https:\/\/www.otiumhome.fi\/?p=174712"},"modified":"2025-09-24T23:11:27","modified_gmt":"2025-09-24T23:11:27","slug":"vaatekaappi-artesaani-tammi-80x50x200-cm-tekninen-puu","status":"publish","type":"product","link":"https:\/\/www.otiumhome.fi\/index.php\/tuote\/vaatekaappi-artesaani-tammi-80x50x200-cm-tekninen-puu\/","title":{"rendered":"Vaatekaappi artesaani tammi 80x50x200 cm tekninen puu"},"content":{"rendered":"<p>Siisti vaatteesi ja valitse asusi helposti t\u00e4m\u00e4n vaatekaapin avulla!<\/p>\n<\/p>\n<ul>\n<li>Kest\u00e4v\u00e4 ja tukeva materiaali: Tekninen puu on poikkeuksellisen laadukasta ja sile\u00e4pintaista. Se on my\u00f6s luja, vakaa ja kosteudelle vastustuskykyinen.<\/li>\n<li>Runsaasti s\u00e4ilytystilaa: T\u00e4ss\u00e4 eteisen kaapissa on yksi lokero ja kaksi laatikkoa, jotka tarjoavat runsaasti tilaa vaatteille, hatuille, hanskoille ja muille tarpeellisille tavaroille.<\/li>\n<li>Tyylik\u00e4s ja kompakti muotoilu: Puhtaat linjat ja minimalistinen muotoilu saavat t\u00e4m\u00e4n vaatekaapin sulautumaan tiloihisi t\u00e4ydellisesti. Se on t\u00e4ydellinen pieniin tiloihin kompaktin kokonsa ansiosta.<\/li>\n<\/ul>\n<p>Varoitus:<\/p>\n<ul>\n<li>Kaatumisen est\u00e4miseksi t\u00e4t\u00e4 tuotetta on k\u00e4ytett\u00e4v\u00e4 mukana toimitetun sein\u00e4kiinnityslaitteen kanssa.<\/li>\n<\/ul>\n<ul>\n<li>V\u00e4ri: Artesaani tammi<\/li>\n<li>Materiaali: Tekninen puu<\/li>\n<li>Mitat: 80 x 50 x 200 cm (L x S x K)<\/li>\n<li>Asennus vaaditaan: Kyll\u00e4<\/li>\n<\/ul>\n","protected":false},"excerpt":{"rendered":"<ul>\n<li>V\u00e4ri: Artesaani tammi<\/li>\n<li>Materiaali: Tekninen puu<\/li>\n<li>Mitat: 80 x 50 x 200 cm (L x S x K)<\/li>\n<li>Asennus vaaditaan: Kyll\u00e4<\/li>\n<\/ul>\n","protected":false},"featured_media":100000174712,"comment_status":"closed","ping_status":"closed","template":"","meta":[],"product_brand":[],"product_cat":[84,8539],"product_tag":[],"class_list":{"0":"post-174712","1":"product","2":"type-product","3":"status-publish","4":"has-post-thumbnail","6":"product_cat-huonekalut","7":"product_cat-kaapit-vaatekaapit","9":"first","10":"instock","11":"taxable","12":"shipping-taxable","13":"purchasable","14":"product-type-simple"},"_links":{"self":[{"href":"https:\/\/www.otiumhome.fi\/index.php\/wp-json\/wp\/v2\/product\/174712","targetHints":{"allow":["GET"]}}],"collection":[{"href":"https:\/\/www.otiumhome.fi\/index.php\/wp-json\/wp\/v2\/product"}],"about":[{"href":"https:\/\/www.otiumhome.fi\/index.php\/wp-json\/wp\/v2\/types\/product"}],"replies":[{"embeddable":true,"href":"https:\/\/www.otiumhome.fi\/index.php\/wp-json\/wp\/v2\/comments?post=174712"}],"wp:featuredmedia":[{"embeddable":true,"href":"https:\/\/www.otiumhome.fi\/index.php\/wp-json\/"}],"wp:attachment":[{"href":"https:\/\/www.otiumhome.fi\/index.php\/wp-json\/wp\/v2\/media?parent=174712"}],"wp:term":[{"taxonomy":"product_brand","embeddable":true,"href":"https:\/\/www.otiumhome.fi\/index.php\/wp-json\/wp\/v2\/product_brand?post=174712"},{"taxonomy":"product_cat","embeddable":true,"href":"https:\/\/www.otiumhome.fi\/index.php\/wp-json\/wp\/v2\/product_cat?post=174712"},{"taxonomy":"product_tag","embeddable":true,"href":"https:\/\/www.otiumhome.fi\/index.php\/wp-json\/wp\/v2\/product_tag?post=174712"}],"curies":[{"name":"wp","href":"https:\/\/api.w.org\/{rel}","templated":true}]}}