{"id":174699,"date":"2025-09-19T22:58:39","date_gmt":"2025-09-19T22:58:39","guid":{"rendered":"https:\/\/www.otiumhome.fi\/?p=174699"},"modified":"2025-12-14T04:43:51","modified_gmt":"2025-12-14T04:43:51","slug":"sailytyspenkki-kenkakaappi","status":"publish","type":"product","link":"https:\/\/www.otiumhome.fi\/index.php\/tuote\/sailytyspenkki-kenkakaappi\/","title":{"rendered":"S\u00e4ilytyspenkki\/kenk\u00e4kaappi"},"content":{"rendered":"<p>T\u00e4m\u00e4 korkealaatuisesta t\u00e4yspuusta valmistettu s\u00e4ilytyspenkki on muotoiltu yksinkertaisesti, mutta tyylikk\u00e4\u00e4sti. Voit s\u00e4ilytt\u00e4\u00e4 siin\u00e4 tavaroita, mutta samalla se my\u00f6s koristaa huoneen sisustusta.  <\/p>\n<p>Kest\u00e4v\u00e4ss\u00e4 s\u00e4ilytyspenkiss\u00e4 on 3 vetolaatikkoa, joissa on runsaasti tilaa, ja ne ovat t\u00e4ten t\u00e4ydellinen s\u00e4ilytyspaikka kengillesi! Kuhunkin laatikkoon mahtuu 3-4 paria kenki\u00e4. Se sopii my\u00f6s muiden tavaroiden kuten housujen ja puseroiden s\u00e4ilytt\u00e4miseen. <\/p>\n<\/p>\n<p>Penkille mahtuu istumaan mukavasti jopa 2-3 aikuista, joten sit\u00e4 voidaan k\u00e4ytt\u00e4\u00e4 my\u00f6s kuistilla, eteisess\u00e4, makuuhuoneessa jne. <\/p>\n<ul>\n<li>Materiaali: t\u00e4ysi keisaripuu<\/li>\n<li>Kokonaismitat: 100 x 35 x 45 cm (P x L x K)<\/li>\n<li>Vetolaatikon koko: 30,5 x 30,5 x 25 cm (P x L x K)<\/li>\n<li>3 suurta vetolaatikkoa<\/li>\n<\/ul>\n","protected":false},"excerpt":{"rendered":"<ul>\n<li>Materiaali: t\u00e4ysi keisaripuu<\/li>\n<li>Kokonaismitat: 100 x 35 x 45 cm (P x L x K)<\/li>\n<li>Vetolaatikon koko: 30,5 x 30,5 x 25 cm (P x L x K)<\/li>\n<li>3 suurta vetolaatikkoa<\/li>\n<\/ul>\n","protected":false},"featured_media":100000174699,"comment_status":"closed","ping_status":"closed","template":"","meta":[],"product_brand":[],"product_cat":[8538,84],"product_tag":[],"class_list":{"0":"post-174699","1":"product","2":"type-product","3":"status-publish","4":"has-post-thumbnail","6":"product_cat-eteis-sailytyspenkit","7":"product_cat-huonekalut","9":"first","10":"instock","11":"taxable","12":"shipping-taxable","13":"purchasable","14":"product-type-simple"},"_links":{"self":[{"href":"https:\/\/www.otiumhome.fi\/index.php\/wp-json\/wp\/v2\/product\/174699","targetHints":{"allow":["GET"]}}],"collection":[{"href":"https:\/\/www.otiumhome.fi\/index.php\/wp-json\/wp\/v2\/product"}],"about":[{"href":"https:\/\/www.otiumhome.fi\/index.php\/wp-json\/wp\/v2\/types\/product"}],"replies":[{"embeddable":true,"href":"https:\/\/www.otiumhome.fi\/index.php\/wp-json\/wp\/v2\/comments?post=174699"}],"wp:featuredmedia":[{"embeddable":true,"href":"https:\/\/www.otiumhome.fi\/index.php\/wp-json\/"}],"wp:attachment":[{"href":"https:\/\/www.otiumhome.fi\/index.php\/wp-json\/wp\/v2\/media?parent=174699"}],"wp:term":[{"taxonomy":"product_brand","embeddable":true,"href":"https:\/\/www.otiumhome.fi\/index.php\/wp-json\/wp\/v2\/product_brand?post=174699"},{"taxonomy":"product_cat","embeddable":true,"href":"https:\/\/www.otiumhome.fi\/index.php\/wp-json\/wp\/v2\/product_cat?post=174699"},{"taxonomy":"product_tag","embeddable":true,"href":"https:\/\/www.otiumhome.fi\/index.php\/wp-json\/wp\/v2\/product_tag?post=174699"}],"curies":[{"name":"wp","href":"https:\/\/api.w.org\/{rel}","templated":true}]}}