{"id":174697,"date":"2025-09-19T22:58:28","date_gmt":"2025-09-19T22:58:28","guid":{"rendered":"https:\/\/www.otiumhome.fi\/?p=174697"},"modified":"2025-12-14T04:43:25","modified_gmt":"2025-12-14T04:43:25","slug":"baarijakkarat-2-kpl-taysi-tiikki","status":"publish","type":"product","link":"https:\/\/www.otiumhome.fi\/index.php\/tuote\/baarijakkarat-2-kpl-taysi-tiikki\/","title":{"rendered":"Baarijakkarat 2 kpl t\u00e4ysi tiikki"},"content":{"rendered":"<p>T\u00e4m\u00e4n baarijakkarasarjan tyylik\u00e4s, teollinen suunnittelu, sopii mihin tahansa sisustukseen.<\/p>\n<\/p>\n<p>Koska ne on valmistettu t\u00e4ydest\u00e4 tiikist\u00e4, n\u00e4m\u00e4 baarijakkarat ovat vakaat ja kest\u00e4v\u00e4t. Runko on valmistettu kest\u00e4v\u00e4st\u00e4 raudasta, joka lis\u00e4\u00e4 niiden vakautta ja ne voidaan puhdistaa helposti. K\u00e4sity\u00f6 ja kauniit puun syyt tekev\u00e4t jokaisesta huonekalusta ainutlaatuisen ja hieman toisistaan eroavan.<\/p>\n<\/p>\n<p>T\u00e4rke\u00e4 huomio: V\u00e4rit vaihtelevat kappaleittain, t\u00e4m\u00e4 tekee jokaisesta jakkarasta ainutlaatuisen; toimitus on sattumanvarainen.<\/p>\n<\/p>\n<p>Toimitus sis\u00e4lt\u00e4\u00e4 2 baarijakkaraa<\/p>\n<ul>\n<li>V\u00e4ri: ruskea<\/li>\n<li>Materiaali: T\u00e4ysi tiikki + rauta<\/li>\n<li>Mitat: 35 x 35 x 76 cm (L x S x K)<\/li>\n<li>Hiottu ja maalattu<\/li>\n<li>Toimitus sis\u00e4lt\u00e4\u00e4 2 baarijakkaraa<\/li>\n<\/ul>\n","protected":false},"excerpt":{"rendered":"<ul>\n<li>V\u00e4ri: ruskea<\/li>\n<li>Materiaali: T\u00e4ysi tiikki + rauta<\/li>\n<li>Mitat: 35 x 35 x 76 cm (L x S x K)<\/li>\n<li>Hiottu ja maalattu<\/li>\n<li>Toimitus sis\u00e4lt\u00e4\u00e4 2 baarijakkaraa<\/li>\n<\/ul>\n","protected":false},"featured_media":100000174697,"comment_status":"closed","ping_status":"closed","template":"","meta":[],"product_brand":[],"product_cat":[8536,84],"product_tag":[],"class_list":{"0":"post-174697","1":"product","2":"type-product","3":"status-publish","4":"has-post-thumbnail","6":"product_cat-baarijakkarat","7":"product_cat-huonekalut","9":"first","10":"instock","11":"taxable","12":"shipping-taxable","13":"purchasable","14":"product-type-simple"},"_links":{"self":[{"href":"https:\/\/www.otiumhome.fi\/index.php\/wp-json\/wp\/v2\/product\/174697","targetHints":{"allow":["GET"]}}],"collection":[{"href":"https:\/\/www.otiumhome.fi\/index.php\/wp-json\/wp\/v2\/product"}],"about":[{"href":"https:\/\/www.otiumhome.fi\/index.php\/wp-json\/wp\/v2\/types\/product"}],"replies":[{"embeddable":true,"href":"https:\/\/www.otiumhome.fi\/index.php\/wp-json\/wp\/v2\/comments?post=174697"}],"wp:featuredmedia":[{"embeddable":true,"href":"https:\/\/www.otiumhome.fi\/index.php\/wp-json\/"}],"wp:attachment":[{"href":"https:\/\/www.otiumhome.fi\/index.php\/wp-json\/wp\/v2\/media?parent=174697"}],"wp:term":[{"taxonomy":"product_brand","embeddable":true,"href":"https:\/\/www.otiumhome.fi\/index.php\/wp-json\/wp\/v2\/product_brand?post=174697"},{"taxonomy":"product_cat","embeddable":true,"href":"https:\/\/www.otiumhome.fi\/index.php\/wp-json\/wp\/v2\/product_cat?post=174697"},{"taxonomy":"product_tag","embeddable":true,"href":"https:\/\/www.otiumhome.fi\/index.php\/wp-json\/wp\/v2\/product_tag?post=174697"}],"curies":[{"name":"wp","href":"https:\/\/api.w.org\/{rel}","templated":true}]}}