{"id":174020,"date":"2025-09-14T23:31:07","date_gmt":"2025-09-14T23:31:07","guid":{"rendered":"https:\/\/www.otiumhome.fi\/?p=174020"},"modified":"2025-12-19T21:45:33","modified_gmt":"2025-12-19T21:45:33","slug":"kylpyhuonekalustesetti-ovella-4-pcs-musta-tammi-tekninen-puu","status":"publish","type":"product","link":"https:\/\/www.otiumhome.fi\/index.php\/tuote\/kylpyhuonekalustesetti-ovella-4-pcs-musta-tammi-tekninen-puu\/","title":{"rendered":"Kylpyhuonekalustesetti ovella 4 pcs Musta tammi. Tekninen puu"},"content":{"rendered":"<p>T\u00e4m\u00e4 moderni kylpyhuonekalustesetti yhdist\u00e4\u00e4 tyylillisesti nykyaikaisen muotoilun ja k\u00e4yt\u00e4nn\u00f6n. Ihanteellinen parantamaan mink\u00e4 tahansa kylpyhuoneen ilmett\u00e4, setti tarjoaa virtaviivaisen ulkon\u00e4\u00f6n, joka sopii erilaisten sisustustyylien kanssa. Sen minimalistinen tyyli luo rauhallisen ja j\u00e4rjestelm\u00e4llisen tunnelman, olipa kyseess\u00e4 vilkas perhe tai rauhallinen koti. Huonekalujen l\u00e4mpim\u00e4st\u00e4 teknisest\u00e4 puusta tulee mukava ja kutsuva tunnelma, ilman, ett\u00e4 toiminnallisuus k\u00e4rsii.<\/p>\n<ul><\/br><\/p>\n<li><b>Materiaalit:<\/b> T\u00e4m\u00e4 kylpyhuonekalustesetti on valmistettu laadukkaasta teknisest\u00e4 puusta, mik\u00e4 tekee siit\u00e4 kest\u00e4v\u00e4n ja vahvan p\u00e4ivitt\u00e4ist\u00e4 k\u00e4ytt\u00f6\u00e4 vastaan. Materiaalin vakaus varmistaa tukevan pohjan kylpyhuonetarvikkeille, ja sen pinta on miellytt\u00e4v\u00e4 koskettaa ja sulautuu hyvin muiden elementtien kanssa.<\/li>\n<p><\/br><\/p>\n<li><b>Yhdistetyt osat:<\/b> Settiin kuuluu peili, upotetut ovet ja metalliset kahvat, jotka lis\u00e4\u00e4v\u00e4t sek\u00e4 k\u00e4yt\u00e4nn\u00f6llisyytt\u00e4 ett\u00e4 esteettisyytt\u00e4. Peili tarjoaa kirkkaat heijastukset ilman v\u00e4\u00e4ristymi\u00e4, ja ovet mahdollistavat huomaamattoman varastoinnin.<\/li>\n<p><\/br><\/p>\n<li><b>Ominaisuudet \/ toiminnot \/ suunnittelu:<\/b> Sein\u00e4kiinnitett\u00e4v\u00e4 malli s\u00e4\u00e4st\u00e4\u00e4 lattiapinta-alaa, mik\u00e4 luo siistimm\u00e4n kylpyhuoneymp\u00e4rist\u00f6n. Tekninen puurunko takaa turvallisen kiinnityksen ja rauhoittaa k\u00e4ytt\u00e4ji\u00e4, jotka arvostavat tilatehokkuutta ja vakautta.<\/li>\n<p><\/br><\/p>\n<li><b>Suositellut k\u00e4ytt\u00f6tarkoitukset:<\/b> T\u00e4m\u00e4 kalustesetti on t\u00e4ydellinen moderneja s\u00e4vyj\u00e4 kaipaaville kotikylpyhuoneille, se pit\u00e4\u00e4 hygieniatarvikkeet, pyyhkeet ja henkil\u00f6kohtaiset tavarat j\u00e4rjestyksess\u00e4. Se sopii erilaisiin kylpyhuoneen kokoihin ja asetteluihin, tarjoten k\u00e4yt\u00e4nn\u00f6llisyytt\u00e4 kompakteissa tiloissa.<\/li>\n<p><\/br><\/p>\n<li><b>Hoito &amp; huolto:<\/b> Pid\u00e4 setti hyv\u00e4ss\u00e4 kunnossa puhdistamalla se kostealla liinalla, ja v\u00e4lt\u00e4 voimakkaita kemikaaleja tai hankaavia materiaaleja. S\u00e4\u00e4nn\u00f6llinen ja hell\u00e4varainen puhdistus pident\u00e4\u00e4 sen k\u00e4ytt\u00f6ik\u00e4\u00e4 ja s\u00e4ilytt\u00e4\u00e4 ulkon\u00e4\u00f6n.<\/li>\n<p><\/br><\/ul>\n<ul>\n<li>V\u00e4ri: Musta tammi.<\/li>\n<li>Materiaali: Tekninen puu<\/li>\n<li>Yleiset mitat: 80 x 38,5 x 45 cm (P x L x K)<\/li>\n<li>Paino: 65,05 kg<\/li>\n<li>Kest\u00e4v\u00e4<\/li>\n<li>Tasainen peili<\/li>\n<li>Kehysmateriaali: Tekninen puu<\/li>\n<li>Mukana tulvaovi<\/li>\n<li>Enimm\u00e4ispaino: 240 kg<\/li>\n<li>Vain sis\u00e4k\u00e4ytt\u00f6\u00f6n<\/li>\n<li>Toimitus-:<\/li>\n<li>1 x Kylpyhuoneen altaan kaappi: 90 x 38.5 x 46 cm (PxLxK)<\/li>\n<li>1 x Kylpyhuoneen kaappi: 30 x 30 x 130 cm (PxLxK)<\/li>\n<li>1 x Kylpyhuoneen kaappi: 30 x 30 x 80 cm<\/li>\n<li>1 x Peili: 90 x 37 cm (PxL)<\/li>\n<li>Kokoonpano vaaditaan: Kyll\u00e4<\/li>\n<\/ul>\n","protected":false},"excerpt":{"rendered":"<ul>\n<li>V\u00e4ri: Musta tammi.<\/li>\n<li>Materiaali: Tekninen puu<\/li>\n<li>Yleiset mitat: 80 x 38,5 x 45 cm (P x L x K)<\/li>\n<li>Paino: 65,05 kg<\/li>\n<li>Kest\u00e4v\u00e4<\/li>\n<li>Tasainen peili<\/li>\n<li>Kehysmateriaali: Tekninen puu<\/li>\n<li>Mukana tulvaovi<\/li>\n<li>Enimm\u00e4ispaino: 240 kg<\/li>\n<li>Vain sis\u00e4k\u00e4ytt\u00f6\u00f6n<\/li>\n<li>Toimitus-:<\/li>\n<li>1 x Kylpyhuoneen altaan kaappi: 90 x 38.5 x 46 cm (PxLxK)<\/li>\n<li>1 x Kylpyhuoneen kaappi: 30 x 30 x 130 cm (PxLxK)<\/li>\n<li>1 x Kylpyhuoneen kaappi: 30 x 30 x 80 cm<\/li>\n<li>1 x Peili: 90 x 37 cm (PxL)<\/li>\n<li>Kokoonpano vaaditaan: Kyll\u00e4<\/li>\n<\/ul>\n","protected":false},"featured_media":100000174020,"comment_status":"closed","ping_status":"closed","template":"","meta":[],"product_brand":[],"product_cat":[84,8560],"product_tag":[],"class_list":{"0":"post-174020","1":"product","2":"type-product","3":"status-publish","4":"has-post-thumbnail","6":"product_cat-huonekalut","7":"product_cat-kylpyhuoneen-kalusteet","9":"first","10":"instock","11":"taxable","12":"shipping-taxable","13":"purchasable","14":"product-type-simple"},"_links":{"self":[{"href":"https:\/\/www.otiumhome.fi\/index.php\/wp-json\/wp\/v2\/product\/174020","targetHints":{"allow":["GET"]}}],"collection":[{"href":"https:\/\/www.otiumhome.fi\/index.php\/wp-json\/wp\/v2\/product"}],"about":[{"href":"https:\/\/www.otiumhome.fi\/index.php\/wp-json\/wp\/v2\/types\/product"}],"replies":[{"embeddable":true,"href":"https:\/\/www.otiumhome.fi\/index.php\/wp-json\/wp\/v2\/comments?post=174020"}],"wp:featuredmedia":[{"embeddable":true,"href":"https:\/\/www.otiumhome.fi\/index.php\/wp-json\/"}],"wp:attachment":[{"href":"https:\/\/www.otiumhome.fi\/index.php\/wp-json\/wp\/v2\/media?parent=174020"}],"wp:term":[{"taxonomy":"product_brand","embeddable":true,"href":"https:\/\/www.otiumhome.fi\/index.php\/wp-json\/wp\/v2\/product_brand?post=174020"},{"taxonomy":"product_cat","embeddable":true,"href":"https:\/\/www.otiumhome.fi\/index.php\/wp-json\/wp\/v2\/product_cat?post=174020"},{"taxonomy":"product_tag","embeddable":true,"href":"https:\/\/www.otiumhome.fi\/index.php\/wp-json\/wp\/v2\/product_tag?post=174020"}],"curies":[{"name":"wp","href":"https:\/\/api.w.org\/{rel}","templated":true}]}}