{"id":174004,"date":"2025-09-14T23:30:44","date_gmt":"2025-09-14T23:30:44","guid":{"rendered":"https:\/\/www.otiumhome.fi\/?p=174004"},"modified":"2025-09-19T23:23:38","modified_gmt":"2025-09-19T23:23:38","slug":"kylpyhuoneen-kalustesarja-korkeakiilto-valkoinen-tekninen-puu","status":"publish","type":"product","link":"https:\/\/www.otiumhome.fi\/index.php\/tuote\/kylpyhuoneen-kalustesarja-korkeakiilto-valkoinen-tekninen-puu\/","title":{"rendered":"Kylpyhuoneen kalustesarja korkeakiilto valkoinen tekninen puu"},"content":{"rendered":"<p>T\u00e4m\u00e4 tyylik\u00e4s kylpyhuoneen kalustesarja sis\u00e4lt\u00e4\u00e4 allaskaapin, sis\u00e4\u00e4nrakennetun hanallisen altaan ja peilin. Se sopii t\u00e4ydellisesti kylpyhuoneeseen tai pesutilaan huomiota her\u00e4tt\u00e4v\u00e4ll\u00e4 siistill\u00e4 muotoilullaan.<\/p>\n<\/p>\n<p>Teknisest\u00e4 puusta valmistettu allaskaappi tukeva ja vakaa. Kaapissa on yksi vetolaatikko ja kaksi ovea, jotka tarjoavat runsaasti tilaa s\u00e4ilytt\u00e4miseen. Se sopii t\u00e4ydellisesti altaan alle ja tekee kylpyhuones\u00e4ilytt\u00e4misest\u00e4 melko k\u00e4tev\u00e4\u00e4. Keraaminen pesuallas ei toimi ainoastaan astiana p\u00e4ivitt\u00e4iseen k\u00e4ytt\u00f6\u00f6n, vaan se on samalla my\u00f6s koriste elintiloihisi. Nykyaikaisen ja edistyksellisen muotoilunsa ansiosta pesuallas sopii varmasti mihin tahansa sisustustyyliin. Se on varustettu ylivuotorei\u00e4ll\u00e4, josta liika vesi p\u00e4\u00e4see valumaan pois, jos allas t\u00e4yttyy liikaa. Sen lasitettu pinta antaa sille modernin ja elegantin ulkon\u00e4\u00f6n. Peili lis\u00e4\u00e4 kotisi sisustukseen erinomaista ilmett\u00e4. Sarja on helppo puhdistaa kostealla liinalla.<\/p>\n<\/p>\n<p>Ole hyv\u00e4 ja ota huomioon: hana ja viem\u00e4ri eiv\u00e4t sis\u00e4lly toimitukseen.<\/p>\n<ul>\n<li><strong>Allaskaappi:<\/strong><\/li>\n<li>V\u00e4ri: valkoinen korkeakiilto<\/li>\n<li>Materiaali: tekninen puu<\/li>\n<li>Kokonaismitat: 90 x 38,5 x 46 cm (L x S x K)<\/li>\n<li><strong>Sis\u00e4\u00e4nrakennettu pesuallas:<\/strong><\/li>\n<li>V\u00e4ri: valkoinen<\/li>\n<li>Materiaali: keramiikka<\/li>\n<li>Kokonaismitat: 91 x 39,5 x 18,5 cm (P x L x K)<\/li>\n<li>Keraamisen reunan paksuus: 4 cm<\/li>\n<li>Viem\u00e4riaukon halkaisija: 4,5 cm<\/li>\n<li>Sis\u00e4lt\u00e4\u00e4 ylivuotoaukon<\/li>\n<li><strong>Peili:<\/strong><\/li>\n<li>V\u00e4ri: valkoinen korkeakiilto<\/li>\n<li>Materiaali: Tekninen puu, akryyli<\/li>\n<li>Mitat: 90 x 1,5 x 37 cm (L x S x K)<\/li>\n<li>Asennus vaaditaan: kyll\u00e4<\/li>\n<li><strong>Toimitus sis\u00e4lt\u00e4\u00e4:<\/strong><\/li>\n<li>1 x allaskaappi<\/li>\n<li>1 x sis\u00e4\u00e4nrakennettu pesuallas<\/li>\n<li>1 x peili<\/li>\n<\/ul>\n<p> Lapsia tulee valvoa, jotta voidaan olla varmoja, etteiv\u00e4t he leiki laitteella. Pid\u00e4 lapset kaukana kokoamisalueelta. Huomio: Lue ohjeet huolellisesti ennen k\u00e4ytt\u00f6\u00e4 ja pid\u00e4 ne tallessa tulevaa k\u00e4ytt\u00f6\u00e4 varten.<\/p>\n","protected":false},"excerpt":{"rendered":"<ul>\n<li><strong>Allaskaappi:<\/strong><\/li>\n<li>V\u00e4ri: valkoinen korkeakiilto<\/li>\n<li>Materiaali: tekninen puu<\/li>\n<li>Kokonaismitat: 90 x 38,5 x 46 cm (L x S x K)<\/li>\n<li><strong>Sis\u00e4\u00e4nrakennettu pesuallas:<\/strong><\/li>\n<li>V\u00e4ri: valkoinen<\/li>\n<li>Materiaali: keramiikka<\/li>\n<li>Kokonaismitat: 91 x 39,5 x 18,5 cm (P x L x K)<\/li>\n<li>Keraamisen reunan paksuus: 4 cm<\/li>\n<li>Viem\u00e4riaukon halkaisija: 4,5 cm<\/li>\n<li>Sis\u00e4lt\u00e4\u00e4 ylivuotoaukon<\/li>\n<li><strong>Peili:<\/strong><\/li>\n<li>V\u00e4ri: valkoinen korkeakiilto<\/li>\n<li>Materiaali: Tekninen puu, akryyli<\/li>\n<li>Mitat: 90 x 1,5 x 37 cm (L x S x K)<\/li>\n<li>Asennus vaaditaan: kyll\u00e4<\/li>\n<li><strong>Toimitus sis\u00e4lt\u00e4\u00e4:<\/strong><\/li>\n<li>1 x allaskaappi<\/li>\n<li>1 x sis\u00e4\u00e4nrakennettu pesuallas<\/li>\n<li>1 x peili<\/li>\n<\/ul>\n","protected":false},"featured_media":100000174004,"comment_status":"closed","ping_status":"closed","template":"","meta":[],"product_brand":[],"product_cat":[84,8560],"product_tag":[],"class_list":{"0":"post-174004","1":"product","2":"type-product","3":"status-publish","4":"has-post-thumbnail","6":"product_cat-huonekalut","7":"product_cat-kylpyhuoneen-kalusteet","9":"first","10":"outofstock","11":"taxable","12":"shipping-taxable","13":"purchasable","14":"product-type-simple"},"_links":{"self":[{"href":"https:\/\/www.otiumhome.fi\/index.php\/wp-json\/wp\/v2\/product\/174004","targetHints":{"allow":["GET"]}}],"collection":[{"href":"https:\/\/www.otiumhome.fi\/index.php\/wp-json\/wp\/v2\/product"}],"about":[{"href":"https:\/\/www.otiumhome.fi\/index.php\/wp-json\/wp\/v2\/types\/product"}],"replies":[{"embeddable":true,"href":"https:\/\/www.otiumhome.fi\/index.php\/wp-json\/wp\/v2\/comments?post=174004"}],"wp:featuredmedia":[{"embeddable":true,"href":"https:\/\/www.otiumhome.fi\/index.php\/wp-json\/"}],"wp:attachment":[{"href":"https:\/\/www.otiumhome.fi\/index.php\/wp-json\/wp\/v2\/media?parent=174004"}],"wp:term":[{"taxonomy":"product_brand","embeddable":true,"href":"https:\/\/www.otiumhome.fi\/index.php\/wp-json\/wp\/v2\/product_brand?post=174004"},{"taxonomy":"product_cat","embeddable":true,"href":"https:\/\/www.otiumhome.fi\/index.php\/wp-json\/wp\/v2\/product_cat?post=174004"},{"taxonomy":"product_tag","embeddable":true,"href":"https:\/\/www.otiumhome.fi\/index.php\/wp-json\/wp\/v2\/product_tag?post=174004"}],"curies":[{"name":"wp","href":"https:\/\/api.w.org\/{rel}","templated":true}]}}