{"id":173900,"date":"2025-09-11T01:34:25","date_gmt":"2025-09-11T01:34:25","guid":{"rendered":"https:\/\/www.otiumhome.fi\/?p=173900"},"modified":"2025-09-11T15:13:59","modified_gmt":"2025-09-11T15:13:59","slug":"viinipulloteline-50x40x180-cm-taysi-kierratetty-puu","status":"publish","type":"product","link":"https:\/\/www.otiumhome.fi\/index.php\/tuote\/viinipulloteline-50x40x180-cm-taysi-kierratetty-puu\/","title":{"rendered":"Viinipulloteline 50x40x180 cm t\u00e4ysi kierr\u00e4tetty puu"},"content":{"rendered":"<p>Tuo ylellist\u00e4 ja erikoista vintage-tyyli\u00e4 sisustukseesi t\u00e4ll\u00e4 veneaiheisella puisella viinipullotelineell\u00e4!<\/p>\n<\/p>\n<p>Vintage-tyylisest\u00e4 viinipullotelineest\u00e4 avantgardistisella suunnittelulla tulee huomion keskipiste sisustuksessasi. Viinikaappi on valmistettu t\u00e4ydest\u00e4 kierr\u00e4tetyst\u00e4 puusta, joka on per\u00e4isin purettujen vanhojen rakennusten pylv\u00e4ist\u00e4, lattioista ja tukipalkeista ja se voi koostua erilaisista puulajeista, kuten m\u00e4nnyst\u00e4, tiikist\u00e4, py\u00f6kist\u00e4, tammesta sek\u00e4 setri-, mango- ja akaasiapuusta jne., joten se pit\u00e4\u00e4 sis\u00e4ll\u00e4\u00e4n kaikkien n\u00e4iden puiden ominaisuuksia. Kierr\u00e4tetty puu on vanhempaa, kulunutta ja kuivunutta, joten se ei kutistu tai taivu. Erinomainen k\u00e4sity\u00f6 ja esteettisesti houkuttelevat puukuviot tekev\u00e4t jokaisesta huonekalusta ainutlaatuisen ja hieman erilaisen kuin muut. Viinikaappi on k\u00e4sintehty ja jokainen ty\u00f6vaihe hiomisesta maalaukseen sek\u00e4 lakkaukseen on suoritettu eritt\u00e4in huolellisesti. Viinitelineess\u00e4 on 16 pullo-osastoa, 1 vetolaatikko ja 3 hylly\u00e4, joten se tarjoaa runsaasti tilaa viinipullojen ja lis\u00e4varusteiden s\u00e4ilytt\u00e4mist\u00e4 varten.<\/p>\n<\/p>\n<p>T\u00e4rke\u00e4 huomio: V\u00e4rit vaihtelevat kappaleittain tehden jokaisesta viinipullotelineest\u00e4 ainutlaatuisen. Toimitus on satunnainen, joka takaa tuotteesi ainutlaatuisuuden ja yksil\u00f6llisyyden.<\/p>\n<\/p>\n<p>Varoitus: Kaatumisen est\u00e4miseksi t\u00e4t\u00e4 tuotetta on k\u00e4ytett\u00e4v\u00e4 mukana toimitetun sein\u00e4kiinnityslaitteen kanssa.<\/p>\n<ul>\n<li>Materiaali: kierr\u00e4tetty t\u00e4yspuu<\/li>\n<li>Mitat: 50 x 40 x 180 cm (L x S x K)<\/li>\n<li>Viimeistely: hiottu, maalattu ja lakattu<\/li>\n<li>16 pullo-osastoa, 1 vetolaatikko ja 3 hylly\u00e4<\/li>\n<li>Venemuotoilu<\/li>\n<li>Legal Documents:\n<p><span>Lis\u00e4tietoja huonekalujesi kaatumisen est\u00e4misest\u00e4 voit l\u00f6yt\u00e4\u00e4 <span style=\"text-decoration: underline\"><strong><a title=\"https:\/\/bit.ly\/3bVwkQp\" href=\"https:\/\/bit.ly\/3bVwkQp\" target=\"_blank\">t\u00e4\u00e4lt\u00e4<\/a><\/strong><\/span><\/span><\/p>\n<\/li>\n<\/ul>\n","protected":false},"excerpt":{"rendered":"<ul>\n<li>Materiaali: kierr\u00e4tetty t\u00e4yspuu<\/li>\n<li>Mitat: 50 x 40 x 180 cm (L x S x K)<\/li>\n<li>Viimeistely: hiottu, maalattu ja lakattu<\/li>\n<li>16 pullo-osastoa, 1 vetolaatikko ja 3 hylly\u00e4<\/li>\n<li>Venemuotoilu<\/li>\n<li>Legal Documents:\n<p><span>Lis\u00e4tietoja huonekalujesi kaatumisen est\u00e4misest\u00e4 voit l\u00f6yt\u00e4\u00e4 <span style=\"text-decoration: underline\"><strong><a title=\"https:\/\/bit.ly\/3bVwkQp\" href=\"https:\/\/bit.ly\/3bVwkQp\" target=\"_blank\">t\u00e4\u00e4lt\u00e4<\/a><\/strong><\/span><\/span><\/p>\n<\/li>\n<\/ul>\n","protected":false},"featured_media":100000173900,"comment_status":"closed","ping_status":"closed","template":"","meta":[],"product_brand":[],"product_cat":[84,8662],"product_tag":[],"class_list":{"0":"post-173900","1":"product","2":"type-product","3":"status-publish","4":"has-post-thumbnail","6":"product_cat-huonekalut","7":"product_cat-viinitelineet","9":"first","10":"instock","11":"taxable","12":"shipping-taxable","13":"purchasable","14":"product-type-simple"},"_links":{"self":[{"href":"https:\/\/www.otiumhome.fi\/index.php\/wp-json\/wp\/v2\/product\/173900","targetHints":{"allow":["GET"]}}],"collection":[{"href":"https:\/\/www.otiumhome.fi\/index.php\/wp-json\/wp\/v2\/product"}],"about":[{"href":"https:\/\/www.otiumhome.fi\/index.php\/wp-json\/wp\/v2\/types\/product"}],"replies":[{"embeddable":true,"href":"https:\/\/www.otiumhome.fi\/index.php\/wp-json\/wp\/v2\/comments?post=173900"}],"wp:featuredmedia":[{"embeddable":true,"href":"https:\/\/www.otiumhome.fi\/index.php\/wp-json\/"}],"wp:attachment":[{"href":"https:\/\/www.otiumhome.fi\/index.php\/wp-json\/wp\/v2\/media?parent=173900"}],"wp:term":[{"taxonomy":"product_brand","embeddable":true,"href":"https:\/\/www.otiumhome.fi\/index.php\/wp-json\/wp\/v2\/product_brand?post=173900"},{"taxonomy":"product_cat","embeddable":true,"href":"https:\/\/www.otiumhome.fi\/index.php\/wp-json\/wp\/v2\/product_cat?post=173900"},{"taxonomy":"product_tag","embeddable":true,"href":"https:\/\/www.otiumhome.fi\/index.php\/wp-json\/wp\/v2\/product_tag?post=173900"}],"curies":[{"name":"wp","href":"https:\/\/api.w.org\/{rel}","templated":true}]}}