{"id":173296,"date":"2025-09-10T09:17:26","date_gmt":"2025-09-10T09:17:26","guid":{"rendered":"https:\/\/www.otiumhome.fi\/?p=173296"},"modified":"2025-12-04T11:25:36","modified_gmt":"2025-12-04T11:25:36","slug":"metallinen-sangynpaaty-valkoinen-140-cm","status":"publish","type":"product","link":"https:\/\/www.otiumhome.fi\/index.php\/tuote\/metallinen-sangynpaaty-valkoinen-140-cm\/","title":{"rendered":"Metallinen s\u00e4ngynp\u00e4\u00e4ty valkoinen 140 cm"},"content":{"rendered":"<p>Tyylikk\u00e4\u00e4sti muotoiltu perinteinen s\u00e4ngyn p\u00e4\u00e4tylevy antaa s\u00e4ngynrungollesi t\u00e4ydellisen ilmeen ja se sopii mihin tahansa makuuhuoneeseen.<\/p>\n<\/p>\n<ul>\n<li> Tukeva metallirakenne: S\u00e4ngyn p\u00e4\u00e4tylevy on valmistettu jauhemaalatusta ter\u00e4ksest\u00e4. Ter\u00e4s on poikkeuksellisen kova ja vahva materiaali. Se tarjoaa tukevuutta ja vakautta. Ter\u00e4ksen jauhemaalaus luo suojaavan kerroksen ajan patinaa vastaan.<\/li>\n<li>Tukevat ja vakaat jalat: Metallijalat takaavat tukevuuden ja vakauden.<\/li>\n<li>Erinomainen tuki: S\u00e4ngyn p\u00e4\u00e4tylevy tarjoaa sinulle erinomaisen selk\u00e4tuen s\u00e4ngyll\u00e4 istuessasi, kirjaa lukiessasi tai televisiota katsellessasi.<\/li>\n<\/ul>\n<p>Hyv\u00e4 tiet\u00e4\u00e4:<\/p>\n<ul>\n<li>S\u00e4ngynrunko ja patja eiv\u00e4t sis\u00e4lly toimitukseen.<\/li>\n<\/ul>\n<p>Huomioi:<\/p>\n<ul>\n<li>Py\u00f6reill\u00e4 putkilla varustetut p\u00e4\u00e4tylevyt sopivat vain kauppamme py\u00f6reill\u00e4 putkilla varustettuihin s\u00e4nkyihin.<\/li>\n<\/ul>\n<ul>\n<li>V\u00e4ri: Valkoinen <\/li>\n<li>Materiaali: Ter\u00e4s <\/li>\n<li>Kokonaismitat: 146 x 3 x 90 cm (P x L x K)<\/li>\n<li>Sopiva patjan leveys: 140 cm<\/li>\n<li>Kokoonpano vaaditaan: Kyll\u00e4<\/li>\n<li>Huom: K\u00e4yt\u00e4 asennukseen M6-ruuveja<\/li>\n<\/ul>\n","protected":false},"excerpt":{"rendered":"<ul>\n<li>V\u00e4ri: Valkoinen <\/li>\n<li>Materiaali: Ter\u00e4s <\/li>\n<li>Kokonaismitat: 146 x 3 x 90 cm (P x L x K)<\/li>\n<li>Sopiva patjan leveys: 140 cm<\/li>\n<li>Kokoonpano vaaditaan: Kyll\u00e4<\/li>\n<li>Huom: K\u00e4yt\u00e4 asennukseen M6-ruuveja<\/li>\n<\/ul>\n","protected":false},"featured_media":100000173296,"comment_status":"closed","ping_status":"closed","template":"","meta":[],"product_brand":[],"product_cat":[84,8636],"product_tag":[],"class_list":{"0":"post-173296","1":"product","2":"type-product","3":"status-publish","4":"has-post-thumbnail","6":"product_cat-huonekalut","7":"product_cat-sangynpaadyt","9":"first","10":"instock","11":"taxable","12":"shipping-taxable","13":"purchasable","14":"product-type-simple"},"_links":{"self":[{"href":"https:\/\/www.otiumhome.fi\/index.php\/wp-json\/wp\/v2\/product\/173296","targetHints":{"allow":["GET"]}}],"collection":[{"href":"https:\/\/www.otiumhome.fi\/index.php\/wp-json\/wp\/v2\/product"}],"about":[{"href":"https:\/\/www.otiumhome.fi\/index.php\/wp-json\/wp\/v2\/types\/product"}],"replies":[{"embeddable":true,"href":"https:\/\/www.otiumhome.fi\/index.php\/wp-json\/wp\/v2\/comments?post=173296"}],"wp:featuredmedia":[{"embeddable":true,"href":"https:\/\/www.otiumhome.fi\/index.php\/wp-json\/"}],"wp:attachment":[{"href":"https:\/\/www.otiumhome.fi\/index.php\/wp-json\/wp\/v2\/media?parent=173296"}],"wp:term":[{"taxonomy":"product_brand","embeddable":true,"href":"https:\/\/www.otiumhome.fi\/index.php\/wp-json\/wp\/v2\/product_brand?post=173296"},{"taxonomy":"product_cat","embeddable":true,"href":"https:\/\/www.otiumhome.fi\/index.php\/wp-json\/wp\/v2\/product_cat?post=173296"},{"taxonomy":"product_tag","embeddable":true,"href":"https:\/\/www.otiumhome.fi\/index.php\/wp-json\/wp\/v2\/product_tag?post=173296"}],"curies":[{"name":"wp","href":"https:\/\/api.w.org\/{rel}","templated":true}]}}