{"id":173291,"date":"2025-09-10T09:02:11","date_gmt":"2025-09-10T09:02:11","guid":{"rendered":"https:\/\/www.otiumhome.fi\/?p=173291"},"modified":"2025-09-15T01:23:42","modified_gmt":"2025-09-15T01:23:42","slug":"arkku-40x40x40-cm-taysi-akaasiapuu","status":"publish","type":"product","link":"https:\/\/www.otiumhome.fi\/index.php\/tuote\/arkku-40x40x40-cm-taysi-akaasiapuu\/","title":{"rendered":"Arkku 40x40x40 cm t\u00e4ysi akaasiapuu"},"content":{"rendered":"<p>Puinen arkku tuo yksinkertaistetun ilmeen kotisi sisustukseen ja tarjoaa runsaasti s\u00e4ilytystilaa tavaroillesi.<\/p>\n<\/p>\n<p>Arkku on valmistettu t\u00e4ydest\u00e4 akaasiapuusta tehden siit\u00e4 vakaan ja kest\u00e4v\u00e4n. Siin\u00e4 on sivuilla kaksi kahvaa nostamisen helpottamiseksi. S\u00e4ilytyslaatikossa on vankka pintalevy, joten sit\u00e4 voidaan k\u00e4ytt\u00e4\u00e4 my\u00f6s y\u00f6p\u00f6yt\u00e4n\u00e4. K\u00e4sity\u00f6taito ja kauniit puun kuviot tekev\u00e4t jokaisesta kappaleesta hieman toisista poikkeavan.<\/p>\n<\/p>\n<p>T\u00e4rke\u00e4 huomio: V\u00e4rit ja puunsyyt vaihtelevat kappaleittain, mik\u00e4 tekee jokaisesta huonekalusta ainutlaatuisen. Toimitus on sattumanvarainen, t\u00e4m\u00e4 takaa tuotteesi ainutlaatuisuuden.<\/p>\n<ul>\n<li>Materiaali: luonnollisesti pintak\u00e4sitelty t\u00e4ysi akaasiapuu, rauta<\/li>\n<li>Mitat: 40 x 40 x 40 cm (P x S x K)<\/li>\n<li>Kokoonpano vaaditaan: Ei<\/li>\n<\/ul>\n","protected":false},"excerpt":{"rendered":"<ul>\n<li>Materiaali: luonnollisesti pintak\u00e4sitelty t\u00e4ysi akaasiapuu, rauta<\/li>\n<li>Mitat: 40 x 40 x 40 cm (P x S x K)<\/li>\n<li>Kokoonpano vaaditaan: Ei<\/li>\n<\/ul>\n","protected":false},"featured_media":100000173291,"comment_status":"closed","ping_status":"closed","template":"","meta":[],"product_brand":[],"product_cat":[84,8564],"product_tag":[],"class_list":{"0":"post-173291","1":"product","2":"type-product","3":"status-publish","4":"has-post-thumbnail","6":"product_cat-huonekalut","7":"product_cat-sailytysarkut","9":"first","10":"instock","11":"taxable","12":"shipping-taxable","13":"purchasable","14":"product-type-simple"},"_links":{"self":[{"href":"https:\/\/www.otiumhome.fi\/index.php\/wp-json\/wp\/v2\/product\/173291","targetHints":{"allow":["GET"]}}],"collection":[{"href":"https:\/\/www.otiumhome.fi\/index.php\/wp-json\/wp\/v2\/product"}],"about":[{"href":"https:\/\/www.otiumhome.fi\/index.php\/wp-json\/wp\/v2\/types\/product"}],"replies":[{"embeddable":true,"href":"https:\/\/www.otiumhome.fi\/index.php\/wp-json\/wp\/v2\/comments?post=173291"}],"wp:featuredmedia":[{"embeddable":true,"href":"https:\/\/www.otiumhome.fi\/index.php\/wp-json\/"}],"wp:attachment":[{"href":"https:\/\/www.otiumhome.fi\/index.php\/wp-json\/wp\/v2\/media?parent=173291"}],"wp:term":[{"taxonomy":"product_brand","embeddable":true,"href":"https:\/\/www.otiumhome.fi\/index.php\/wp-json\/wp\/v2\/product_brand?post=173291"},{"taxonomy":"product_cat","embeddable":true,"href":"https:\/\/www.otiumhome.fi\/index.php\/wp-json\/wp\/v2\/product_cat?post=173291"},{"taxonomy":"product_tag","embeddable":true,"href":"https:\/\/www.otiumhome.fi\/index.php\/wp-json\/wp\/v2\/product_tag?post=173291"}],"curies":[{"name":"wp","href":"https:\/\/api.w.org\/{rel}","templated":true}]}}