{"id":173270,"date":"2025-09-10T08:42:12","date_gmt":"2025-09-10T08:42:12","guid":{"rendered":"https:\/\/www.otiumhome.fi\/?p=173270"},"modified":"2025-12-09T09:42:47","modified_gmt":"2025-12-09T09:42:47","slug":"kylpyhuoneen-kaappisetti-3-pcs-harmaa-ja-kulta-180-x-33-x-75-cm","status":"publish","type":"product","link":"https:\/\/www.otiumhome.fi\/index.php\/tuote\/kylpyhuoneen-kaappisetti-3-pcs-harmaa-ja-kulta-180-x-33-x-75-cm\/","title":{"rendered":"Kylpyhuoneen kaappisetti 3 pcs Harmaa ja kulta 180 x 33 x 75 cm"},"content":{"rendered":"<p>T\u00e4m\u00e4 puinen kylpyhuoneen kaappisarja yhdist\u00e4\u00e4 modernin eleganssin t\u00e4yden mangopuun ja tyylikk\u00e4\u00e4n kultaserigrafiapanostuksen ansiosta. Ihanteellinen moderniin kylpyhuoneeseen, sen suorakaiteen muotoinen rakenne yhdist\u00e4\u00e4 toiminnallisuuden esteettiseen vieh\u00e4tykseen. Olipa kyse pyyhkeist\u00e4, hygieniatuotteista tai muista varusteista, t\u00e4m\u00e4 kaappisarja pit\u00e4\u00e4 kaiken n\u00e4pp\u00e4r\u00e4sti k\u00e4den ulottuvilla ja parantaa sisustuksen ilmett\u00e4 hienostuneella ja minimalistisella designilla.<\/p>\n<ul>\n<li><b>Vieh\u00e4tt\u00e4v\u00e4 kultainen muotoilu<\/b> T\u00e4ss\u00e4 sarjassa on kauniisti suunniteltua kultaserigrafiatekniikkaa, mik\u00e4 luo upean tasapainon eleganssin ja toiminnallisuuden v\u00e4lill\u00e4. N\u00e4m\u00e4 taiteelliset yksityiskohdat tuovat lis\u00e4arvoa, tehden siit\u00e4 n\u00e4ytt\u00e4v\u00e4n osan modernia sisustusta.<\/li>\n<li><b>Sein\u00e4asennettu tilank\u00e4ytt\u00f6<\/b> Kaappisarja on sein\u00e4lle asennettu, joten se s\u00e4\u00e4st\u00e4\u00e4 hirve\u00e4sti tilaa. T\u00e4m\u00e4 innovatiivinen muotoilu vapauttaa lattiapinta-alaa ja luo siistin, modernin kylpyhuoneen ilmeen.<\/li>\n<li><b>Kest\u00e4v\u00e4 t\u00e4ysi mangopuu<\/b> Raskas mangopuu on tunnettu kest\u00e4vyydest\u00e4\u00e4n ja kauneudestaan, joten t\u00e4m\u00e4 huonekalusarja kest\u00e4\u00e4 aikaa. Tarkka puun valinta parantaa sen luotettavuutta ja kest\u00e4vytt\u00e4, joten se on hieno kumppani kotiisi.<\/li>\n<li><b>Toiminnalliset s\u00e4ilytysratkaisut<\/b> Varustettu tilavilla osastoilla ja k\u00e4yt\u00e4nn\u00f6llisill\u00e4 messinkikahvoilla, kaapit pit\u00e4v\u00e4t kaikki tarvikkeesi turvallisesti j\u00e4rjestettyin\u00e4. Monenlaisten s\u00e4ilytysratkaisujen ansiosta t\u00e4m\u00e4 kaappisarja mukautuu tarpeisiisi, rikkomatta silti esteettist\u00e4 harmoniaa.<\/li>\n<li><b>Moderni tyyli<\/b> Siistien viivojen ja minimalististen ominaisuuksien ansiosta setti on t\u00e4ydellinen nykyaikaiseen kotiin. Sen hillitty ja tyylikk\u00e4 muotoilu yhdist\u00e4\u00e4 yksinkertaisuuden ja toiminnallisuuden, mik\u00e4 tekee siit\u00e4 loistavan valinnan kaikenlaiseen kylpyhuoneen ilmeeseen.<\/li>\n<\/ul>\n<ul>\n<li>V\u00e4ri: Harmaa ja kulta<\/li>\n<li>Materiaali: Kiinte\u00e4 mango puu<\/li>\n<li>Yleiset mitat: 180 x 33 x 75 cm (P x L x K)<\/li>\n<li>Paino: 34,52 kg<\/li>\n<li>S\u00e4ilytystila<\/li>\n<li>Kanssa kultainen painettu muotoilu<\/li>\n<li>Oven kanssa<\/li>\n<li>Messinkivetimill\u00e4<\/li>\n<li>Laatikolla<\/li>\n<li>Hyllyll\u00e4<\/li>\n<li>4 ovien kanssa<\/li>\n<li>Sis\u00e4- \/ ulkotiloissa: Vain sis\u00e4k\u00e4ytt\u00f6\u00f6n<\/li>\n<li>Toimitus-:<\/li>\n<li>3 x sivup\u00f6yt\u00e4<\/li>\n<li>Kokoonpano vaaditaan: Kyll\u00e4<\/li>\n<\/ul>\n","protected":false},"excerpt":{"rendered":"<ul>\n<li>V\u00e4ri: Harmaa ja kulta<\/li>\n<li>Materiaali: Kiinte\u00e4 mango puu<\/li>\n<li>Yleiset mitat: 180 x 33 x 75 cm (P x L x K)<\/li>\n<li>Paino: 34,52 kg<\/li>\n<li>S\u00e4ilytystila<\/li>\n<li>Kanssa kultainen painettu muotoilu<\/li>\n<li>Oven kanssa<\/li>\n<li>Messinkivetimill\u00e4<\/li>\n<li>Laatikolla<\/li>\n<li>Hyllyll\u00e4<\/li>\n<li>4 ovien kanssa<\/li>\n<li>Sis\u00e4- \/ ulkotiloissa: Vain sis\u00e4k\u00e4ytt\u00f6\u00f6n<\/li>\n<li>Toimitus-:<\/li>\n<li>3 x sivup\u00f6yt\u00e4<\/li>\n<li>Kokoonpano vaaditaan: Kyll\u00e4<\/li>\n<\/ul>\n","protected":false},"featured_media":100000173270,"comment_status":"closed","ping_status":"closed","template":"","meta":[],"product_brand":[],"product_cat":[84,8635],"product_tag":[],"class_list":{"0":"post-173270","1":"product","2":"type-product","3":"status-publish","4":"has-post-thumbnail","6":"product_cat-huonekalut","7":"product_cat-sailytys-lukkokaapit","9":"first","10":"instock","11":"taxable","12":"shipping-taxable","13":"purchasable","14":"product-type-simple"},"_links":{"self":[{"href":"https:\/\/www.otiumhome.fi\/index.php\/wp-json\/wp\/v2\/product\/173270","targetHints":{"allow":["GET"]}}],"collection":[{"href":"https:\/\/www.otiumhome.fi\/index.php\/wp-json\/wp\/v2\/product"}],"about":[{"href":"https:\/\/www.otiumhome.fi\/index.php\/wp-json\/wp\/v2\/types\/product"}],"replies":[{"embeddable":true,"href":"https:\/\/www.otiumhome.fi\/index.php\/wp-json\/wp\/v2\/comments?post=173270"}],"wp:featuredmedia":[{"embeddable":true,"href":"https:\/\/www.otiumhome.fi\/index.php\/wp-json\/"}],"wp:attachment":[{"href":"https:\/\/www.otiumhome.fi\/index.php\/wp-json\/wp\/v2\/media?parent=173270"}],"wp:term":[{"taxonomy":"product_brand","embeddable":true,"href":"https:\/\/www.otiumhome.fi\/index.php\/wp-json\/wp\/v2\/product_brand?post=173270"},{"taxonomy":"product_cat","embeddable":true,"href":"https:\/\/www.otiumhome.fi\/index.php\/wp-json\/wp\/v2\/product_cat?post=173270"},{"taxonomy":"product_tag","embeddable":true,"href":"https:\/\/www.otiumhome.fi\/index.php\/wp-json\/wp\/v2\/product_tag?post=173270"}],"curies":[{"name":"wp","href":"https:\/\/api.w.org\/{rel}","templated":true}]}}