{"id":173267,"date":"2025-09-10T08:39:58","date_gmt":"2025-09-10T08:39:58","guid":{"rendered":"https:\/\/www.otiumhome.fi\/?p=173267"},"modified":"2025-11-29T09:04:48","modified_gmt":"2025-11-29T09:04:48","slug":"sivupoyta-2-pcs-valkoinen-60-x-33-x-75-cm-taysi-mangopuu","status":"publish","type":"product","link":"https:\/\/www.otiumhome.fi\/index.php\/tuote\/sivupoyta-2-pcs-valkoinen-60-x-33-x-75-cm-taysi-mangopuu\/","title":{"rendered":"Sivup\u00f6yt\u00e4 2 pcs Valkoinen 60 x 33 x 75 cm t\u00e4ysi mangopuu"},"content":{"rendered":"<p>Tutustu t\u00e4h\u00e4n t\u00e4ysipuiseen mango-sivup\u00f6yt\u00e4\u00e4n &#8211; hieno yhdistelm\u00e4 tyyli\u00e4 ja fiksuutta, joka pirist\u00e4\u00e4 mit\u00e4 tahansa olohuonetta tai ruokasalia. Sen klassinen tunnelma tuo eleganssia ja l\u00e4mp\u00f6\u00e4 tilaan, olipa kyseess\u00e4 kokoontuminen tai arkip\u00e4iv\u00e4n el\u00e4m\u00e4. T\u00e4m\u00e4 sivup\u00f6yt\u00e4 tarjoaa paljon s\u00e4ilytystilaa, t\u00e4ydellinen piilottamaan ruokailutarvikkeita, muistoja tai muita kodin esineit\u00e4, tehden siit\u00e4 ehdottoman must-have kaikille, jotka arvostavat sek\u00e4 ulkon\u00e4k\u00f6\u00e4 ett\u00e4 k\u00e4yt\u00e4nn\u00f6llisyytt\u00e4. Sen sile\u00e4, lakattu pinta kertoo huipputason k\u00e4sity\u00f6st\u00e4, tehden siit\u00e4 upean lis\u00e4n kotiisi.<\/p>\n<p> Materiaalit:  Kest\u00e4v\u00e4 mango-puu ja kauniit puupintakuvioinnit yhdist\u00e4v\u00e4t kest\u00e4vyys ja kauneus. Vahva rakenne takaa pitk\u00e4n k\u00e4ytt\u00f6i\u00e4n, ja kaunis lakkaus antaa siihen mukavaa kiiltoa ja tyyli\u00e4.   Lis\u00e4varusteet:  Huoneet ja klassiset laatikot tarjoavat kaiken tarvitsemasi s\u00e4ilytyksess\u00e4. Jokaisessa laatikossa on perinteinen vetokahva, joten tavarasi on helppo ottaa esiin. Se on suunniteltu k\u00e4yt\u00e4nn\u00f6nl\u00e4heisesti, t\u00e4ydellinen pit\u00e4m\u00e4\u00e4n kodin siistin\u00e4.   Ominaisuudet \/ Toiminta \/ Suunnittelu:  T\u00e4m\u00e4 sivup\u00f6yt\u00e4 esittelee perinteist\u00e4 tyyli\u00e4, jossa on rikkaita yksityiskohtia, jotka sopivat t\u00e4ydellisesti sisustukseen. Suorakaiteen muoto ja sile\u00e4 pinta luovat tasapainoisen ilmeen, ja tyylikk\u00e4\u00e4t mattapinnat lis\u00e4\u00e4v\u00e4t modernia vivahdetta t\u00e4h\u00e4n ajattomaan kappaleeseen. Se on \u00e4lykk\u00e4\u00e4sti suunniteltu maximoimaan s\u00e4ilytystila menett\u00e4m\u00e4tt\u00e4 eleganssia.   Suositellut k\u00e4ytt\u00f6tavat:  T\u00e4m\u00e4 sivup\u00f6yt\u00e4 on loistava valinta olohuoneeseen tai ruokasaliin, t\u00e4ydellinen tyylikk\u00e4\u00e4ksi s\u00e4ilytysratkaisuksi. Se toimii mainiosti n\u00e4ytt\u00f6tasona hienoille astioille, valokuville tai koriste-esineille, kohottaen tilan tunnelmaa. Monipuolisuus tarkoittaa, ett\u00e4 se sopii hienoille illallisille ja rennommille perhekokouksille.   Puhdista ja yll\u00e4pid\u00e4:  Pid\u00e4 se kauniina pyyhkim\u00e4ll\u00e4 kuivalla liinalla silloin t\u00e4ll\u00f6in. V\u00e4lt\u00e4 voimakkaita kemikaaleja tai hankaavia aineita, jotta lakka pysyy ehj\u00e4n\u00e4. S\u00e4\u00e4nn\u00f6llinen p\u00f6lytt\u00e4minen ja roiskeiden v\u00e4ltt\u00e4minen auttavat pit\u00e4m\u00e4\u00e4n sen uudelta. <\/p>\n<ul>\n<li>V\u00e4ri: Valkoinen<\/li>\n<li>Materiaali: T\u00e4ysi mangopuu<\/li>\n<li>Yleiset mitat: 60 x 33 x 75 cm (P x L x K)<\/li>\n<li>Laatikolla<\/li>\n<li>S\u00e4ilytysm\u00e4\u00e4r\u00e4: 6<\/li>\n<li>Kokoonpano vaaditaan: Kyll\u00e4<\/li>\n<li>Toimitus-:<\/li>\n<li>2 kpl Kattop\u00f6yt\u00e4\u00e4<\/li>\n<\/ul>\n","protected":false},"excerpt":{"rendered":"<ul>\n<li>V\u00e4ri: Valkoinen<\/li>\n<li>Materiaali: T\u00e4ysi mangopuu<\/li>\n<li>Yleiset mitat: 60 x 33 x 75 cm (P x L x K)<\/li>\n<li>Laatikolla<\/li>\n<li>S\u00e4ilytysm\u00e4\u00e4r\u00e4: 6<\/li>\n<li>Kokoonpano vaaditaan: Kyll\u00e4<\/li>\n<li>Toimitus-:<\/li>\n<li>2 kpl Kattop\u00f6yt\u00e4\u00e4<\/li>\n<\/ul>\n","protected":false},"featured_media":100000173267,"comment_status":"closed","ping_status":"closed","template":"","meta":[],"product_brand":[],"product_cat":[84,8635],"product_tag":[],"class_list":{"0":"post-173267","1":"product","2":"type-product","3":"status-publish","4":"has-post-thumbnail","6":"product_cat-huonekalut","7":"product_cat-sailytys-lukkokaapit","9":"first","10":"outofstock","11":"taxable","12":"shipping-taxable","13":"purchasable","14":"product-type-simple"},"_links":{"self":[{"href":"https:\/\/www.otiumhome.fi\/index.php\/wp-json\/wp\/v2\/product\/173267","targetHints":{"allow":["GET"]}}],"collection":[{"href":"https:\/\/www.otiumhome.fi\/index.php\/wp-json\/wp\/v2\/product"}],"about":[{"href":"https:\/\/www.otiumhome.fi\/index.php\/wp-json\/wp\/v2\/types\/product"}],"replies":[{"embeddable":true,"href":"https:\/\/www.otiumhome.fi\/index.php\/wp-json\/wp\/v2\/comments?post=173267"}],"wp:featuredmedia":[{"embeddable":true,"href":"https:\/\/www.otiumhome.fi\/index.php\/wp-json\/"}],"wp:attachment":[{"href":"https:\/\/www.otiumhome.fi\/index.php\/wp-json\/wp\/v2\/media?parent=173267"}],"wp:term":[{"taxonomy":"product_brand","embeddable":true,"href":"https:\/\/www.otiumhome.fi\/index.php\/wp-json\/wp\/v2\/product_brand?post=173267"},{"taxonomy":"product_cat","embeddable":true,"href":"https:\/\/www.otiumhome.fi\/index.php\/wp-json\/wp\/v2\/product_cat?post=173267"},{"taxonomy":"product_tag","embeddable":true,"href":"https:\/\/www.otiumhome.fi\/index.php\/wp-json\/wp\/v2\/product_tag?post=173267"}],"curies":[{"name":"wp","href":"https:\/\/api.w.org\/{rel}","templated":true}]}}