{"id":173264,"date":"2025-09-10T08:39:56","date_gmt":"2025-09-10T08:39:56","guid":{"rendered":"https:\/\/www.otiumhome.fi\/?p=173264"},"modified":"2025-12-14T09:12:55","modified_gmt":"2025-12-14T09:12:55","slug":"sivupoyta-3-pcs-musta-ja-kulta-60-x-33-x-75-cm","status":"publish","type":"product","link":"https:\/\/www.otiumhome.fi\/index.php\/tuote\/sivupoyta-3-pcs-musta-ja-kulta-60-x-33-x-75-cm\/","title":{"rendered":"Sivup\u00f6yt\u00e4 3 pcs Musta ja kulta 60 x 33 x 75 cm"},"content":{"rendered":"<p>T\u00e4m\u00e4 sivup\u00f6yt\u00e4 tuo k\u00e4tev\u00e4n tasapainon k\u00e4yt\u00e4nn\u00f6llisyyden ja eleganssin mihin tahansa ruokailu- tai olohuoneeseen. Valmistettu t\u00e4ysist\u00e4 mangopuisista levyist\u00e4, se n\u00e4ytt\u00e4\u00e4 luonnollista kauneutta modernilla mustan ja kullan v\u00e4rityksell\u00e4. Siin\u00e4 on selke\u00e4t linjat ja yksinkertainen muotoilu, mik\u00e4 tuo tiloihin hienostuneen tunnelman. T\u00e4m\u00e4 sivup\u00f6yt\u00e4 toimii sek\u00e4 s\u00e4ilytysratkaisuna ett\u00e4 tyylikk\u00e4\u00e4n\u00e4 keskipisteen\u00e4 kodin sisustuksessa.<\/p>\n<ul>\n<li><b>T\u00e4ysi mangopuu:<\/b> T\u00e4m\u00e4 sivup\u00f6yt\u00e4 on valmistettu t\u00e4yspuisista mangopuun levyist\u00e4, jotka tunnetaan l\u00e4mm\u00f6st\u00e4 ja kest\u00e4vyydest\u00e4. Tuo rustiikkista vieh\u00e4tyst\u00e4 ja vankkuutta tarjoamalla luotettavat s\u00e4ilytysratkaisut arkeen.<\/li>\n<li><b>Mustan ja kullan yhdistelm\u00e4:<\/b> Musta ja kultakehys houkuttelee katseita ja luo tyylikk\u00e4\u00e4n ilmeen. V\u00e4rikontrasti korostaa modernia muotoilua ja tekee siit\u00e4 sopivan moniin nykyaikaisiin sisustustyyleihin.<\/li>\n<li><b>Yksinkertainen ja moderni tyyli:<\/b> Puhtaat linjat ja minimaalinen koristelu tekev\u00e4t t\u00e4st\u00e4 sivup\u00f6yd\u00e4st\u00e4 modernin sisustuksen ytimen. Yksinkertaisuus ja k\u00e4yt\u00e4nn\u00f6llisyys tekev\u00e4t siit\u00e4 houkuttelevan, ja se auttaa pit\u00e4m\u00e4\u00e4n tilat j\u00e4rjestyksess\u00e4.<\/li>\n<li><b>Monik\u00e4ytt\u00f6isyys:<\/b> T\u00e4m\u00e4 sivup\u00f6yt\u00e4 on suunniteltu monik\u00e4ytt\u00f6iseksi ja sopii t\u00e4ydellisesti ruokailu- ja olohuonetiloihin. Sen tilava yl\u00e4pinta ja runsaasti s\u00e4ilytystilaa tarjoavat k\u00e4yt\u00e4nn\u00f6llisyytt\u00e4 moneen k\u00e4ytt\u00f6tarkoitukseen.<\/li>\n<li><b>Helppo kootta:<\/b> Sivup\u00f6yd\u00e4n kokoaminen on helppoa, se vaatii vain kaksi henkil\u00f6\u00e4 ja ruuvimeisselin. Selke\u00e4t ohjeet mahdollistavat, ett\u00e4 saat p\u00f6yd\u00e4st\u00e4si nauttia heti, tuoden siihen tyyli\u00e4 ja toimivuutta.<\/li>\n<\/ul>\n<ul>\n<li>V\u00e4ri: Musta ja kulta<\/li>\n<li>Materiaali: Kiinte\u00e4 mango puu<\/li>\n<li>Yleiset mitat: 60 x 33 x 75 cm (P x L x K)<\/li>\n<li>3 laatikoilla<\/li>\n<li>S\u00e4ilytysm\u00e4\u00e4r\u00e4: 7<\/li>\n<li>Kokoonpano vaaditaan: Kyll\u00e4<\/li>\n<li>Toimitus-:<\/li>\n<li>3 x sivup\u00f6yt\u00e4<\/li>\n<\/ul>\n","protected":false},"excerpt":{"rendered":"<ul>\n<li>V\u00e4ri: Musta ja kulta<\/li>\n<li>Materiaali: Kiinte\u00e4 mango puu<\/li>\n<li>Yleiset mitat: 60 x 33 x 75 cm (P x L x K)<\/li>\n<li>3 laatikoilla<\/li>\n<li>S\u00e4ilytysm\u00e4\u00e4r\u00e4: 7<\/li>\n<li>Kokoonpano vaaditaan: Kyll\u00e4<\/li>\n<li>Toimitus-:<\/li>\n<li>3 x sivup\u00f6yt\u00e4<\/li>\n<\/ul>\n","protected":false},"featured_media":100000173264,"comment_status":"closed","ping_status":"closed","template":"","meta":[],"product_brand":[],"product_cat":[84,8635],"product_tag":[],"class_list":{"0":"post-173264","1":"product","2":"type-product","3":"status-publish","4":"has-post-thumbnail","6":"product_cat-huonekalut","7":"product_cat-sailytys-lukkokaapit","9":"first","10":"instock","11":"taxable","12":"shipping-taxable","13":"purchasable","14":"product-type-simple"},"_links":{"self":[{"href":"https:\/\/www.otiumhome.fi\/index.php\/wp-json\/wp\/v2\/product\/173264","targetHints":{"allow":["GET"]}}],"collection":[{"href":"https:\/\/www.otiumhome.fi\/index.php\/wp-json\/wp\/v2\/product"}],"about":[{"href":"https:\/\/www.otiumhome.fi\/index.php\/wp-json\/wp\/v2\/types\/product"}],"replies":[{"embeddable":true,"href":"https:\/\/www.otiumhome.fi\/index.php\/wp-json\/wp\/v2\/comments?post=173264"}],"wp:featuredmedia":[{"embeddable":true,"href":"https:\/\/www.otiumhome.fi\/index.php\/wp-json\/"}],"wp:attachment":[{"href":"https:\/\/www.otiumhome.fi\/index.php\/wp-json\/wp\/v2\/media?parent=173264"}],"wp:term":[{"taxonomy":"product_brand","embeddable":true,"href":"https:\/\/www.otiumhome.fi\/index.php\/wp-json\/wp\/v2\/product_brand?post=173264"},{"taxonomy":"product_cat","embeddable":true,"href":"https:\/\/www.otiumhome.fi\/index.php\/wp-json\/wp\/v2\/product_cat?post=173264"},{"taxonomy":"product_tag","embeddable":true,"href":"https:\/\/www.otiumhome.fi\/index.php\/wp-json\/wp\/v2\/product_tag?post=173264"}],"curies":[{"name":"wp","href":"https:\/\/api.w.org\/{rel}","templated":true}]}}