{"id":173263,"date":"2025-09-10T08:39:56","date_gmt":"2025-09-10T08:39:56","guid":{"rendered":"https:\/\/www.otiumhome.fi\/?p=173263"},"modified":"2025-12-14T09:12:55","modified_gmt":"2025-12-14T09:12:55","slug":"sivupoyta-2-pcs-musta-ja-kulta-60-x-33-x-75-cm","status":"publish","type":"product","link":"https:\/\/www.otiumhome.fi\/index.php\/tuote\/sivupoyta-2-pcs-musta-ja-kulta-60-x-33-x-75-cm\/","title":{"rendered":"Sivup\u00f6yt\u00e4 2 pcs Musta ja kulta 60 x 33 x 75 cm"},"content":{"rendered":"<p>T\u00e4\u00e4 massiivipuinen sivup\u00f6yt\u00e4 yhdist\u00e4\u00e4 tyylin ja k\u00e4yt\u00e4nn\u00f6llisyyden suorakaiteen muodossa, se sopii t\u00e4ydellisesti moderniin olohuoneeseen tai ruokasaliin. Se on tehty Massiivisesta Mangopuusta, ja siin\u00e4 on upea kultainen ja musta v\u00e4rimaailma, joka tuo eleganssia ja tyylikkyytt\u00e4 mink\u00e4 tahansa ymp\u00e4rist\u00f6n sisustukseen. Tyylik\u00e4s muotoilu takaa, ett\u00e4 se sopeutuu hyvin eri kodin sisustuksiin, tarjoten j\u00e4rkev\u00e4\u00e4 s\u00e4ilytyst\u00e4 ja moderneja esteettisi\u00e4 arvoja, niille jotka rakastavat yksinkertaisuutta ja toimivuutta.<\/p>\n<ul>\n<li><b>Massiivinen Mangopuu:<\/b> T\u00e4\u00e4 sivup\u00f6yt\u00e4 on valmistettu kest\u00e4vist\u00e4 Mangopuun paloista, joiden hienous ja laatu takaa pit\u00e4vyyden jokap\u00e4iv\u00e4isess\u00e4 k\u00e4yt\u00f6ss\u00e4. Puun valinta tuo kotiin luonnollista ja tyylik\u00e4st\u00e4 ilmett\u00e4, joka sulautuu vaivatta erilaisiin sisustustyyleihin.<\/li>\n<li><b>Upea Kultainen Viimeistely:<\/b> T\u00e4ss\u00e4 p\u00f6yd\u00e4ss\u00e4 on ainutlaatuinen kultainen viimeistely, joka parantaa sen esteettist\u00e4 vieh\u00e4tyst\u00e4 ja tekee siit\u00e4 katseet vangitsevan lis\u00e4n mihin tahansa huoneeseen. Kultaiset yksityiskohdat ei vaan lis\u00e4\u00e4 ylellisyytt\u00e4, vaan luo my\u00f6s l\u00e4mpim\u00e4n tunnelman, joka menee sek\u00e4 moderneihin ett\u00e4 klassisiin sisustusteemoihin.<\/li>\n<li><b>Moderni Suunnittelu:<\/b> T\u00e4\u00e4 on suunniteltu puhtailla linjoilla ja v\u00e4h\u00e4isell\u00e4 koristeella, sivup\u00f6yt\u00e4 edustaa modernia tyyli\u00e4, jossa on painotettu toiminnallisuutta ja yksinkertaisuutta. Sen tyylik\u00e4s muoto ja k\u00e4yt\u00e4nn\u00f6llinen rakenne tekee siit\u00e4 t\u00e4ydellisen s\u00e4ilytysratkaisun, niille jotka haluaa esteettisesti miellytt\u00e4v\u00e4\u00e4 ja k\u00e4yt\u00e4nn\u00f6llist\u00e4.<\/li>\n<li><b>Monipuolinen K\u00e4ytt\u00f6:<\/b> Sopii hyvin ruokailu- ja olohuoneisiin, t\u00e4\u00e4 sivup\u00f6yt\u00e4 sopeutuu monenlaisiin tiloihin, tarjoten runsaasti s\u00e4ilytystilaa ja parantaen huoneen sisustusta. Se antaa joustavuutta omistajille, jotka haluaa luoda tyylikk\u00e4\u00e4n ja j\u00e4rjestelm\u00e4llisen asuinymp\u00e4rist\u00f6n.<\/li>\n<li><b>Kokoaminen Vaaditaan:<\/b> T\u00e4\u00e4 sivup\u00f6yt\u00e4 vaatii kokoamista ruuvimeisseleill\u00e4, mik\u00e4 antaa mahdollisuuden lis\u00e4t\u00e4 henkil\u00f6kohtaista otetta. Kokaaminen kahden ihmisen voimin takaa vakautta ja kest\u00e4vyys, joten omistajat voi nauttia huonekaluistaan luottavaisesti vuodesta toiseen.<\/li>\n<\/ul>\n<ul>\n<li>V\u00e4ri: Musta ja kulta<\/li>\n<li>Materiaali: Kiinte\u00e4 mango puu<\/li>\n<li>Yleiset mitat: 60 x 33 x 75 cm (P x L x K)<\/li>\n<li>6 laatikoilla<\/li>\n<li>S\u00e4ilytysm\u00e4\u00e4r\u00e4: 6<\/li>\n<li>Kokoonpano vaaditaan: Kyll\u00e4<\/li>\n<li>Toimitus-:<\/li>\n<li>2 kpl Kattop\u00f6yt\u00e4\u00e4<\/li>\n<\/ul>\n","protected":false},"excerpt":{"rendered":"<ul>\n<li>V\u00e4ri: Musta ja kulta<\/li>\n<li>Materiaali: Kiinte\u00e4 mango puu<\/li>\n<li>Yleiset mitat: 60 x 33 x 75 cm (P x L x K)<\/li>\n<li>6 laatikoilla<\/li>\n<li>S\u00e4ilytysm\u00e4\u00e4r\u00e4: 6<\/li>\n<li>Kokoonpano vaaditaan: Kyll\u00e4<\/li>\n<li>Toimitus-:<\/li>\n<li>2 kpl Kattop\u00f6yt\u00e4\u00e4<\/li>\n<\/ul>\n","protected":false},"featured_media":100000173263,"comment_status":"closed","ping_status":"closed","template":"","meta":[],"product_brand":[],"product_cat":[84,8635],"product_tag":[],"class_list":{"0":"post-173263","1":"product","2":"type-product","3":"status-publish","4":"has-post-thumbnail","6":"product_cat-huonekalut","7":"product_cat-sailytys-lukkokaapit","9":"first","10":"instock","11":"taxable","12":"shipping-taxable","13":"purchasable","14":"product-type-simple"},"_links":{"self":[{"href":"https:\/\/www.otiumhome.fi\/index.php\/wp-json\/wp\/v2\/product\/173263","targetHints":{"allow":["GET"]}}],"collection":[{"href":"https:\/\/www.otiumhome.fi\/index.php\/wp-json\/wp\/v2\/product"}],"about":[{"href":"https:\/\/www.otiumhome.fi\/index.php\/wp-json\/wp\/v2\/types\/product"}],"replies":[{"embeddable":true,"href":"https:\/\/www.otiumhome.fi\/index.php\/wp-json\/wp\/v2\/comments?post=173263"}],"wp:featuredmedia":[{"embeddable":true,"href":"https:\/\/www.otiumhome.fi\/index.php\/wp-json\/"}],"wp:attachment":[{"href":"https:\/\/www.otiumhome.fi\/index.php\/wp-json\/wp\/v2\/media?parent=173263"}],"wp:term":[{"taxonomy":"product_brand","embeddable":true,"href":"https:\/\/www.otiumhome.fi\/index.php\/wp-json\/wp\/v2\/product_brand?post=173263"},{"taxonomy":"product_cat","embeddable":true,"href":"https:\/\/www.otiumhome.fi\/index.php\/wp-json\/wp\/v2\/product_cat?post=173263"},{"taxonomy":"product_tag","embeddable":true,"href":"https:\/\/www.otiumhome.fi\/index.php\/wp-json\/wp\/v2\/product_tag?post=173263"}],"curies":[{"name":"wp","href":"https:\/\/api.w.org\/{rel}","templated":true}]}}