{"id":173251,"date":"2025-09-10T08:34:59","date_gmt":"2025-09-10T08:34:59","guid":{"rendered":"https:\/\/www.otiumhome.fi\/?p=173251"},"modified":"2025-12-14T09:19:46","modified_gmt":"2025-12-14T09:19:46","slug":"sivupoyta-musta-ja-kulta-60-x-33-x-75-cm-kiintea-mango-puu","status":"publish","type":"product","link":"https:\/\/www.otiumhome.fi\/index.php\/tuote\/sivupoyta-musta-ja-kulta-60-x-33-x-75-cm-kiintea-mango-puu\/","title":{"rendered":"Sivup\u00f6yt\u00e4 Musta ja kulta 60 x 33 x 75 cm Kiinte\u00e4 mango puu"},"content":{"rendered":"<p>T\u00e4m\u00e4 t\u00e4ysipuinen sivup\u00f6yt\u00e4 on modernin muotoilun huipentuma, joka tuo tyylikk\u00e4\u00e4n ja elegantin lis\u00e4n ruokasalillesi tai olohuoneeseesi. Valmistettu t\u00e4ysist\u00e4 mangopuista, se on kest\u00e4v\u00e4 ja pitk\u00e4ik\u00e4inen, sulautuen upeasti erilaisiin sisustuksiin vieh\u00e4tt\u00e4v\u00e4ll\u00e4 mustalla ja kultaisella viimeistelyll\u00e4.<\/p>\n<ul>\n<li><b>Moderni yksinkertaisuus:<\/b> Minimalistisesti suunniteltu, t\u00e4m\u00e4 sivup\u00f6yt\u00e4 t\u00e4ydent\u00e4\u00e4 modernia kotia tuomalla esiin toiminnallisuuden siisteill\u00e4 linjoilla ja hienovaraisella eleganssilla. Sen huomaamaton tyyli istuu vaivattomasti modernissa ymp\u00e4rist\u00f6ss\u00e4, lis\u00e4ten ripauksen hienostuneisuutta.<\/li>\n<li><b>Kest\u00e4v\u00e4 materiaali:<\/b> Valmistettu t\u00e4ysist\u00e4 mangopuista, t\u00e4m\u00e4 p\u00f6yt\u00e4 on tukevapohjainen ja kest\u00e4v\u00e4. Mangopuun ominaisuudet takaavat, ett\u00e4 t\u00e4m\u00e4 kappale kest\u00e4\u00e4 aikaa tyylill\u00e4, pysyen luotettavana s\u00e4ilytysratkaisuna olohuoneessasi tai ruokasalissasi.<\/li>\n<li><b>Tehokas s\u00e4ilytys:<\/b> Sivup\u00f6yd\u00e4n sis\u00e4osa tarjoaa runsaasti tilaa ruokailuv\u00e4lineiden, astioiden tai muistoesineiden j\u00e4rjest\u00e4miseen, pit\u00e4en kaiken helposti saatavilla. Harkittu sisustus ja muoto suunnittelee tilaa monenlaisten esineiden s\u00e4ilytykseen.<\/li>\n<li><b>Silm\u00e4\u00e4npist\u00e4v\u00e4 ulkon\u00e4k\u00f6:<\/b> Kullan ja mustan yhdistelm\u00e4 tekee t\u00e4st\u00e4 kappaleesta huomionkiinnitt\u00e4j\u00e4n kotonasi. V\u00e4rimaailma ei ainoastaan houkuttele katsetta vaan tuo my\u00f6s hienostuneisuutta ja luonteenomaisuutta huoneen tunnelmaan.<\/li>\n<li><b>Hoito-ohjeet:<\/b> Pid\u00e4 t\u00e4m\u00e4 p\u00f6yt\u00e4 hyv\u00e4ss\u00e4 kunnossa pyyhkim\u00e4ll\u00e4 pinnat varovasti puhtaalla, kuivalla kankaalla. V\u00e4lt\u00e4 voimakkaita kemikaaleja puhdistuksessa, jotta puun luonnollinen kauneus ja viimeistely s\u00e4ilyv\u00e4t.<\/li>\n<\/ul>\n<ul>\n<li>V\u00e4ri: Musta ja kulta<\/li>\n<li>Materiaali: Kiinte\u00e4 mango puu<\/li>\n<li>Yleiset mitat: 60 x 33 x 75 cm (P x L x K)<\/li>\n<li>3 laatikoilla<\/li>\n<li>S\u00e4ilytysm\u00e4\u00e4r\u00e4: 3<\/li>\n<li>Kokoonpano vaaditaan: Kyll\u00e4<\/li>\n<li>Toimitus-:<\/li>\n<li>1 x Sivup\u00f6yt\u00e4<\/li>\n<\/ul>\n","protected":false},"excerpt":{"rendered":"<ul>\n<li>V\u00e4ri: Musta ja kulta<\/li>\n<li>Materiaali: Kiinte\u00e4 mango puu<\/li>\n<li>Yleiset mitat: 60 x 33 x 75 cm (P x L x K)<\/li>\n<li>3 laatikoilla<\/li>\n<li>S\u00e4ilytysm\u00e4\u00e4r\u00e4: 3<\/li>\n<li>Kokoonpano vaaditaan: Kyll\u00e4<\/li>\n<li>Toimitus-:<\/li>\n<li>1 x Sivup\u00f6yt\u00e4<\/li>\n<\/ul>\n","protected":false},"featured_media":100000173251,"comment_status":"closed","ping_status":"closed","template":"","meta":[],"product_brand":[],"product_cat":[84,8635],"product_tag":[],"class_list":{"0":"post-173251","1":"product","2":"type-product","3":"status-publish","4":"has-post-thumbnail","6":"product_cat-huonekalut","7":"product_cat-sailytys-lukkokaapit","9":"first","10":"instock","11":"taxable","12":"shipping-taxable","13":"purchasable","14":"product-type-simple"},"_links":{"self":[{"href":"https:\/\/www.otiumhome.fi\/index.php\/wp-json\/wp\/v2\/product\/173251","targetHints":{"allow":["GET"]}}],"collection":[{"href":"https:\/\/www.otiumhome.fi\/index.php\/wp-json\/wp\/v2\/product"}],"about":[{"href":"https:\/\/www.otiumhome.fi\/index.php\/wp-json\/wp\/v2\/types\/product"}],"replies":[{"embeddable":true,"href":"https:\/\/www.otiumhome.fi\/index.php\/wp-json\/wp\/v2\/comments?post=173251"}],"wp:featuredmedia":[{"embeddable":true,"href":"https:\/\/www.otiumhome.fi\/index.php\/wp-json\/"}],"wp:attachment":[{"href":"https:\/\/www.otiumhome.fi\/index.php\/wp-json\/wp\/v2\/media?parent=173251"}],"wp:term":[{"taxonomy":"product_brand","embeddable":true,"href":"https:\/\/www.otiumhome.fi\/index.php\/wp-json\/wp\/v2\/product_brand?post=173251"},{"taxonomy":"product_cat","embeddable":true,"href":"https:\/\/www.otiumhome.fi\/index.php\/wp-json\/wp\/v2\/product_cat?post=173251"},{"taxonomy":"product_tag","embeddable":true,"href":"https:\/\/www.otiumhome.fi\/index.php\/wp-json\/wp\/v2\/product_tag?post=173251"}],"curies":[{"name":"wp","href":"https:\/\/api.w.org\/{rel}","templated":true}]}}