{"id":173103,"date":"2025-09-10T07:03:41","date_gmt":"2025-09-10T07:03:41","guid":{"rendered":"https:\/\/www.otiumhome.fi\/?p=173103"},"modified":"2025-12-09T08:47:28","modified_gmt":"2025-12-09T08:47:28","slug":"poytalevy-vaaleanruskea-o-70-x-25-cm-mantypuu","status":"publish","type":"product","link":"https:\/\/www.otiumhome.fi\/index.php\/tuote\/poytalevy-vaaleanruskea-o-70-x-25-cm-mantypuu\/","title":{"rendered":"P\u00f6yt\u00e4levy Vaaleanruskea \u00d8 70 x 2,5 cm M\u00e4ntypuu"},"content":{"rendered":"<p>T\u00e4m\u00e4 rustic py\u00f6re\u00e4 p\u00f6yt\u00e4taso on t\u00e4ydellinen moderneihin sisustuksiin, yhdist\u00e4en yksinkertaisuuden ja toimivuuden. Valmistettu t\u00e4ys tammipuusta, se tuo nykyaikaisen tunnelman sujuvilla ja siisteill\u00e4 linjoilla, mutta s\u00e4ilytt\u00e4\u00e4 samalla rustiikkisen ilmeen, joka sopii erilaisiin tiloihin, kuten keitti\u00f6ihin ja olohuoneisiin. Se on loistava valinta kotitalouksille, jotka kaipaavat monik\u00e4ytt\u00f6ist\u00e4 kalustetta, ja sen k\u00e4\u00e4nnett\u00e4v\u00e4 muotoilu mahdollistaa ilmeen muutoksen helposti, tuoden tyyli\u00e4 sis\u00e4tiloihin.<\/p>\n<ul>\n<li><b>Premium t\u00e4ys tammi rakenne<\/b> Vankka rakenne, joka takaa erinomaisen kest\u00e4vyuden ja pitk\u00e4ik\u00e4isyyden. T\u00e4ys tammi on tunnettu kest\u00e4vyydest\u00e4\u00e4n, joten se on loistava investointi kalusteisiin, jotka kest\u00e4v\u00e4t arkea. Tammen luonnollinen tekstuuri tuo l\u00e4mp\u00f6\u00e4 ja luonteenpiirteit\u00e4 kotiisi rustiikkisella vieh\u00e4tt\u00e4vyydell\u00e4.<\/li>\n<li><b>K\u00e4\u00e4nnett\u00e4v\u00e4 suunnittelu<\/b> T\u00e4m\u00e4 s\u00f6p\u00f6 p\u00f6yt\u00e4taso tarjoaa joustavuutta; voit vaihdella k\u00e4ytt\u00f6\u00e4 ja ilmett\u00e4 helposti. Olipa kyse tilan s\u00e4\u00e4st\u00e4misest\u00e4 tai esteettisyydest\u00e4, t\u00e4m\u00e4 ominaisuus on k\u00e4tev\u00e4 ja mukautuu erilaisiin tarpeisiin.<\/li>\n<li><b>Monet huoneet soveltuvuus<\/b> Suunniteltu sis\u00e4k\u00e4ytt\u00f6\u00f6n, se istuu t\u00e4ydellisesti keitti\u00f6ihin, olohuoneisiin ja ruokasaleihin. Muunneltava muotoilu varmistaa, ett\u00e4 se t\u00e4ydent\u00e4\u00e4 erilaisia sisustustyylej\u00e4, joten se on ihan loistava valinta erilaisiin ymp\u00e4rist\u00f6ihin.<\/li>\n<li><b>Hoito-ohjeet<\/b> Pid\u00e4 p\u00f6yd\u00e4n pinta hyv\u00e4ss\u00e4 kunnossa helposti pyyhkim\u00e4ll\u00e4 kostealla liinalla. N\u00e4in p\u00f6yt\u00e4 pysyy puhtaana p\u00f6lyst\u00e4 ja roskista. Erityisi\u00e4 k\u00e4sittelyj\u00e4 ei tarvita, mik\u00e4 tekee siit\u00e4 k\u00e4yt\u00e4nn\u00f6llisen vaihtoehdon kiireiselle perheelle, joka arvostaa tyyli\u00e4 ja helppoutta.<\/li>\n<li><b>Nykyaikainen ilme<\/b> Suunniteltu yksinkertaisuus mieless\u00e4, t\u00e4m\u00e4 p\u00f6yt\u00e4taso esittelee puhtaita linjoja ja minimaalista koristeellisuutta, mik\u00e4 sopii moderniin tyyliin. Se tuo hienostunutta ilme\u00e4 kodin sisustukseen ja parantaa mink\u00e4 tahansa huoneen tunnelmaa.<\/li>\n<\/ul>\n<ul>\n<li>V\u00e4ri: Vaaleanruskea<\/li>\n<li>Materiaali: M\u00e4ntypuu<\/li>\n<li>Yleiset mitat: 70 x 70 x 2,5 cm (P x L x K)<\/li>\n<li>K\u00e4\u00e4nnett\u00e4v\u00e4<\/li>\n<li>Vain sis\u00e4k\u00e4ytt\u00f6\u00f6n<\/li>\n<li>Toimitus-:<\/li>\n<li>1 x p\u00f6yd\u00e4n p\u00e4\u00e4llinen<\/li>\n<\/ul>\n","protected":false},"excerpt":{"rendered":"<ul>\n<li>V\u00e4ri: Vaaleanruskea<\/li>\n<li>Materiaali: M\u00e4ntypuu<\/li>\n<li>Yleiset mitat: 70 x 70 x 2,5 cm (P x L x K)<\/li>\n<li>K\u00e4\u00e4nnett\u00e4v\u00e4<\/li>\n<li>Vain sis\u00e4k\u00e4ytt\u00f6\u00f6n<\/li>\n<li>Toimitus-:<\/li>\n<li>1 x p\u00f6yd\u00e4n p\u00e4\u00e4llinen<\/li>\n<\/ul>\n","protected":false},"featured_media":100000173103,"comment_status":"closed","ping_status":"closed","template":"","meta":[],"product_brand":[],"product_cat":[84,8578],"product_tag":[],"class_list":{"0":"post-173103","1":"product","2":"type-product","3":"status-publish","4":"has-post-thumbnail","6":"product_cat-huonekalut","7":"product_cat-poytalevyt","9":"first","10":"instock","11":"taxable","12":"shipping-taxable","13":"purchasable","14":"product-type-simple"},"_links":{"self":[{"href":"https:\/\/www.otiumhome.fi\/index.php\/wp-json\/wp\/v2\/product\/173103","targetHints":{"allow":["GET"]}}],"collection":[{"href":"https:\/\/www.otiumhome.fi\/index.php\/wp-json\/wp\/v2\/product"}],"about":[{"href":"https:\/\/www.otiumhome.fi\/index.php\/wp-json\/wp\/v2\/types\/product"}],"replies":[{"embeddable":true,"href":"https:\/\/www.otiumhome.fi\/index.php\/wp-json\/wp\/v2\/comments?post=173103"}],"wp:featuredmedia":[{"embeddable":true,"href":"https:\/\/www.otiumhome.fi\/index.php\/wp-json\/"}],"wp:attachment":[{"href":"https:\/\/www.otiumhome.fi\/index.php\/wp-json\/wp\/v2\/media?parent=173103"}],"wp:term":[{"taxonomy":"product_brand","embeddable":true,"href":"https:\/\/www.otiumhome.fi\/index.php\/wp-json\/wp\/v2\/product_brand?post=173103"},{"taxonomy":"product_cat","embeddable":true,"href":"https:\/\/www.otiumhome.fi\/index.php\/wp-json\/wp\/v2\/product_cat?post=173103"},{"taxonomy":"product_tag","embeddable":true,"href":"https:\/\/www.otiumhome.fi\/index.php\/wp-json\/wp\/v2\/product_tag?post=173103"}],"curies":[{"name":"wp","href":"https:\/\/api.w.org\/{rel}","templated":true}]}}