{"id":172851,"date":"2025-09-10T04:25:23","date_gmt":"2025-09-10T04:25:23","guid":{"rendered":"https:\/\/www.otiumhome.fi\/?p=172851"},"modified":"2025-12-14T06:52:45","modified_gmt":"2025-12-14T06:52:45","slug":"sivukaappi-musta-ja-kulta-60-x-335-x-75-cm-kiintea-mango-puu","status":"publish","type":"product","link":"https:\/\/www.otiumhome.fi\/index.php\/tuote\/sivukaappi-musta-ja-kulta-60-x-335-x-75-cm-kiintea-mango-puu\/","title":{"rendered":"Sivukaappi Musta ja kulta 60 x 33,5 x 75 cm Kiinte\u00e4 mango puu"},"content":{"rendered":"<p>T\u00e4m\u00e4 tyylik\u00e4s sivukaappi on monipuolinen lis\u00e4 mihin tahansa oleskelutilaan ja sen moderni muotoilu on sen t\u00e4rkein piirre. Valmistettu t\u00e4ysist\u00e4 mangopuista, se tuo l\u00e4mpim\u00e4n tunnelman, joka sopii erilaisiin sisustustyyleihin. T\u00e4m\u00e4 kaappi on loistava olohuoneeseen tai mihin tahansa tilaan, joka tarvitsee lis\u00e4\u00e4 s\u00e4ilytystilaa. Se yhdist\u00e4\u00e4 kivasti muotoilun ja toiminnan, ja musta-kultainen viimeistely tuo ripauksen luksusta. Kompaktit mitat tekev\u00e4t siit\u00e4 t\u00e4ydellisen valinnan niin pieniin kuin avariinkin tiloihin.<\/p>\n<ul>\n<li><b>T\u00e4ysi mangopuu:<\/b> Kaappi on tehty t\u00e4ysist\u00e4 mangopuista, jotka ovat kest\u00e4vi\u00e4 ja joissa on hieno tekstuuri, joten se on pitk\u00e4aikainen valinta kotiisi. Luonnolliset puuvernissit tekev\u00e4t jokaisesta kaapista ainutlaatuisen ja tyylikk\u00e4\u00e4n, joka tuo lis\u00e4\u00e4 ilmett\u00e4 tilaan.<\/li>\n<li><b>Kultaiset yksityiskohdat:<\/b> T\u00e4m\u00e4n kappaleen kultainen v\u00e4ri tuo eleganttia tunnelmaa. Metallinen s\u00e4vy on hienovaraisesti yhdistetty muotoiluun, ja se luo kauniin kontrastin tumman puun kanssa. T\u00e4m\u00e4 viimeistely lis\u00e4\u00e4 kaapin houkuttelevuutta ja tekee siit\u00e4 monik\u00e4ytt\u00f6isen eri sisustustyyliin.<\/li>\n<li><b>Kompakti koko:<\/b> Kaapin mitat 60 x 33.5 x 75 cm tarjoavat riitt\u00e4v\u00e4sti s\u00e4ilytystilaa ilman, ett\u00e4 se vie liikaa tilaa. Sen mitat ovat sopivat erikokoisiin huoneisiin, mik\u00e4 tekee siit\u00e4 erinomaisen valinnan pieniin tai suurempiin tiloihin. T\u00e4m\u00e4 kaappi auttaa pit\u00e4m\u00e4\u00e4n ymp\u00e4rist\u00f6n siistin\u00e4 ja j\u00e4rjestettyn\u00e4.<\/li>\n<li><b>Moderni estetiikka:<\/b> Kaapissa on puhtaat linjat ja yksinkertainen muotoilu, mik\u00e4 tekee siit\u00e4 modernin tyylin mukaisen. Sen elegantti siluetti tekee siit\u00e4 k\u00e4yt\u00e4nn\u00f6llisen s\u00e4ilytysyksik\u00f6n, joka on yht\u00e4 aikaa kaunis ja toimiva. Se sopii t\u00e4ydellisesti koteihin, joissa arvostetaan kauneutta ja j\u00e4rjestelm\u00e4llisyytt\u00e4.<\/li>\n<li><b>Helppo kokoaminen:<\/b> Kokoaminen vaatii kahden henkil\u00f6n apua ja ruuvimeisseli\u00e4. Se onnistuu helposti ohjeita seuraamalla. Prosessi tuo henkil\u00f6kohtaisen kosketuksen, ja kaappi on turvallisesti koottu. Nauti onnistumisen tunteesta, kun olet koonnut oman tyylikk\u00e4\u00e4n ja k\u00e4yt\u00e4nn\u00f6llisen kaappisi.<\/li>\n<\/ul>\n<ul>\n<li>V\u00e4ri: Musta ja kulta<\/li>\n<li>Materiaali: Kiinte\u00e4 mango puu<\/li>\n<li>Yleiset mitat: 60 x 33,5 x 75 cm (P x L x K)<\/li>\n<li>Paino: 18,25 kg<\/li>\n<li>Kest\u00e4v\u00e4<\/li>\n<li>4 ovien kanssa<\/li>\n<li>Vain sis\u00e4k\u00e4ytt\u00f6\u00f6n<\/li>\n<li>Toimitus-:<\/li>\n<li>1 x Sivukaappi<\/li>\n<li>Kokoonpano vaaditaan: Kyll\u00e4<\/li>\n<\/ul>\n","protected":false},"excerpt":{"rendered":"<ul>\n<li>V\u00e4ri: Musta ja kulta<\/li>\n<li>Materiaali: Kiinte\u00e4 mango puu<\/li>\n<li>Yleiset mitat: 60 x 33,5 x 75 cm (P x L x K)<\/li>\n<li>Paino: 18,25 kg<\/li>\n<li>Kest\u00e4v\u00e4<\/li>\n<li>4 ovien kanssa<\/li>\n<li>Vain sis\u00e4k\u00e4ytt\u00f6\u00f6n<\/li>\n<li>Toimitus-:<\/li>\n<li>1 x Sivukaappi<\/li>\n<li>Kokoonpano vaaditaan: Kyll\u00e4<\/li>\n<\/ul>\n","protected":false},"featured_media":100000172851,"comment_status":"closed","ping_status":"closed","template":"","meta":[],"product_brand":[],"product_cat":[84,8567],"product_tag":[],"class_list":{"0":"post-172851","1":"product","2":"type-product","3":"status-publish","4":"has-post-thumbnail","6":"product_cat-huonekalut","7":"product_cat-medialaitekaapit-telineet","9":"first","10":"instock","11":"taxable","12":"shipping-taxable","13":"purchasable","14":"product-type-simple"},"_links":{"self":[{"href":"https:\/\/www.otiumhome.fi\/index.php\/wp-json\/wp\/v2\/product\/172851","targetHints":{"allow":["GET"]}}],"collection":[{"href":"https:\/\/www.otiumhome.fi\/index.php\/wp-json\/wp\/v2\/product"}],"about":[{"href":"https:\/\/www.otiumhome.fi\/index.php\/wp-json\/wp\/v2\/types\/product"}],"replies":[{"embeddable":true,"href":"https:\/\/www.otiumhome.fi\/index.php\/wp-json\/wp\/v2\/comments?post=172851"}],"wp:featuredmedia":[{"embeddable":true,"href":"https:\/\/www.otiumhome.fi\/index.php\/wp-json\/"}],"wp:attachment":[{"href":"https:\/\/www.otiumhome.fi\/index.php\/wp-json\/wp\/v2\/media?parent=172851"}],"wp:term":[{"taxonomy":"product_brand","embeddable":true,"href":"https:\/\/www.otiumhome.fi\/index.php\/wp-json\/wp\/v2\/product_brand?post=172851"},{"taxonomy":"product_cat","embeddable":true,"href":"https:\/\/www.otiumhome.fi\/index.php\/wp-json\/wp\/v2\/product_cat?post=172851"},{"taxonomy":"product_tag","embeddable":true,"href":"https:\/\/www.otiumhome.fi\/index.php\/wp-json\/wp\/v2\/product_tag?post=172851"}],"curies":[{"name":"wp","href":"https:\/\/api.w.org\/{rel}","templated":true}]}}