{"id":172846,"date":"2025-09-10T04:22:04","date_gmt":"2025-09-10T04:22:04","guid":{"rendered":"https:\/\/www.otiumhome.fi\/?p=172846"},"modified":"2025-12-09T07:49:25","modified_gmt":"2025-12-09T07:49:25","slug":"tv-kaappi-hyllylla-musta-ja-kulta-80-x-33-x-46-cm-tekninen-puu","status":"publish","type":"product","link":"https:\/\/www.otiumhome.fi\/index.php\/tuote\/tv-kaappi-hyllylla-musta-ja-kulta-80-x-33-x-46-cm-tekninen-puu\/","title":{"rendered":"TV-kaappi hyllyll\u00e4 Musta ja kulta 80 x 33 x 46 cm Tekninen puu"},"content":{"rendered":"<p>Massiivipuinen TV-kaappi tuo modernia tyyli\u00e4 mihin tahansa olohuoneeseen. Sen tyylikk\u00e4\u00e4t mustat ja kultaiset v\u00e4rit ovat t\u00e4ydellinen yhdistelm\u00e4 eri sisustustyyleille ja se tarjoaa toimivia s\u00e4ilytysratkaisuja. Suunniteltu nykyel\u00e4m\u00e4n tarpeisiin, se toimii t\u00e4ydellisen\u00e4 apuna elektroniikan, DVD:iden tai muiden henkil\u00f6kohtaisten tavaroiden s\u00e4ilytt\u00e4misess\u00e4. Huolellisesti valmistettu, t\u00e4m\u00e4 suorakulmainen matala kaappi tarjoaa muun muassa nerokkaita hyllyj\u00e4, kehitt\u00e4en sek\u00e4 visuaalista kauneutta ett\u00e4 k\u00e4yt\u00e4nn\u00f6llisyytt\u00e4 koteihin.<\/p>\n<ul>\n<li><b>Moderni insin\u00f6\u00f6ripuu:<\/b> Kaappi on tehty laadukkaasta insin\u00f6\u00f6ripuusta, joka tuo kest\u00e4vyytt\u00e4 ja modernia ilmett\u00e4. T\u00e4m\u00e4 materiaali on valittu sen kest\u00e4vyytens\u00e4 ja tyylikkyytens\u00e4 vuoksi, ja se on loistava arkeen. Insin\u00f6\u00f6ripuurakenne varmistaa, ett\u00e4 kaappi on helppohoitoinen ja sen pinnat ovat tasaisia.<\/li>\n<li><b>Runsaat s\u00e4ilytysratkaisut:<\/b> Useat hyllyt takaavat, ett\u00e4 erilaisille tavaroille kuten elektroniikalle ja koriste-esineille on runsaasti tilaa. Hyllysuunnittelu pit\u00e4\u00e4 kaiken j\u00e4rjestyksess\u00e4 ja upeasti piilossa.<\/li>\n<li><b>Tyylikk\u00e4\u00e4t kapenevat jalat:<\/b> Kapeneva jalka tuo ripauksen tyyli\u00e4, mik\u00e4 tekee kokonaissuunnitelmasta kevyemm\u00e4n ja modernin. N\u00e4m\u00e4 jalat varmistavat my\u00f6s hyv\u00e4n tuen kaapille.<\/li>\n<li><b>Toiminnalliset osat:<\/b> Varustettu k\u00e4tevill\u00e4 kahvoilla, jotka helpottavat laatikoiden k\u00e4ytt\u00f6\u00e4. Kahvojen tyyli tuo lis\u00e4arvoa ilman, ett\u00e4 ne viev\u00e4t huomiota kaapin tyylist\u00e4.<\/li>\n<li><b>Yksinkertaiset hoito-ohjeet:<\/b> Helppo puhdistaa kostealla liinalla pit\u00e4\u00e4 kaapin hienossa kunnossa. V\u00e4lt\u00e4 vahvoja kemikaaleja, jotta pinta kuluu mahdollisimman v\u00e4h\u00e4n.<\/li>\n<\/ul>\n<ul>\n<li>V\u00e4ri: Musta ja kulta<\/li>\n<li>Materiaali: Tekninen puu<\/li>\n<li>Yleiset mitat: 80 x 33 x 46 cm (P x L x K)<\/li>\n<li>Paino: 14,8 kg<\/li>\n<li>S\u00e4ilytystila<\/li>\n<li>Laatikolla<\/li>\n<li>3 hyllyill\u00e4<\/li>\n<li>Kehysmateriaali: Tekninen puu<\/li>\n<li>Sis\u00e4- \/ ulkotiloissa: Vain sis\u00e4k\u00e4ytt\u00f6\u00f6n<\/li>\n<li>Toimitus-:<\/li>\n<li>1 x TV-kaappi<\/li>\n<li>Kokoonpano vaaditaan: Kyll\u00e4<\/li>\n<\/ul>\n","protected":false},"excerpt":{"rendered":"<ul>\n<li>V\u00e4ri: Musta ja kulta<\/li>\n<li>Materiaali: Tekninen puu<\/li>\n<li>Yleiset mitat: 80 x 33 x 46 cm (P x L x K)<\/li>\n<li>Paino: 14,8 kg<\/li>\n<li>S\u00e4ilytystila<\/li>\n<li>Laatikolla<\/li>\n<li>3 hyllyill\u00e4<\/li>\n<li>Kehysmateriaali: Tekninen puu<\/li>\n<li>Sis\u00e4- \/ ulkotiloissa: Vain sis\u00e4k\u00e4ytt\u00f6\u00f6n<\/li>\n<li>Toimitus-:<\/li>\n<li>1 x TV-kaappi<\/li>\n<li>Kokoonpano vaaditaan: Kyll\u00e4<\/li>\n<\/ul>\n","protected":false},"featured_media":100000172846,"comment_status":"closed","ping_status":"closed","template":"","meta":[],"product_brand":[],"product_cat":[84,8567],"product_tag":[],"class_list":{"0":"post-172846","1":"product","2":"type-product","3":"status-publish","4":"has-post-thumbnail","6":"product_cat-huonekalut","7":"product_cat-medialaitekaapit-telineet","9":"first","10":"instock","11":"taxable","12":"shipping-taxable","13":"purchasable","14":"product-type-simple"},"_links":{"self":[{"href":"https:\/\/www.otiumhome.fi\/index.php\/wp-json\/wp\/v2\/product\/172846","targetHints":{"allow":["GET"]}}],"collection":[{"href":"https:\/\/www.otiumhome.fi\/index.php\/wp-json\/wp\/v2\/product"}],"about":[{"href":"https:\/\/www.otiumhome.fi\/index.php\/wp-json\/wp\/v2\/types\/product"}],"replies":[{"embeddable":true,"href":"https:\/\/www.otiumhome.fi\/index.php\/wp-json\/wp\/v2\/comments?post=172846"}],"wp:featuredmedia":[{"embeddable":true,"href":"https:\/\/www.otiumhome.fi\/index.php\/wp-json\/"}],"wp:attachment":[{"href":"https:\/\/www.otiumhome.fi\/index.php\/wp-json\/wp\/v2\/media?parent=172846"}],"wp:term":[{"taxonomy":"product_brand","embeddable":true,"href":"https:\/\/www.otiumhome.fi\/index.php\/wp-json\/wp\/v2\/product_brand?post=172846"},{"taxonomy":"product_cat","embeddable":true,"href":"https:\/\/www.otiumhome.fi\/index.php\/wp-json\/wp\/v2\/product_cat?post=172846"},{"taxonomy":"product_tag","embeddable":true,"href":"https:\/\/www.otiumhome.fi\/index.php\/wp-json\/wp\/v2\/product_tag?post=172846"}],"curies":[{"name":"wp","href":"https:\/\/api.w.org\/{rel}","templated":true}]}}