{"id":172842,"date":"2025-09-10T04:22:02","date_gmt":"2025-09-10T04:22:02","guid":{"rendered":"https:\/\/www.otiumhome.fi\/?p=172842"},"modified":"2025-12-09T07:49:25","modified_gmt":"2025-12-09T07:49:25","slug":"tv-kaappi-hyllylla-musta-ja-kulta-70-x-33-x-46-cm-tekninen-puu","status":"publish","type":"product","link":"https:\/\/www.otiumhome.fi\/index.php\/tuote\/tv-kaappi-hyllylla-musta-ja-kulta-70-x-33-x-46-cm-tekninen-puu\/","title":{"rendered":"TV-kaappi hyllyll\u00e4 Musta ja kulta 70 x 33 x 46 cm Tekninen puu"},"content":{"rendered":"<p>T\u00e4m\u00e4 moderni TV-kaappi on matalaprofiilinen s\u00e4ilytysratkaisu, joka on suunniteltu media- tai olohuonek\u00e4ytt\u00f6\u00f6n. Tyylikk\u00e4\u00e4n suorakaiteen muotonsa ansiosta se sulautuu kauniisti nykyaikaisiin sisustuksiin, ilmeell\u00e4\u00e4n kuin minimalistinen kaari ilman liiallista koristelua. Sen esteettist\u00e4 vieh\u00e4tyst\u00e4 korostaa mustan ja kultaisen harmoninen kontrasti, joten se toimii hienostuneena v\u00e4ril\u00e4isk\u00e4n\u00e4 miss\u00e4 tahansa sis\u00e4tilassa. Sopii moniin k\u00e4ytt\u00f6tarkoituksiin, t\u00e4m\u00e4 TV-kaappi pit\u00e4\u00e4 tarvikkeet j\u00e4rjestyksess\u00e4 tyylikk\u00e4\u00e4ll\u00e4 tavalla ja tukee viihdeasetteluasi.<\/p>\n<ul>\n<li><b>Tekninen puu<\/b> T\u00e4m\u00e4 TV-kaappi on tehty kest\u00e4v\u00e4st\u00e4 teknisest\u00e4 puusta, mik\u00e4 varmistaa pitk\u00e4n k\u00e4ytt\u00f6i\u00e4n ja vahvuuden. Sen pinta, runko ja sis\u00e4osat hy\u00f6tyv\u00e4t materiaalin kest\u00e4vyydest\u00e4, jolloin se tarjoaa tukevan paikan kaikille mediaviihdelaitteillesi. Materiaalivalinta tuo lis\u00e4\u00e4 tyyli\u00e4, sopien nykyajan el\u00e4m\u00e4ntyyliin.<\/li>\n<li><b>Runsaasti s\u00e4ilytystilaa<\/b> Suunniteltu k\u00e4yt\u00e4nn\u00f6llisyytt\u00e4 ajatellen, kaapissa on hyllyj\u00e4, jotka sopii erilaisten mediaoheistarvikkeiden ja henkil\u00f6kohtaisten tavaroiden j\u00e4rjest\u00e4miseen. Hyllyt tarjoavat helpon mutta tehokkaan ratkaisun siistin ymp\u00e4rist\u00f6n luomiseen ja parantavat tilan toimivuutta.<\/li>\n<li><b>Saumattomat ominaisuudet<\/b> Tyylikk\u00e4ill\u00e4 mustilla tangokahvoilla varustettu TV-kaappi tarjoaa helpon p\u00e4\u00e4syn. Sen kapenevat jalat tuovat ripauksen eleganssia, samalla antaen luotettavaa vakautta. T\u00e4m\u00e4 muotoilu yhdistelm\u00e4 varmistaa, ett\u00e4 kaappi t\u00e4ydent\u00e4\u00e4 erilaisia olohuoneen j\u00e4rjestelyj\u00e4.<\/li>\n<li><b>Vain sis\u00e4k\u00e4ytt\u00f6\u00f6n<\/b> Ihanteellinen sis\u00e4tiloihin, kuten olohuoneisiin tai mediahuoneisiin, t\u00e4m\u00e4 TV-kaappi ei sovellu ulkotiloihin, jotta tekninen puu pysyy ehj\u00e4n\u00e4. Sen yksityiskohtainen suunnittelu ja k\u00e4yt\u00e4nn\u00f6lliset s\u00e4ilytysratkaisut tekev\u00e4t siit\u00e4 t\u00e4rke\u00e4n osan kotia, jolla yhdistyv\u00e4t mukavuus ja tyyli.<\/li>\n<li><b>Yksinkertainen huolto &amp; yll\u00e4pito<\/b> T\u00e4m\u00e4n TV-kaapin huoltaminen on nopeaa ja helppoa; pyyhi vain kostealla liinalla p\u00f6ly pois ja pid\u00e4 se n\u00e4ytt\u00e4v\u00e4n\u00e4. S\u00e4\u00e4nn\u00f6llinen huolto s\u00e4ilytt\u00e4\u00e4 sen modernin vieh\u00e4tysvoiman, jolloin se pysyy sisustuksesi keskipisteen\u00e4.<\/li>\n<\/ul>\n<ul>\n<li>V\u00e4ri: Musta ja kulta<\/li>\n<li>Materiaali: Tekninen puu<\/li>\n<li>Yleiset mitat: 70 x 33 x 46 cm (P x L x K)<\/li>\n<li>Paino: 15,2 kg<\/li>\n<li>S\u00e4ilytystila<\/li>\n<li>Laatikolla<\/li>\n<li>2 hyllyill\u00e4<\/li>\n<li>Kehysmateriaali: Tekninen puu<\/li>\n<li>Sis\u00e4- \/ ulkotiloissa: Vain sis\u00e4k\u00e4ytt\u00f6\u00f6n<\/li>\n<li>Toimitus-:<\/li>\n<li>1 x TV-taso<\/li>\n<li>Kokoonpano vaaditaan: Kyll\u00e4<\/li>\n<\/ul>\n","protected":false},"excerpt":{"rendered":"<ul>\n<li>V\u00e4ri: Musta ja kulta<\/li>\n<li>Materiaali: Tekninen puu<\/li>\n<li>Yleiset mitat: 70 x 33 x 46 cm (P x L x K)<\/li>\n<li>Paino: 15,2 kg<\/li>\n<li>S\u00e4ilytystila<\/li>\n<li>Laatikolla<\/li>\n<li>2 hyllyill\u00e4<\/li>\n<li>Kehysmateriaali: Tekninen puu<\/li>\n<li>Sis\u00e4- \/ ulkotiloissa: Vain sis\u00e4k\u00e4ytt\u00f6\u00f6n<\/li>\n<li>Toimitus-:<\/li>\n<li>1 x TV-taso<\/li>\n<li>Kokoonpano vaaditaan: Kyll\u00e4<\/li>\n<\/ul>\n","protected":false},"featured_media":100000172842,"comment_status":"closed","ping_status":"closed","template":"","meta":[],"product_brand":[],"product_cat":[84,8567],"product_tag":[],"class_list":{"0":"post-172842","1":"product","2":"type-product","3":"status-publish","4":"has-post-thumbnail","6":"product_cat-huonekalut","7":"product_cat-medialaitekaapit-telineet","9":"first","10":"instock","11":"taxable","12":"shipping-taxable","13":"purchasable","14":"product-type-simple"},"_links":{"self":[{"href":"https:\/\/www.otiumhome.fi\/index.php\/wp-json\/wp\/v2\/product\/172842","targetHints":{"allow":["GET"]}}],"collection":[{"href":"https:\/\/www.otiumhome.fi\/index.php\/wp-json\/wp\/v2\/product"}],"about":[{"href":"https:\/\/www.otiumhome.fi\/index.php\/wp-json\/wp\/v2\/types\/product"}],"replies":[{"embeddable":true,"href":"https:\/\/www.otiumhome.fi\/index.php\/wp-json\/wp\/v2\/comments?post=172842"}],"wp:featuredmedia":[{"embeddable":true,"href":"https:\/\/www.otiumhome.fi\/index.php\/wp-json\/"}],"wp:attachment":[{"href":"https:\/\/www.otiumhome.fi\/index.php\/wp-json\/wp\/v2\/media?parent=172842"}],"wp:term":[{"taxonomy":"product_brand","embeddable":true,"href":"https:\/\/www.otiumhome.fi\/index.php\/wp-json\/wp\/v2\/product_brand?post=172842"},{"taxonomy":"product_cat","embeddable":true,"href":"https:\/\/www.otiumhome.fi\/index.php\/wp-json\/wp\/v2\/product_cat?post=172842"},{"taxonomy":"product_tag","embeddable":true,"href":"https:\/\/www.otiumhome.fi\/index.php\/wp-json\/wp\/v2\/product_tag?post=172842"}],"curies":[{"name":"wp","href":"https:\/\/api.w.org\/{rel}","templated":true}]}}