{"id":172834,"date":"2025-09-10T03:20:55","date_gmt":"2025-09-10T03:20:55","guid":{"rendered":"https:\/\/www.otiumhome.fi\/?p=172834"},"modified":"2026-01-06T11:26:43","modified_gmt":"2026-01-06T11:26:43","slug":"laatikko-jossa-sailytystila-ja-liitutaulun-etu-roros-valkoinen","status":"publish","type":"product","link":"https:\/\/www.otiumhome.fi\/index.php\/tuote\/laatikko-jossa-sailytystila-ja-liitutaulun-etu-roros-valkoinen\/","title":{"rendered":"Laatikko, jossa s\u00e4ilytystila ja liitutaulun etu ROROS Valkoinen"},"content":{"rendered":"<p>T\u00e4m\u00e4 kalkkitaululaatikko on fiksu s\u00e4ilytysratkaisu, joka sopii t\u00e4ydellisesti lastenhuoneiden j\u00e4rjest\u00e4miseen. Sen modernin muotoilun ansiosta laatikko yhdist\u00e4\u00e4 tyylikk\u00e4\u00e4t linjat ja yksinkertaisuuden, ollen samalla k\u00e4yt\u00e4nn\u00f6llinen. Laatikko toimii my\u00f6s leikkitilana, joten lapset voivat piirt\u00e4\u00e4 kalkkitaululle ja yhdist\u00e4\u00e4 luovuuden siistiin j\u00e4rjestykseen. Se sulautuu kauniisti muuhun sisustukseen.<\/p>\n<ul><\/br><\/p>\n<li><b>Kest\u00e4v\u00e4 tekninen puu:<\/b> Teknisest\u00e4 puusta valmistettu laatikko on tukeva ja kest\u00e4v\u00e4, joten se kest\u00e4\u00e4 lasten jokap\u00e4iv\u00e4ist\u00e4 k\u00e4ytt\u00f6\u00e4. Sen sile\u00e4 pinta tuo ripauksen hienostuneisuutta lastenhuoneeseen.<\/li>\n<p><\/br><\/p>\n<li><b>Kalkkitaulu etupaneeli:<\/b> Yhdistetty kalkkitaulupinta rohkaisee lapsia ilmaisemaan mielikuvitustaan huonekalulle ja saa aikaan interaktiivisia leikkihetki\u00e4. T\u00e4m\u00e4 ominaisuus tekee taiteellisesta toiminnasta hauskaa ja motivoivaa.<\/li>\n<p><\/br><\/p>\n<li><b>Suunniteltu runsaalle s\u00e4ilytykselle:<\/b> Laatikon avara sis\u00e4tila tarjoaa runsaasti tilaa lelujen, pelien tai kirjojen s\u00e4ilytt\u00e4miseen, mink\u00e4 ansiosta leikkitila pysyy siistin\u00e4 ja j\u00e4rjestyksess\u00e4.<\/li>\n<p><\/br><\/p>\n<li><b>Moderni esteettinen vieh\u00e4tys:<\/b> Valkoinen tekninen puu tekee laatikosta visuaalisesti miellytt\u00e4v\u00e4n ja se sopii hyvin muihin huonekaluihin. Yksinkertainen muotokieli rikastuttaa huoneen ilmapiiri\u00e4.<\/li>\n<p><\/br><\/p>\n<li><b>Yksinkertainen huolto:<\/b> T\u00e4m\u00e4 laatikko on helppo pit\u00e4\u00e4 puhtaana \u2013 riitt\u00e4\u00e4 kun pyyhk\u00e4isee sit\u00e4 kuivalla kankaalla, jolloin se pysyy siistin\u00e4 ja kiilt\u00e4v\u00e4n\u00e4. Oikein hoidettuna laatikko kest\u00e4\u00e4 pitk\u00e4\u00e4n ja s\u00e4ilytt\u00e4\u00e4 vieh\u00e4tyksens\u00e4.<\/li>\n<p><\/br><\/ul>\n<ul>\n<li>V\u00e4ri: Valkoinen<\/li>\n<li>Materiaali: Tekninen puu<\/li>\n<li>Yleiset mitat: 73 x 40 x 55 cm (P x L x K)<\/li>\n<li>Paino: 14,4 kg<\/li>\n<li>Runsaasti s\u00e4ilytystilaa<\/li>\n<li>Kest\u00e4v\u00e4<\/li>\n<li>Kehysmateriaali: Tekninen puu<\/li>\n<li>Vain sis\u00e4k\u00e4ytt\u00f6\u00f6n<\/li>\n<li>Toimitus-:<\/li>\n<li>1 x laatikko kirjoitusalustalla<\/li>\n<li>Kokoonpano vaaditaan: Kyll\u00e4<\/li>\n<li>Alueen nimi: Roros<\/li>\n<\/ul>\n","protected":false},"excerpt":{"rendered":"<ul>\n<li>V\u00e4ri: Valkoinen<\/li>\n<li>Materiaali: Tekninen puu<\/li>\n<li>Yleiset mitat: 73 x 40 x 55 cm (P x L x K)<\/li>\n<li>Paino: 14,4 kg<\/li>\n<li>Runsaasti s\u00e4ilytystilaa<\/li>\n<li>Kest\u00e4v\u00e4<\/li>\n<li>Kehysmateriaali: Tekninen puu<\/li>\n<li>Vain sis\u00e4k\u00e4ytt\u00f6\u00f6n<\/li>\n<li>Toimitus-:<\/li>\n<li>1 x laatikko kirjoitusalustalla<\/li>\n<li>Kokoonpano vaaditaan: Kyll\u00e4<\/li>\n<li>Alueen nimi: Roros<\/li>\n<\/ul>\n","protected":false},"featured_media":100000172834,"comment_status":"closed","ping_status":"closed","template":"","meta":[],"product_brand":[],"product_cat":[84,8565,8564],"product_tag":[],"class_list":{"0":"post-172834","1":"product","2":"type-product","3":"status-publish","4":"has-post-thumbnail","6":"product_cat-huonekalut","7":"product_cat-lelulaatikot","8":"product_cat-sailytysarkut","10":"first","11":"instock","12":"taxable","13":"shipping-taxable","14":"purchasable","15":"product-type-simple"},"_links":{"self":[{"href":"https:\/\/www.otiumhome.fi\/index.php\/wp-json\/wp\/v2\/product\/172834","targetHints":{"allow":["GET"]}}],"collection":[{"href":"https:\/\/www.otiumhome.fi\/index.php\/wp-json\/wp\/v2\/product"}],"about":[{"href":"https:\/\/www.otiumhome.fi\/index.php\/wp-json\/wp\/v2\/types\/product"}],"replies":[{"embeddable":true,"href":"https:\/\/www.otiumhome.fi\/index.php\/wp-json\/wp\/v2\/comments?post=172834"}],"wp:featuredmedia":[{"embeddable":true,"href":"https:\/\/www.otiumhome.fi\/index.php\/wp-json\/"}],"wp:attachment":[{"href":"https:\/\/www.otiumhome.fi\/index.php\/wp-json\/wp\/v2\/media?parent=172834"}],"wp:term":[{"taxonomy":"product_brand","embeddable":true,"href":"https:\/\/www.otiumhome.fi\/index.php\/wp-json\/wp\/v2\/product_brand?post=172834"},{"taxonomy":"product_cat","embeddable":true,"href":"https:\/\/www.otiumhome.fi\/index.php\/wp-json\/wp\/v2\/product_cat?post=172834"},{"taxonomy":"product_tag","embeddable":true,"href":"https:\/\/www.otiumhome.fi\/index.php\/wp-json\/wp\/v2\/product_tag?post=172834"}],"curies":[{"name":"wp","href":"https:\/\/api.w.org\/{rel}","templated":true}]}}