{"id":172829,"date":"2025-09-10T03:20:40","date_gmt":"2025-09-10T03:20:40","guid":{"rendered":"https:\/\/www.otiumhome.fi\/?p=172829"},"modified":"2025-12-14T06:40:35","modified_gmt":"2025-12-14T06:40:35","slug":"peilikaappi-ledilla-artisan-oak-70x165x60-cm","status":"publish","type":"product","link":"https:\/\/www.otiumhome.fi\/index.php\/tuote\/peilikaappi-ledilla-artisan-oak-70x165x60-cm\/","title":{"rendered":"peilikaappi LEDill\u00e4 Artisan Oak 70&#215;16,5&#215;60 cm"},"content":{"rendered":"<p>Pid\u00e4 meikkitarvikkeet siistiss\u00e4 j\u00e4rjestyksess\u00e4 t\u00e4m\u00e4n trendikk\u00e4\u00e4n LED-valoilla varustetun peilikaapin avulla!<\/p>\n<\/p>\n<ul>\n<li>Kest\u00e4v\u00e4 materiaali: Tekninen puu on poikkeuksellisen laadukasta ja sile\u00e4pintaista. Se on luja, vakaa ja kosteudelle vastustuskykyinen. Teknisest\u00e4 puusta valmistettu LED peilikaappi on helppo puhdistaa.<\/li>\n<li>Meikkipeili: Kaunis meikkipeili takaa selke\u00e4n n\u00e4kym\u00e4n meikkauksen aikana. Se lis\u00e4\u00e4 my\u00f6s tyylikk\u00e4\u00e4n ilmeen kylpyhuoneen meikkipeilille.<\/li>\n<li>LED-valot: Sein\u00e4kaapissa on LED-valot, jotka on varustettu USB-k\u00e4ytt\u00f6liittym\u00e4ll\u00e4, tehden siit\u00e4 eritt\u00e4in k\u00e4tev\u00e4n k\u00e4ytt\u00e4\u00e4.<\/li>\n<li>Reilusti s\u00e4ilytystilaa: T\u00e4m\u00e4 peilillinen korukaappi sis\u00e4lt\u00e4\u00e4 lokeroja, jotka tarjoavat tilaa esineillesi ja pit\u00e4\u00e4 kaiken paikallaan.<\/li>\n<\/ul>\n<p>Hyv\u00e4 tiet\u00e4\u00e4:<\/p>\n<ul>\n<li>Sein\u00e4\u00e4n kiinnitett\u00e4v\u00e4t ruuvit ja tulpat eiv\u00e4t sis\u00e4lly toimitukseen. Etsi ja k\u00e4yt\u00e4 sein\u00e4\u00e4si sopivia ruuveja ja tulppia. Jos olet ep\u00e4varma, kysy ammattilaisen neuvoa. Lue ja seuraa asennusohjeiden jokaista vaihetta huolella.<\/li>\n<\/ul>\n<ul>\n<li>V\u00e4ri: artisaanitammi<\/li>\n<li>Materiaali: Tekninen puu, akryyli<\/li>\n<li>Mitat: 70 x 16,5 x 60 cm (L x S x K)<\/li>\n<li>Maksimikantavuus (yhteens\u00e4): 60 kg<\/li>\n<li>Asennus vaaditaan: Kyll\u00e4<\/li>\n<\/ul>\n","protected":false},"excerpt":{"rendered":"<ul>\n<li>V\u00e4ri: artisaanitammi<\/li>\n<li>Materiaali: Tekninen puu, akryyli<\/li>\n<li>Mitat: 70 x 16,5 x 60 cm (L x S x K)<\/li>\n<li>Maksimikantavuus (yhteens\u00e4): 60 kg<\/li>\n<li>Asennus vaaditaan: Kyll\u00e4<\/li>\n<\/ul>\n","protected":false},"featured_media":100000172829,"comment_status":"closed","ping_status":"closed","template":"","meta":[],"product_brand":[],"product_cat":[84,8561,8562],"product_tag":[],"class_list":{"0":"post-172829","1":"product","2":"type-product","3":"status-publish","4":"has-post-thumbnail","6":"product_cat-huonekalut","7":"product_cat-kampauspoydat","8":"product_cat-kylpyhuoneen-kampauspoydat","10":"first","11":"instock","12":"taxable","13":"shipping-taxable","14":"purchasable","15":"product-type-simple"},"_links":{"self":[{"href":"https:\/\/www.otiumhome.fi\/index.php\/wp-json\/wp\/v2\/product\/172829","targetHints":{"allow":["GET"]}}],"collection":[{"href":"https:\/\/www.otiumhome.fi\/index.php\/wp-json\/wp\/v2\/product"}],"about":[{"href":"https:\/\/www.otiumhome.fi\/index.php\/wp-json\/wp\/v2\/types\/product"}],"replies":[{"embeddable":true,"href":"https:\/\/www.otiumhome.fi\/index.php\/wp-json\/wp\/v2\/comments?post=172829"}],"wp:featuredmedia":[{"embeddable":true,"href":"https:\/\/www.otiumhome.fi\/index.php\/wp-json\/"}],"wp:attachment":[{"href":"https:\/\/www.otiumhome.fi\/index.php\/wp-json\/wp\/v2\/media?parent=172829"}],"wp:term":[{"taxonomy":"product_brand","embeddable":true,"href":"https:\/\/www.otiumhome.fi\/index.php\/wp-json\/wp\/v2\/product_brand?post=172829"},{"taxonomy":"product_cat","embeddable":true,"href":"https:\/\/www.otiumhome.fi\/index.php\/wp-json\/wp\/v2\/product_cat?post=172829"},{"taxonomy":"product_tag","embeddable":true,"href":"https:\/\/www.otiumhome.fi\/index.php\/wp-json\/wp\/v2\/product_tag?post=172829"}],"curies":[{"name":"wp","href":"https:\/\/api.w.org\/{rel}","templated":true}]}}