{"id":172597,"date":"2025-09-10T02:37:01","date_gmt":"2025-09-10T02:37:01","guid":{"rendered":"https:\/\/www.otiumhome.fi\/?p=172597"},"modified":"2025-11-14T04:13:52","modified_gmt":"2025-11-14T04:13:52","slug":"kylpyhuonekalustesetti-5-pcs-musta-merkityltaan-puu-ja-metalli","status":"publish","type":"product","link":"https:\/\/www.otiumhome.fi\/index.php\/tuote\/kylpyhuonekalustesetti-5-pcs-musta-merkityltaan-puu-ja-metalli\/","title":{"rendered":"Kylpyhuonekalustesetti 5 pcs Musta Merkitylt\u00e4\u00e4n puu ja metalli"},"content":{"rendered":"<p>T\u00e4m\u00e4 moderni kylpyhuonekalustesetti yhdist\u00e4\u00e4 puhtaat linjat ja minimaalisen muotoilun, mik\u00e4 on tyypillist\u00e4 nykyaikaiselle estetiikalle. Se on suunniteltu niille, jotka arvostavat yksinkertaisuutta ja toimivuutta, ja se muuttaa kylpyhuoneesi tyylikk\u00e4\u00e4ksi ja j\u00e4rjestelm\u00e4lliseksi tilaksi. Kuvittele tarvikkeesi kaapeissa, jotka nostavat huoneen ilmett\u00e4 ja pit\u00e4v\u00e4t kaiken j\u00e4rjestyksess\u00e4. Kaunis ulkon\u00e4k\u00f6 yhdistyy k\u00e4yt\u00e4nn\u00f6llisiin ominaisuuksiin, jotka luovat siistin ymp\u00e4rist\u00f6n kaikille k\u00e4ytt\u00e4jille.<\/p>\n<ul>\n<li><b>Tyylik\u00e4s moderni tyyli<\/b> Setti yhdist\u00e4\u00e4 tyylikk\u00e4\u00e4n muotoilun, yksinkertaisuuden ja minimalismin. Suorakaiteen muotoiset osat ja sile\u00e4t pinnat luovat ajattoman ilmeen. Mustat jalat ja kahvat lis\u00e4\u00e4v\u00e4t eleganssia, t\u00e4ydent\u00e4en modernia kylpyhuonetta.<\/li>\n<li><b>Tilava s\u00e4ilytystila<\/b> Useat hyllyt ja osastot tarjoavat riitt\u00e4v\u00e4sti tilaa kylpyhuoneen tarvikkeille. Korkea kaappi tarjoaa paljon pystysuoraa s\u00e4ilytystilaa, kun taas allaskaappi on t\u00e4ydellinen usein k\u00e4ytettyjen esineiden s\u00e4ilytykseen. Peilikaappi tuo mukavuutta hoitorutiineihin.<\/li>\n<li><b>Laatumateriaalit<\/b> Huonekalut on valmistettu teknisest\u00e4 puusta, joten ne ovat kest\u00e4vi\u00e4 ja luotettavia. Metallijalat tarjoavat vakautta, ja hienostunut viimeistely parantaa ulkon\u00e4k\u00f6\u00e4 ja helpottaa puhtaanapitoa.<\/li>\n<li><b>K\u00e4tev\u00e4t peilitoiminnot<\/b> Setin tasainen peili on ehdoton apuv\u00e4line. Meikin laitto tai parranajo onnistuu tarkasti, ja se tuo k\u00e4yt\u00e4nn\u00f6llisyytt\u00e4 esteettisyyden lis\u00e4ksi.<\/li>\n<li><b>Helppo yll\u00e4pito<\/b> Pyyhi huonekalut kostealla liinalla ja ne pysyv\u00e4t kauniina helposti. T\u00e4m\u00e4 varmistaa, ett\u00e4 setti n\u00e4ytt\u00e4\u00e4 hyv\u00e4lt\u00e4 my\u00f6s ajan my\u00f6t\u00e4.<\/li>\n<\/ul>\n<ul>\n<li>V\u00e4ri: Musta<\/li>\n<li>Materiaali: Merkitylt\u00e4\u00e4n puu ja metalli<\/li>\n<li>Yleiset mitat: 35 x 30 x 192 cm (P x L x K)<\/li>\n<li>Paino: 85,2 kg<\/li>\n<li>Runsaasti s\u00e4ilytystilaa<\/li>\n<li>Laatikolla<\/li>\n<li>Tasainen peili<\/li>\n<li>17 hyllyill\u00e4<\/li>\n<li>7 ovien kanssa<\/li>\n<li>Sis\u00e4- \/ ulkotiloissa: Vain sis\u00e4k\u00e4ytt\u00f6\u00f6n<\/li>\n<li>Toimitus-:<\/li>\n<li>1 x Kylpyhuoneen pesuallaskaappi: 76.5 x 35 x 64 cm (P x L x K)<\/li>\n<li>1 x Kylpyhuoneen peilikaappi: 80 x 17 x 55 cm (P x L x K)<\/li>\n<li>1 x Kylpyhuoneen kaappi (matala): 31.5 x 30 x 61 cm (P x L x K)<\/li>\n<li>1 x Kylpyhuoneen kaappi (keskikorkea): 35 x 30 x 80 cm (P x L x K)<\/li>\n<li>1 x Kylpyhuoneen kaappi (korkea): 35 x 30 x 192 cm (P x L x K)<\/li>\n<li>Kokoonpano vaaditaan: Kyll\u00e4<\/li>\n<\/ul>\n","protected":false},"excerpt":{"rendered":"<ul>\n<li>V\u00e4ri: Musta<\/li>\n<li>Materiaali: Merkitylt\u00e4\u00e4n puu ja metalli<\/li>\n<li>Yleiset mitat: 35 x 30 x 192 cm (P x L x K)<\/li>\n<li>Paino: 85,2 kg<\/li>\n<li>Runsaasti s\u00e4ilytystilaa<\/li>\n<li>Laatikolla<\/li>\n<li>Tasainen peili<\/li>\n<li>17 hyllyill\u00e4<\/li>\n<li>7 ovien kanssa<\/li>\n<li>Sis\u00e4- \/ ulkotiloissa: Vain sis\u00e4k\u00e4ytt\u00f6\u00f6n<\/li>\n<li>Toimitus-:<\/li>\n<li>1 x Kylpyhuoneen pesuallaskaappi: 76.5 x 35 x 64 cm (P x L x K)<\/li>\n<li>1 x Kylpyhuoneen peilikaappi: 80 x 17 x 55 cm (P x L x K)<\/li>\n<li>1 x Kylpyhuoneen kaappi (matala): 31.5 x 30 x 61 cm (P x L x K)<\/li>\n<li>1 x Kylpyhuoneen kaappi (keskikorkea): 35 x 30 x 80 cm (P x L x K)<\/li>\n<li>1 x Kylpyhuoneen kaappi (korkea): 35 x 30 x 192 cm (P x L x K)<\/li>\n<li>Kokoonpano vaaditaan: Kyll\u00e4<\/li>\n<\/ul>\n","protected":false},"featured_media":100000172597,"comment_status":"closed","ping_status":"closed","template":"","meta":[],"product_brand":[],"product_cat":[84,8560],"product_tag":[],"class_list":{"0":"post-172597","1":"product","2":"type-product","3":"status-publish","4":"has-post-thumbnail","6":"product_cat-huonekalut","7":"product_cat-kylpyhuoneen-kalusteet","9":"first","10":"outofstock","11":"taxable","12":"shipping-taxable","13":"purchasable","14":"product-type-simple"},"_links":{"self":[{"href":"https:\/\/www.otiumhome.fi\/index.php\/wp-json\/wp\/v2\/product\/172597","targetHints":{"allow":["GET"]}}],"collection":[{"href":"https:\/\/www.otiumhome.fi\/index.php\/wp-json\/wp\/v2\/product"}],"about":[{"href":"https:\/\/www.otiumhome.fi\/index.php\/wp-json\/wp\/v2\/types\/product"}],"replies":[{"embeddable":true,"href":"https:\/\/www.otiumhome.fi\/index.php\/wp-json\/wp\/v2\/comments?post=172597"}],"wp:featuredmedia":[{"embeddable":true,"href":"https:\/\/www.otiumhome.fi\/index.php\/wp-json\/"}],"wp:attachment":[{"href":"https:\/\/www.otiumhome.fi\/index.php\/wp-json\/wp\/v2\/media?parent=172597"}],"wp:term":[{"taxonomy":"product_brand","embeddable":true,"href":"https:\/\/www.otiumhome.fi\/index.php\/wp-json\/wp\/v2\/product_brand?post=172597"},{"taxonomy":"product_cat","embeddable":true,"href":"https:\/\/www.otiumhome.fi\/index.php\/wp-json\/wp\/v2\/product_cat?post=172597"},{"taxonomy":"product_tag","embeddable":true,"href":"https:\/\/www.otiumhome.fi\/index.php\/wp-json\/wp\/v2\/product_tag?post=172597"}],"curies":[{"name":"wp","href":"https:\/\/api.w.org\/{rel}","templated":true}]}}