{"id":172527,"date":"2025-09-10T02:21:39","date_gmt":"2025-09-10T02:21:39","guid":{"rendered":"https:\/\/www.otiumhome.fi\/?p=172527"},"modified":"2025-12-09T06:59:39","modified_gmt":"2025-12-09T06:59:39","slug":"kylpyhuonekalustesetti-ovella-2-pcs-musta-tammi-tekninen-puu","status":"publish","type":"product","link":"https:\/\/www.otiumhome.fi\/index.php\/tuote\/kylpyhuonekalustesetti-ovella-2-pcs-musta-tammi-tekninen-puu\/","title":{"rendered":"Kylpyhuonekalustesetti ovella 2 pcs Musta tammi Tekninen puu"},"content":{"rendered":"<p>T\u00e4m\u00e4 moderni kylpyhuonesetti yhdist\u00e4\u00e4 k\u00e4yt\u00e4nn\u00f6llisyyden ja tyylin, sopien hienosti nykyaikaisiin asuintiloihin. Sen sulava, minimalistinen muotoilu korostaa puhtaita linjoja ja tyylik\u00e4st\u00e4 ilmett\u00e4, tehden siit\u00e4 erinomaisen valinnan moderneihin kylpyhuoneisiin. Kest\u00e4v\u00e4 tekninen puu lis\u00e4\u00e4 mukavuutta ja tyylikkyytt\u00e4. Setti on monipuolinen, t\u00e4ydellinen niin pieniin kuin isoihinkin kylpyhuoneisiin, tarjoten tilaa s\u00e4\u00e4st\u00e4vi\u00e4 ratkaisuja ilman kompromisseja tyyliss\u00e4 tai toiminnallisuudessa. Huolellisesti suunnitellut elementit, kuten peilikaappi ja pesuallaskaappi, s\u00e4\u00e4st\u00e4v\u00e4t aikaa ja vaivann\u00e4k\u00f6\u00e4 p\u00e4ivitt\u00e4isiss\u00e4 rutiineissa. T\u00e4m\u00e4 setti tuo rauhoittavaa tunnelmaa moderniin kotiin, yhdist\u00e4en esteettisen nautinnon k\u00e4yt\u00e4nn\u00f6llisiin ominaisuuksiin.<\/p>\n<ul>\n<li><b>Kest\u00e4v\u00e4 puu<\/b> Valmistettu huippulaatuisesta teknisest\u00e4 puusta, t\u00e4m\u00e4 kylpyhuonesetti on pitk\u00e4ik\u00e4inen ja n\u00e4ytt\u00e4\u00e4 modernilta. Kest\u00e4v\u00e4mpi materiaali takaa, ett\u00e4 se kest\u00e4\u00e4 p\u00e4ivitt\u00e4ist\u00e4 k\u00e4ytt\u00f6\u00e4 ja s\u00e4ilytt\u00e4\u00e4 kauniin ulkon\u00e4\u00f6n.<\/li>\n<li><b>Peili- ja pesuallaskaapit<\/b> Setiss\u00e4 on t\u00e4ydellinen peilikaappi ja tilavaa pesuallaskaappi, mik\u00e4 maksimoi s\u00e4ilytystilat. Peilikaappi tarjoaa huomaamattoman paikan hygieniatarvikkeille, ja pesuallaskaappi pit\u00e4\u00e4 isommat tavarat j\u00e4rjestyksess\u00e4. Kaikki komponentit on suunniteltu toimimaan yhdess\u00e4 ilman tyylist\u00e4 tinkimist\u00e4.<\/li>\n<li><b>Modernit toiminnalliset ominaisuudet<\/b> Minimalistinen, mutta k\u00e4yt\u00e4nn\u00f6llinen muotoilu sis\u00e4lt\u00e4\u00e4 suurta peili\u00e4 ja kest\u00e4v\u00e4t ovet. Jalkojen muotoilu on nelikulmainen tai py\u00f6re\u00e4, mik\u00e4 takaa vakauden ja t\u00e4ydent\u00e4\u00e4 kaunista ulkon\u00e4k\u00f6\u00e4. Huolellinen suunnittelu sopii kaikille, jotka arvostavat tyyli\u00e4.<\/li>\n<li><b>Saumaton sein\u00e4asennus<\/b> Suunniteltu sein\u00e4kiinnitykseen, t\u00e4m\u00e4 setti s\u00e4\u00e4st\u00e4\u00e4 lattiatilaa ja pit\u00e4\u00e4 kauniin muotoilun. Sein\u00e4lle kiinnitetty systeemi varmistaa vakauksen ja mahdollisuuden s\u00e4\u00e4t\u00e4\u00e4 korkeutta tarpeiden mukaan.<\/li>\n<li><b>Helppo hoito<\/b> Setin kunnossapito on vaivatonta selkeiden ohjeiden ansiosta. Pyyhi pinnat kostealla liinalla j\u00e4\u00e4nn\u00f6ksien poistamiseksi ja s\u00e4ilytt\u00e4\u00e4ksesi sen kauniin pinnan. Helppo huolto varmistaa, ett\u00e4 t\u00e4m\u00e4 kylpyhuonesetti pysyy mukana vuosia.<\/li>\n<\/ul>\n<ul>\n<li>V\u00e4ri: Musta tammi<\/li>\n<li>Materiaali: Tekninen puu<\/li>\n<li>Viimeistely: Matta<\/li>\n<li>Yleiset mitat: 65 x 33 x 60 cm (L x S x K)<\/li>\n<li>Paino: 39,4 kg<\/li>\n<li>Runsaasti s\u00e4ilytystilaa<\/li>\n<li>Laatikolla<\/li>\n<li>Tasainen peili<\/li>\n<li>Kehysmateriaali: Ter\u00e4s<\/li>\n<li>3 ovien kanssa<\/li>\n<li>Sis\u00e4- \/ ulkotiloissa: Vain sis\u00e4k\u00e4ytt\u00f6\u00f6n<\/li>\n<li>Toimitus-:<\/li>\n<li>1 x Kylpyhuoneen pesuallaskaappi<\/li>\n<li>1 x Kylpyhuoneen peilikaappi<\/li>\n<li>Kokoonpano vaaditaan: Kyll\u00e4<\/li>\n<li>Kiinnitys sis\u00e4lsi: Katto- \/ sein\u00e4kiinnitystarvikkeet &#8211; esim m\u00e4\u00e4r\u00e4tyt ruuvit tai sein\u00e4tulpat &#8211; eiv\u00e4t mukana<\/li>\n<\/ul>\n","protected":false},"excerpt":{"rendered":"<ul>\n<li>V\u00e4ri: Musta tammi<\/li>\n<li>Materiaali: Tekninen puu<\/li>\n<li>Viimeistely: Matta<\/li>\n<li>Yleiset mitat: 65 x 33 x 60 cm (L x S x K)<\/li>\n<li>Paino: 39,4 kg<\/li>\n<li>Runsaasti s\u00e4ilytystilaa<\/li>\n<li>Laatikolla<\/li>\n<li>Tasainen peili<\/li>\n<li>Kehysmateriaali: Ter\u00e4s<\/li>\n<li>3 ovien kanssa<\/li>\n<li>Sis\u00e4- \/ ulkotiloissa: Vain sis\u00e4k\u00e4ytt\u00f6\u00f6n<\/li>\n<li>Toimitus-:<\/li>\n<li>1 x Kylpyhuoneen pesuallaskaappi<\/li>\n<li>1 x Kylpyhuoneen peilikaappi<\/li>\n<li>Kokoonpano vaaditaan: Kyll\u00e4<\/li>\n<li>Kiinnitys sis\u00e4lsi: Katto- \/ sein\u00e4kiinnitystarvikkeet &#8211; esim m\u00e4\u00e4r\u00e4tyt ruuvit tai sein\u00e4tulpat &#8211; eiv\u00e4t mukana<\/li>\n<\/ul>\n","protected":false},"featured_media":100000172527,"comment_status":"closed","ping_status":"closed","template":"","meta":[],"product_brand":[],"product_cat":[84,8560],"product_tag":[],"class_list":{"0":"post-172527","1":"product","2":"type-product","3":"status-publish","4":"has-post-thumbnail","6":"product_cat-huonekalut","7":"product_cat-kylpyhuoneen-kalusteet","9":"first","10":"instock","11":"taxable","12":"shipping-taxable","13":"purchasable","14":"product-type-simple"},"_links":{"self":[{"href":"https:\/\/www.otiumhome.fi\/index.php\/wp-json\/wp\/v2\/product\/172527","targetHints":{"allow":["GET"]}}],"collection":[{"href":"https:\/\/www.otiumhome.fi\/index.php\/wp-json\/wp\/v2\/product"}],"about":[{"href":"https:\/\/www.otiumhome.fi\/index.php\/wp-json\/wp\/v2\/types\/product"}],"replies":[{"embeddable":true,"href":"https:\/\/www.otiumhome.fi\/index.php\/wp-json\/wp\/v2\/comments?post=172527"}],"wp:featuredmedia":[{"embeddable":true,"href":"https:\/\/www.otiumhome.fi\/index.php\/wp-json\/"}],"wp:attachment":[{"href":"https:\/\/www.otiumhome.fi\/index.php\/wp-json\/wp\/v2\/media?parent=172527"}],"wp:term":[{"taxonomy":"product_brand","embeddable":true,"href":"https:\/\/www.otiumhome.fi\/index.php\/wp-json\/wp\/v2\/product_brand?post=172527"},{"taxonomy":"product_cat","embeddable":true,"href":"https:\/\/www.otiumhome.fi\/index.php\/wp-json\/wp\/v2\/product_cat?post=172527"},{"taxonomy":"product_tag","embeddable":true,"href":"https:\/\/www.otiumhome.fi\/index.php\/wp-json\/wp\/v2\/product_tag?post=172527"}],"curies":[{"name":"wp","href":"https:\/\/api.w.org\/{rel}","templated":true}]}}