{"id":172515,"date":"2025-09-10T02:21:33","date_gmt":"2025-09-10T02:21:33","guid":{"rendered":"https:\/\/www.otiumhome.fi\/?p=172515"},"modified":"2025-12-09T06:59:29","modified_gmt":"2025-12-09T06:59:29","slug":"kylpyhuonekalustesetti-hyllylla-3-pcs-sonoma-tammi-tekninen-puu","status":"publish","type":"product","link":"https:\/\/www.otiumhome.fi\/index.php\/tuote\/kylpyhuonekalustesetti-hyllylla-3-pcs-sonoma-tammi-tekninen-puu\/","title":{"rendered":"Kylpyhuonekalustesetti hyllyll\u00e4 3 pcs Sonoma tammi Tekninen puu"},"content":{"rendered":"<p>T\u00e4m\u00e4 Moderni Kylpyhuonekalustesetti on monipuolinen ja tyylik\u00e4s ratkaisu kylpyhuoneesi j\u00e4rjest\u00e4miseen. Setti pit\u00e4\u00e4 sis\u00e4ll\u00e4\u00e4n pesukaapin, matalan kaapin ja korkean kaapin, mik\u00e4 tekee siit\u00e4 sek\u00e4 kauniin ett\u00e4 k\u00e4yt\u00e4nn\u00f6llisen. Sen selke\u00e4t linjat ja minimalistinen muotoilu sopii mihin tahansa moderniin tilaan, ja se on t\u00e4ydellinen valinta kodinomistajille, jotka haluavat siistin ja j\u00e4rjest\u00e4ytyneen kylpyhuoneen.<\/p>\n<ul>\n<li><b>Materiaali:<\/b> T\u00e4m\u00e4 kylpyhuonekalustesetti on rakennettu p\u00e4\u00e4asiassa teknisest\u00e4 puusta, ja se yhdist\u00e4\u00e4 kest\u00e4vyuden ja kauneuden. Tekninen puu on kosteudenkest\u00e4v\u00e4 ja tuo modernia ilmett\u00e4 kylpyhuoneeseesi.<\/li>\n<li><b>Komponentit:<\/b> Setti koostuu pesukaapista, matalasta kaapista ja korkeasta kaapista, jotka tarjoavat runsaasti s\u00e4ilytystilaa. Tasaiset ovet piilottavat tavarat ja tekev\u00e4t kylpyhuoneesta siistimm\u00e4n n\u00e4k\u00f6isen.<\/li>\n<li><b>Ominaisuudet \/ Toiminta \/ Muotoilu:<\/b> T\u00e4m\u00e4 kalustesetti tarjoaa runsaasti tilaa osastoille ja laatikoille, ja sen moderni, yksinkertainen muotoilu on k\u00e4yt\u00e4nn\u00f6llinen. Tasaiset ovet ja tangokahvat lis\u00e4\u00e4v\u00e4t sek\u00e4 mukavuutta ett\u00f6 tyylikkyytt\u00e4.<\/li>\n<li><b>Suositellut k\u00e4ytt\u00f6tarkoitukset:<\/b> Ihanteellinen erilaisiin kylpyhuoneisiin, t\u00e4m\u00e4 setti pit\u00e4\u00e4 hygieniatavarat ja liinat j\u00e4rjestyksess\u00e4, mik\u00e4 auttaa tilan siisteydess\u00e4.<\/li>\n<li><b>Huolto &amp; Yll\u00e4pito:<\/b> Kalustesetti vaatii vain v\u00e4h\u00e4n huoltoa\u2014riitt\u00e4\u00e4, ett\u00e4 pyyhit sen kostealla liinalla. V\u00e4lt\u00e4 voimakkaita kemikaaleja, jotta kalusteet pysyv\u00e4t hyv\u00e4ss\u00e4 kunnossa.<\/li>\n<\/ul>\n<ul>\n<li>V\u00e4ri: Sonoma tammi<\/li>\n<li>Materiaali: Tekninen puu<\/li>\n<li>Yleiset mitat: 39,5 x 36 x 88 cm (P x L x K)<\/li>\n<li>Paino: 39,3 kg<\/li>\n<li>Runsaasti s\u00e4ilytystilaa<\/li>\n<li>Laatikolla<\/li>\n<li>7 hyllyill\u00e4<\/li>\n<li>Kehysmateriaali: Tekninen puu<\/li>\n<li>4 ovien kanssa<\/li>\n<li>Sis\u00e4- \/ ulkotiloissa: Vain sis\u00e4k\u00e4ytt\u00f6\u00f6n<\/li>\n<li>Kokoonpano vaaditaan: Kyll\u00e4<\/li>\n<\/ul>\n","protected":false},"excerpt":{"rendered":"<ul>\n<li>V\u00e4ri: Sonoma tammi<\/li>\n<li>Materiaali: Tekninen puu<\/li>\n<li>Yleiset mitat: 39,5 x 36 x 88 cm (P x L x K)<\/li>\n<li>Paino: 39,3 kg<\/li>\n<li>Runsaasti s\u00e4ilytystilaa<\/li>\n<li>Laatikolla<\/li>\n<li>7 hyllyill\u00e4<\/li>\n<li>Kehysmateriaali: Tekninen puu<\/li>\n<li>4 ovien kanssa<\/li>\n<li>Sis\u00e4- \/ ulkotiloissa: Vain sis\u00e4k\u00e4ytt\u00f6\u00f6n<\/li>\n<li>Kokoonpano vaaditaan: Kyll\u00e4<\/li>\n<\/ul>\n","protected":false},"featured_media":100000172515,"comment_status":"closed","ping_status":"closed","template":"","meta":[],"product_brand":[],"product_cat":[84,8560],"product_tag":[],"class_list":{"0":"post-172515","1":"product","2":"type-product","3":"status-publish","4":"has-post-thumbnail","6":"product_cat-huonekalut","7":"product_cat-kylpyhuoneen-kalusteet","9":"first","10":"instock","11":"taxable","12":"shipping-taxable","13":"purchasable","14":"product-type-simple"},"_links":{"self":[{"href":"https:\/\/www.otiumhome.fi\/index.php\/wp-json\/wp\/v2\/product\/172515","targetHints":{"allow":["GET"]}}],"collection":[{"href":"https:\/\/www.otiumhome.fi\/index.php\/wp-json\/wp\/v2\/product"}],"about":[{"href":"https:\/\/www.otiumhome.fi\/index.php\/wp-json\/wp\/v2\/types\/product"}],"replies":[{"embeddable":true,"href":"https:\/\/www.otiumhome.fi\/index.php\/wp-json\/wp\/v2\/comments?post=172515"}],"wp:featuredmedia":[{"embeddable":true,"href":"https:\/\/www.otiumhome.fi\/index.php\/wp-json\/"}],"wp:attachment":[{"href":"https:\/\/www.otiumhome.fi\/index.php\/wp-json\/wp\/v2\/media?parent=172515"}],"wp:term":[{"taxonomy":"product_brand","embeddable":true,"href":"https:\/\/www.otiumhome.fi\/index.php\/wp-json\/wp\/v2\/product_brand?post=172515"},{"taxonomy":"product_cat","embeddable":true,"href":"https:\/\/www.otiumhome.fi\/index.php\/wp-json\/wp\/v2\/product_cat?post=172515"},{"taxonomy":"product_tag","embeddable":true,"href":"https:\/\/www.otiumhome.fi\/index.php\/wp-json\/wp\/v2\/product_tag?post=172515"}],"curies":[{"name":"wp","href":"https:\/\/api.w.org\/{rel}","templated":true}]}}