{"id":172472,"date":"2025-09-10T02:14:39","date_gmt":"2025-09-10T02:14:39","guid":{"rendered":"https:\/\/www.otiumhome.fi\/?p=172472"},"modified":"2025-12-09T06:27:58","modified_gmt":"2025-12-09T06:27:58","slug":"kylpyhuonekalustesetti-hyllylla-4-pcs-kiintea-kierratetty-puu","status":"publish","type":"product","link":"https:\/\/www.otiumhome.fi\/index.php\/tuote\/kylpyhuonekalustesetti-hyllylla-4-pcs-kiintea-kierratetty-puu\/","title":{"rendered":"Kylpyhuonekalustesetti hyllyll\u00e4 4 pcs Kiinte\u00e4 kierr\u00e4tetty puu"},"content":{"rendered":"<p>N\u00e4m\u00e4 puiset kylpyhuonekalusteet yhdist\u00e4\u00e4 rustiikkinen vieh\u00e4tys ja k\u00e4yt\u00e4nn\u00f6llisyys, ja se sopii hyvin mihin tahansa moderniin kylpyhuoneeseen. Sarjaan kuuluu allaskaappi ja sein\u00e4kaapit, jotka on suunniteltu niille, jotka arvostavat esteettisyytt\u00e4 ja tilan tehokasta k\u00e4ytt\u00f6\u00e4. Mustat ja ruskeat yksityiskohdat luovat l\u00e4mpim\u00e4n tunnelman ja k\u00e4yt\u00e4nn\u00f6llisyyden, toimien sek\u00e4 moderneissa ett\u00e4 perinteisiss\u00e4 sisustustyyleiss\u00e4.<\/p>\n<ul>\n<li><b>Materiaalit:<\/b> Raskas ja tyylik\u00e4s charmia. Rustiikkinen puun tekstuuri ovissa k\u00e4y hyvin yhdess\u00e4 metallikehysten kanssa, varmistaen kest\u00e4vyyden ja kauniin ilmeen, joka on tyypillinen moderneille kylpyhuonekalusteille.<\/li>\n<li><b>Yhteensopivat komponentit:<\/b> T\u00e4m\u00e4 kattava setti sis\u00e4lt\u00e4\u00e4 allaskaapin ja kaksi sein\u00e4kaappia. N\u00e4m\u00e4 kaapit tarjoavat loistavat s\u00e4ilytysratkaisut hygieniatuotteille ja pyyhkeille, yhdist\u00e4en k\u00e4yt\u00e4nn\u00f6llisyyden ja tyylin.<\/li>\n<li><b>Ominaisuudet \/ Toiminta \/ Suunnittelu:<\/b> Huolellisesti suunniteltu maksimoinnin vuoksi, sarja edustaa sein\u00e4kiinnitett\u00e4v\u00e4\u00e4 muotoilua. T\u00e4m\u00e4 takaa enemm\u00e4n tilaa lattialla ja helpottaa puhdistamista, lis\u00e4ksi ovet antavat siistin ja yksinkertaisen ilmeen. T\u00e4llaiset ominaisuudet tukevat toimivuutta ilman, ett\u00e4 tyylist\u00e4 tingit\u00e4\u00e4n.<\/li>\n<li><b>Huolto ja yll\u00e4pito:<\/b> Huolehdit t\u00e4m\u00e4n kalustesarjan kunnossa helposti. S\u00e4\u00e4nn\u00f6llinen kuiva pyyhint\u00e4 riitt\u00e4\u00e4 pit\u00e4m\u00e4\u00e4n pinnat puhtaina, varmistaen sen kest\u00e4vyyden ja vieh\u00e4tyksen. Helppo huolto tekee t\u00e4st\u00e4 setist\u00e4 t\u00e4ydellisen kiireisiin koteihin.<\/li>\n<li><b>Suosittelemme k\u00e4ytett\u00e4v\u00e4ksi:<\/b> Suunniteltu erityisesti sis\u00e4tiloihin, t\u00e4m\u00e4 sarja sopii erityyppisiin kylpyhuoneisiin, my\u00f6s pieniin. Sen monipuolinen tyyli varmistaa, ett\u00e4 se sopeutuu erilaiseen sisustukseen, mik\u00e4 tekee siit\u00e4 loistavan valinnan koteihin ja vierashuoneisiin.<\/li>\n<\/ul>\n<ul>\n<li>V\u00e4ri: Moniv\u00e4rinen<\/li>\n<li>Materiaali: Kiinte\u00e4 kierr\u00e4tetty puu<\/li>\n<li>Yleiset mitat: 55 x 35 x 60 cm (P x L x K)<\/li>\n<li>Paino: 73,6 kg<\/li>\n<li>10 hyllyill\u00e4<\/li>\n<li>Kehysmateriaali: Metalli<\/li>\n<li>Mukana 5 tasaiset ovet<\/li>\n<li>Vain sis\u00e4k\u00e4ytt\u00f6\u00f6n<\/li>\n<li>Toimitus-:<\/li>\n<li>1 x Kylpyhuoneen pesukonetta: 55 x 35 x 60 cm (P x L x K)<\/li>\n<li>1 x Kylpyhuoneen kaappi: 40 x 35 x 90 cm (P x L x K)<\/li>\n<li>1 x Sein\u00e4asennettava kylpyhuonekaappi: 40 x 30 x 90 cm (P x L x K)<\/li>\n<li>1 x Sein\u00e4asennettava kylpyhuonehylly: 40 x 30 x 60 cm (P x L x K)<\/li>\n<li>Kokoonpano vaaditaan: Kyll\u00e4<\/li>\n<\/ul>\n","protected":false},"excerpt":{"rendered":"<ul>\n<li>V\u00e4ri: Moniv\u00e4rinen<\/li>\n<li>Materiaali: Kiinte\u00e4 kierr\u00e4tetty puu<\/li>\n<li>Yleiset mitat: 55 x 35 x 60 cm (P x L x K)<\/li>\n<li>Paino: 73,6 kg<\/li>\n<li>10 hyllyill\u00e4<\/li>\n<li>Kehysmateriaali: Metalli<\/li>\n<li>Mukana 5 tasaiset ovet<\/li>\n<li>Vain sis\u00e4k\u00e4ytt\u00f6\u00f6n<\/li>\n<li>Toimitus-:<\/li>\n<li>1 x Kylpyhuoneen pesukonetta: 55 x 35 x 60 cm (P x L x K)<\/li>\n<li>1 x Kylpyhuoneen kaappi: 40 x 35 x 90 cm (P x L x K)<\/li>\n<li>1 x Sein\u00e4asennettava kylpyhuonekaappi: 40 x 30 x 90 cm (P x L x K)<\/li>\n<li>1 x Sein\u00e4asennettava kylpyhuonehylly: 40 x 30 x 60 cm (P x L x K)<\/li>\n<li>Kokoonpano vaaditaan: Kyll\u00e4<\/li>\n<\/ul>\n","protected":false},"featured_media":100000172472,"comment_status":"closed","ping_status":"closed","template":"","meta":[],"product_brand":[],"product_cat":[84,8560],"product_tag":[],"class_list":{"0":"post-172472","1":"product","2":"type-product","3":"status-publish","4":"has-post-thumbnail","6":"product_cat-huonekalut","7":"product_cat-kylpyhuoneen-kalusteet","9":"first","10":"instock","11":"taxable","12":"shipping-taxable","13":"purchasable","14":"product-type-simple"},"_links":{"self":[{"href":"https:\/\/www.otiumhome.fi\/index.php\/wp-json\/wp\/v2\/product\/172472","targetHints":{"allow":["GET"]}}],"collection":[{"href":"https:\/\/www.otiumhome.fi\/index.php\/wp-json\/wp\/v2\/product"}],"about":[{"href":"https:\/\/www.otiumhome.fi\/index.php\/wp-json\/wp\/v2\/types\/product"}],"replies":[{"embeddable":true,"href":"https:\/\/www.otiumhome.fi\/index.php\/wp-json\/wp\/v2\/comments?post=172472"}],"wp:featuredmedia":[{"embeddable":true,"href":"https:\/\/www.otiumhome.fi\/index.php\/wp-json\/"}],"wp:attachment":[{"href":"https:\/\/www.otiumhome.fi\/index.php\/wp-json\/wp\/v2\/media?parent=172472"}],"wp:term":[{"taxonomy":"product_brand","embeddable":true,"href":"https:\/\/www.otiumhome.fi\/index.php\/wp-json\/wp\/v2\/product_brand?post=172472"},{"taxonomy":"product_cat","embeddable":true,"href":"https:\/\/www.otiumhome.fi\/index.php\/wp-json\/wp\/v2\/product_cat?post=172472"},{"taxonomy":"product_tag","embeddable":true,"href":"https:\/\/www.otiumhome.fi\/index.php\/wp-json\/wp\/v2\/product_tag?post=172472"}],"curies":[{"name":"wp","href":"https:\/\/api.w.org\/{rel}","templated":true}]}}