{"id":172348,"date":"2025-09-10T01:42:29","date_gmt":"2025-09-10T01:42:29","guid":{"rendered":"https:\/\/www.otiumhome.fi\/?p=172348"},"modified":"2026-01-05T14:42:36","modified_gmt":"2026-01-05T14:42:36","slug":"keskenerainen-tyopoyta-jossa-on-avoin-sailytys-ja-liitutaulu-roros","status":"publish","type":"product","link":"https:\/\/www.otiumhome.fi\/index.php\/tuote\/keskenerainen-tyopoyta-jossa-on-avoin-sailytys-ja-liitutaulu-roros\/","title":{"rendered":"Keskener\u00e4inen ty\u00f6p\u00f6yt\u00e4, jossa on avoin s\u00e4ilytys ja liitutaulu ROROS"},"content":{"rendered":"<p>T\u00e4m\u00e4 moderni liitutaulup\u00f6yt\u00e4 on t\u00e4ydellinen opiskelu- tai toimistotilaan, miss\u00e4 hy\u00f6dyllisyys kohtaa tyylin. Ainutlaatuinen liitutaulupinta on loistava paikka luovuudelle: voit kirjoittaa, piirt\u00e4\u00e4 ja ideoida suoraan p\u00f6yd\u00e4lle. Sen siistit linjat ja yksinkertainen muotoilu luovat nykyaikaisen ilmeen, joka sopii minimalistisiin ymp\u00e4rist\u00f6ihin. Olitpa opiskelija tai ammattilainen, t\u00e4m\u00e4 suorakaiteen muotoinen p\u00f6yt\u00e4 tekee ty\u00f6skentelyst\u00e4 miellytt\u00e4v\u00e4\u00e4. Mitat 120 x 45 x 118,5 cm takaavat, ett\u00e4 se mahtuu mukavasti erilaisiin tiloihin. Kest\u00e4v\u00e4 puurakenne on luotettava valinta p\u00e4ivitt\u00e4iseen k\u00e4ytt\u00f6\u00f6n.<\/p>\n<ul>\n<li><b>Materiaali:<\/b> T\u00e4m\u00e4 p\u00f6yt\u00e4 on tehty korkealaatuisesta teknisest\u00e4 puusta, mik\u00e4 takaa kest\u00e4v\u00e4n ja helppohoitoisen pinnan. Materiaali on valittu sen keston vuoksi, mik\u00e4 takaa pitk\u00e4n k\u00e4ytt\u00f6i\u00e4n.<\/li>\n<li><b>Komponentit:<\/b> Varustettuna levyhyllyill\u00e4, t\u00e4m\u00e4 p\u00f6yt\u00e4 tarjoaa runsaasti s\u00e4ilytystilaa kaikille toimistotarvikkeille. Hyllyt tekev\u00e4t tilan j\u00e4rjest\u00e4misest\u00e4 vaivatonta ja pit\u00e4v\u00e4t sen siistin\u00e4.<\/li>\n<li><b>Ominaisuudet \/ toiminnot \/ muotoilu:<\/b> Liitutaulupinta mahdollistaa muistiinpanot, luonnokset ja laskelmat suoraan p\u00f6yd\u00e4lle. Neli\u00f6jalat tarjoavat vakautta ja tukea koko p\u00f6yd\u00e4n toiminnalle.<\/li>\n<li><b>Suositellut k\u00e4ytt\u00f6tavat:<\/b> Ihanteellinen kotiin, opiskelunurkkaukseen tai luovasti sisustettuun tilaan, t\u00e4m\u00e4 p\u00f6yt\u00e4 r\u00e4\u00e4t\u00e4l\u00f6i tarpeet opiskelijoille, ammattilaisille ja taiteilijoille. Se on monipuolinen riippuen k\u00e4ytt\u00f6tarkoituksesta, mukaan lukien luovat aktiviteetit.<\/li>\n<li><b>Hoito ja yll\u00e4pito:<\/b> Pyyhi vain kuivalla liinalla p\u00f6lyn tai liidun j\u00e4lkien poistamiseksi. Helppo puhdistus varmistaa, ett\u00e4 p\u00f6yt\u00e4 pysyy kuten uutena v\u00e4h\u00e4ll\u00e4 vaivalla, ja se luo tilan, joka on aina valmis k\u00e4ytett\u00e4v\u00e4ksi.<\/li>\n<\/ul>\n<ul>\n<li>V\u00e4ri: Valkoinen<\/li>\n<li>Materiaali: Tekninen puu<\/li>\n<li>Yleiset mitat: 120 x 45 x 118,5 cm (P x L x K)<\/li>\n<li>Paino: 24,8 kg<\/li>\n<li>Runsaasti s\u00e4ilytystilaa<\/li>\n<li>Kest\u00e4v\u00e4<\/li>\n<li>Mukana 3 levyhyllyt<\/li>\n<li>Kehysmateriaali: Tekninen puu<\/li>\n<li>Vain sis\u00e4k\u00e4ytt\u00f6\u00f6n<\/li>\n<li>Toimitus-:<\/li>\n<li>1 x Liitutaulup\u00f6yt\u00e4<\/li>\n<li>Kokoonpano vaaditaan: Kyll\u00e4<\/li>\n<li>Alueen nimi: Roros<\/li>\n<\/ul>\n","protected":false},"excerpt":{"rendered":"<ul>\n<li>V\u00e4ri: Valkoinen<\/li>\n<li>Materiaali: Tekninen puu<\/li>\n<li>Yleiset mitat: 120 x 45 x 118,5 cm (P x L x K)<\/li>\n<li>Paino: 24,8 kg<\/li>\n<li>Runsaasti s\u00e4ilytystilaa<\/li>\n<li>Kest\u00e4v\u00e4<\/li>\n<li>Mukana 3 levyhyllyt<\/li>\n<li>Kehysmateriaali: Tekninen puu<\/li>\n<li>Vain sis\u00e4k\u00e4ytt\u00f6\u00f6n<\/li>\n<li>Toimitus-:<\/li>\n<li>1 x Liitutaulup\u00f6yt\u00e4<\/li>\n<li>Kokoonpano vaaditaan: Kyll\u00e4<\/li>\n<li>Alueen nimi: Roros<\/li>\n<\/ul>\n","protected":false},"featured_media":100000172348,"comment_status":"closed","ping_status":"closed","template":"","meta":[],"product_brand":[],"product_cat":[84,8551],"product_tag":[],"class_list":{"0":"post-172348","1":"product","2":"type-product","3":"status-publish","4":"has-post-thumbnail","6":"product_cat-huonekalut","7":"product_cat-kirjoituspoydat","9":"first","10":"instock","11":"taxable","12":"shipping-taxable","13":"purchasable","14":"product-type-simple"},"_links":{"self":[{"href":"https:\/\/www.otiumhome.fi\/index.php\/wp-json\/wp\/v2\/product\/172348","targetHints":{"allow":["GET"]}}],"collection":[{"href":"https:\/\/www.otiumhome.fi\/index.php\/wp-json\/wp\/v2\/product"}],"about":[{"href":"https:\/\/www.otiumhome.fi\/index.php\/wp-json\/wp\/v2\/types\/product"}],"replies":[{"embeddable":true,"href":"https:\/\/www.otiumhome.fi\/index.php\/wp-json\/wp\/v2\/comments?post=172348"}],"wp:featuredmedia":[{"embeddable":true,"href":"https:\/\/www.otiumhome.fi\/index.php\/wp-json\/"}],"wp:attachment":[{"href":"https:\/\/www.otiumhome.fi\/index.php\/wp-json\/wp\/v2\/media?parent=172348"}],"wp:term":[{"taxonomy":"product_brand","embeddable":true,"href":"https:\/\/www.otiumhome.fi\/index.php\/wp-json\/wp\/v2\/product_brand?post=172348"},{"taxonomy":"product_cat","embeddable":true,"href":"https:\/\/www.otiumhome.fi\/index.php\/wp-json\/wp\/v2\/product_cat?post=172348"},{"taxonomy":"product_tag","embeddable":true,"href":"https:\/\/www.otiumhome.fi\/index.php\/wp-json\/wp\/v2\/product_tag?post=172348"}],"curies":[{"name":"wp","href":"https:\/\/api.w.org\/{rel}","templated":true}]}}